{"id":10765,"date":"2025-10-24T06:49:06","date_gmt":"2025-10-24T06:49:06","guid":{"rendered":"https:\/\/kingprint.mx\/plataforma\/?page_id=10765"},"modified":"2025-10-24T06:49:06","modified_gmt":"2025-10-24T06:49:06","slug":"reposiciones-y-cancelaciones-de-cajas","status":"publish","type":"page","link":"https:\/\/kingprint.mx\/plataforma\/reposiciones-y-cancelaciones-de-cajas\/","title":{"rendered":"Reposiciones y cancelaciones de cajas"},"content":{"rendered":"<p><b>REPOSICIONES:<\/b><\/p>\n<p>-Solo se realizan\u00a0 y se notifican al momento de la entrega, ninguna reposici\u00f3n se realizar\u00e1 por tel\u00e9fono o en oficina y tampoco se puede realizar el reembolso total o parcial, para proceder es necesario enviar un correo a\u00a0<strong>contacto@kingbox.mx<\/strong>\u00a0y entregar el material a reponer completo , si usted conserva el material completo y\/o\u00a0<strong>se notifica despu\u00e9s de ese momento NO es posible aplicar la reposici\u00f3n.<\/strong><\/p>\n<p>-Una vez que lo recibamos y comprobemos el estado de los materiales, procederemos a reembolsarle el importe de los art\u00edculos devueltos como saldo a favor o mediante un vale descuento si as\u00ed lo solicita.<\/p>\n<div class=\"right_col\">\n<p><em>-Tenga en cuenta: Los gastos de transporte de la devoluci\u00f3n correr\u00e1n siempre por parte del cliente. No admitiremos devoluciones enviadas contra reembolso.<br \/>\n<\/em><\/p>\n<p>-No se admitir\u00e1n reposiciones que\u00a0<strong>no est\u00e9n tramitadas a trav\u00e9s del correo.<\/strong><\/p>\n<p>-En ning\u00fan caso se devolver\u00e1 el importe abonado por el env\u00edo de su pedido, en caso de haberle sido cobrado.<\/p>\n<p>-En ning\u00fan caso se podr\u00e1 hacer devoluci\u00f3n total o parcial de un\u00a0<strong>producto personalizado.<\/strong><\/p>\n<p>-Si devuelve parte de las unidades\u00a0<strong>por defecto<\/strong>\u00a0de un mismo pedido se calcular\u00e1 teniendo en cuenta el precio de las unidades afectadas, no de las unidades totales de un pedido.<\/p>\n<p>-Tenga en cuenta que el\u00a0<b>reembolso por reposici\u00f3n como saldo a favor o en vale descuento\u00a0<\/b>se realizar\u00e1 inmediatamente al recibir la mercanc\u00eda y puede tardar hasta 14 d\u00edas en realizarse.<\/p>\n<\/div>\n<p>-Su correo ser\u00e1 tomado en cuenta para enviar futuras promociones, en caso de no estar interesado en recibirlas indicarlo o darse de baja.<\/p>\n<p><strong>Puede proceder la reposici\u00f3n de cualquier art\u00edculo por motivos de Errores dentro de los siguientes 10 d\u00edas de su compra para reembolso o nota de cr\u00e9dito, excepto:<\/strong><\/p>\n<p><em>-Debido a que nuestros materiales impresos son producidos en grandes cantidades pueden existir algunos rebases y algunas unidades pueden no embonar perfectamente (barrido), existir alg\u00fan tipo de variaci\u00f3n de color o manchas en las plastas por lo tanto estos no se consideran como defectos ya que es un proceso natural del OFFSET y se env\u00edan excedentes de entre 5 y 10 unidades por paquete.<\/em><\/p>\n<p><em>-Si por error se deposita a la cuenta NO es posible realizar el reembolso, su dep\u00f3sito o trasferencia se toma como saldo a favor y dispone de 10 d\u00edas naturales para utilizarlo.<\/em><\/p>\n<p><em>-La fecha de finalizaci\u00f3n de producci\u00f3n se indica una vez que usted ha autorizado y liquidado su dise\u00f1o, nos es imposible indicar con un d\u00eda y hora de entrega en espec\u00edfico por los cierres de planilla y horarios de autorizaci\u00f3n de su pedido.<\/em><\/p>\n<p><strong>CANCELACI\u00d3N:<\/strong><br \/>\n-Toda cancelaci\u00f3n antes de la autorizaci\u00f3n o facturaci\u00f3n causar\u00e1 el 60% sobre el valor total en el mes en curso y este es depositado al ultimo d\u00eda del mes en curso (corte).<\/p>\n<p>-Todos los reembolsos se realizan el 1er d\u00eda h\u00e1bil de cada mes sin excepci\u00f3n (corte).<\/p>\n<p>-Si su pedido ya fue facturado o producido su pedido no podr\u00e1 reembolsarse o cancelarse.<\/p>\n<p>-Ninguna fecha de entrega se garantiza, ya que en ocasiones se requiere de cierres de producci\u00f3n; el d\u00eda de entrega pude variar lo cual no es motivo de reposici\u00f3n, reembolso o cancelaci\u00f3n.<\/p>\n","protected":false},"excerpt":{"rendered":"<p>REPOSICIONES: -Solo se realizan\u00a0 y se notifican al momento de la entrega, ninguna reposici\u00f3n se realizar\u00e1 por tel\u00e9fono o en oficina y tampoco se puede realizar<span class=\"excerpt-hellip\"> [\u2026]<\/span><\/p>\n","protected":false},"author":1,"featured_media":-1,"parent":0,"menu_order":0,"comment_status":"closed","ping_status":"closed","template":"","meta":{"_joinchat":[],"footnotes":""},"class_list":["post-10765","page","type-page","status-publish","has-post-thumbnail","hentry"],"yoast_head":"<!-- This site is optimized with the Yoast SEO plugin v27.0 - https:\/\/yoast.com\/product\/yoast-seo-wordpress\/ -->\n<title>Reposiciones y cancelaciones de cajas - KingPrint<\/title>\n<meta name=\"description\" content=\"Gestiona f\u00e1cilmente las reposiciones y cancelaciones de cajas con nuestro servicio. Optimiza tus procesos de inventario, mejora la eficiencia\" \/>\n<meta name=\"robots\" content=\"index, follow, max-snippet:-1, max-image-preview:large, max-video-preview:-1\" \/>\n<link rel=\"canonical\" href=\"https:\/\/kingprint.mx\/plataforma\/reposiciones-y-cancelaciones-de-cajas\/\" \/>\n<meta property=\"og:locale\" content=\"es_ES\" \/>\n<meta property=\"og:type\" content=\"article\" \/>\n<meta property=\"og:title\" content=\"Reposiciones de cajas\" \/>\n<meta property=\"og:description\" content=\"Gestiona f\u00e1cilmente las reposiciones y cancelaciones de cajas con nuestro servicio. Optimiza tus procesos de inventario, mejora la eficiencia\" \/>\n<meta property=\"og:url\" content=\"https:\/\/kingprint.mx\/plataforma\/reposiciones-y-cancelaciones-de-cajas\/\" \/>\n<meta property=\"og:site_name\" content=\"KingPrint\" \/>\n<meta property=\"article:publisher\" content=\"https:\/\/www.facebook.com\/thekingprint\" \/>\n<meta name=\"twitter:card\" content=\"summary_large_image\" \/>\n<meta name=\"twitter:title\" content=\"Reposiciones de cajas\" \/>\n<meta name=\"twitter:description\" content=\"Gestiona f\u00e1cilmente las reposiciones y cancelaciones de cajas con nuestro servicio. Optimiza tus procesos de inventario, mejora la eficiencia\" \/>\n<meta name=\"twitter:site\" content=\"@KingPrintMex\" \/>\n<meta name=\"twitter:label1\" content=\"Tiempo de lectura\" \/>\n\t<meta name=\"twitter:data1\" content=\"3 minutos\" \/>\n<script type=\"application\/ld+json\" class=\"yoast-schema-graph\">{\"@context\":\"https:\/\/schema.org\",\"@graph\":[{\"@type\":\"WebPage\",\"@id\":\"https:\/\/kingprint.mx\/plataforma\/reposiciones-y-cancelaciones-de-cajas\/\",\"url\":\"https:\/\/kingprint.mx\/plataforma\/reposiciones-y-cancelaciones-de-cajas\/\",\"name\":\"Reposiciones y cancelaciones de cajas - KingPrint\",\"isPartOf\":{\"@id\":\"https:\/\/kingprint.mx\/plataforma\/#website\"},\"datePublished\":\"2025-10-24T06:49:06+00:00\",\"description\":\"Gestiona f\u00e1cilmente las reposiciones y cancelaciones de cajas con nuestro servicio. Optimiza tus procesos de inventario, mejora la eficiencia\",\"breadcrumb\":{\"@id\":\"https:\/\/kingprint.mx\/plataforma\/reposiciones-y-cancelaciones-de-cajas\/#breadcrumb\"},\"inLanguage\":\"es\",\"potentialAction\":[{\"@type\":\"ReadAction\",\"target\":[\"https:\/\/kingprint.mx\/plataforma\/reposiciones-y-cancelaciones-de-cajas\/\"]}]},{\"@type\":\"BreadcrumbList\",\"@id\":\"https:\/\/kingprint.mx\/plataforma\/reposiciones-y-cancelaciones-de-cajas\/#breadcrumb\",\"itemListElement\":[{\"@type\":\"ListItem\",\"position\":1,\"name\":\"Portada\",\"item\":\"https:\/\/kingprint.mx\/plataforma\/\"},{\"@type\":\"ListItem\",\"position\":2,\"name\":\"Reposiciones y cancelaciones de cajas\"}]},{\"@type\":\"WebSite\",\"@id\":\"https:\/\/kingprint.mx\/plataforma\/#website\",\"url\":\"https:\/\/kingprint.mx\/plataforma\/\",\"name\":\"KingPrint\",\"description\":\"Especialistas en: Cajas, Empaques, Stickers, Vinil, Serigraf\u00eda, Offset, Textiles y M\u00e1s.\",\"publisher\":{\"@id\":\"https:\/\/kingprint.mx\/plataforma\/#organization\"},\"potentialAction\":[{\"@type\":\"SearchAction\",\"target\":{\"@type\":\"EntryPoint\",\"urlTemplate\":\"https:\/\/kingprint.mx\/plataforma\/?s={search_term_string}\"},\"query-input\":{\"@type\":\"PropertyValueSpecification\",\"valueRequired\":true,\"valueName\":\"search_term_string\"}}],\"inLanguage\":\"es\"},{\"@type\":\"Organization\",\"@id\":\"https:\/\/kingprint.mx\/plataforma\/#organization\",\"name\":\"KingPrint\",\"url\":\"https:\/\/kingprint.mx\/plataforma\/\",\"logo\":{\"@type\":\"ImageObject\",\"inLanguage\":\"es\",\"@id\":\"https:\/\/kingprint.mx\/plataforma\/#\/schema\/logo\/image\/\",\"url\":\"https:\/\/kingprint.mx\/plataforma\/wp-content\/uploads\/2019\/11\/logomaps.png\",\"contentUrl\":\"https:\/\/kingprint.mx\/plataforma\/wp-content\/uploads\/2019\/11\/logomaps.png\",\"width\":315,\"height\":315,\"caption\":\"KingPrint\"},\"image\":{\"@id\":\"https:\/\/kingprint.mx\/plataforma\/#\/schema\/logo\/image\/\"},\"sameAs\":[\"https:\/\/www.facebook.com\/thekingprint\",\"https:\/\/x.com\/KingPrintMex\",\"https:\/\/www.instagram.com\/kingprintmx\/\",\"https:\/\/www.pinterest.com.mx\/kingprintmx\/\",\"https:\/\/www.youtube.com\/channel\/UCFXL84sx-XMcb2te5YV7dKQ\"]}]}<\/script>\n<!-- \/ Yoast SEO plugin. -->","yoast_head_json":{"title":"Reposiciones y cancelaciones de cajas - KingPrint","description":"Gestiona f\u00e1cilmente las reposiciones y cancelaciones de cajas con nuestro servicio. Optimiza tus procesos de inventario, mejora la eficiencia","robots":{"index":"index","follow":"follow","max-snippet":"max-snippet:-1","max-image-preview":"max-image-preview:large","max-video-preview":"max-video-preview:-1"},"canonical":"https:\/\/kingprint.mx\/plataforma\/reposiciones-y-cancelaciones-de-cajas\/","og_locale":"es_ES","og_type":"article","og_title":"Reposiciones de cajas","og_description":"Gestiona f\u00e1cilmente las reposiciones y cancelaciones de cajas con nuestro servicio. Optimiza tus procesos de inventario, mejora la eficiencia","og_url":"https:\/\/kingprint.mx\/plataforma\/reposiciones-y-cancelaciones-de-cajas\/","og_site_name":"KingPrint","article_publisher":"https:\/\/www.facebook.com\/thekingprint","twitter_card":"summary_large_image","twitter_title":"Reposiciones de cajas","twitter_description":"Gestiona f\u00e1cilmente las reposiciones y cancelaciones de cajas con nuestro servicio. Optimiza tus procesos de inventario, mejora la eficiencia","twitter_site":"@KingPrintMex","twitter_misc":{"Tiempo de lectura":"3 minutos"},"schema":{"@context":"https:\/\/schema.org","@graph":[{"@type":"WebPage","@id":"https:\/\/kingprint.mx\/plataforma\/reposiciones-y-cancelaciones-de-cajas\/","url":"https:\/\/kingprint.mx\/plataforma\/reposiciones-y-cancelaciones-de-cajas\/","name":"Reposiciones y cancelaciones de cajas - KingPrint","isPartOf":{"@id":"https:\/\/kingprint.mx\/plataforma\/#website"},"datePublished":"2025-10-24T06:49:06+00:00","description":"Gestiona f\u00e1cilmente las reposiciones y cancelaciones de cajas con nuestro servicio. Optimiza tus procesos de inventario, mejora la eficiencia","breadcrumb":{"@id":"https:\/\/kingprint.mx\/plataforma\/reposiciones-y-cancelaciones-de-cajas\/#breadcrumb"},"inLanguage":"es","potentialAction":[{"@type":"ReadAction","target":["https:\/\/kingprint.mx\/plataforma\/reposiciones-y-cancelaciones-de-cajas\/"]}]},{"@type":"BreadcrumbList","@id":"https:\/\/kingprint.mx\/plataforma\/reposiciones-y-cancelaciones-de-cajas\/#breadcrumb","itemListElement":[{"@type":"ListItem","position":1,"name":"Portada","item":"https:\/\/kingprint.mx\/plataforma\/"},{"@type":"ListItem","position":2,"name":"Reposiciones y cancelaciones de cajas"}]},{"@type":"WebSite","@id":"https:\/\/kingprint.mx\/plataforma\/#website","url":"https:\/\/kingprint.mx\/plataforma\/","name":"KingPrint","description":"Especialistas en: Cajas, Empaques, Stickers, Vinil, Serigraf\u00eda, Offset, Textiles y M\u00e1s.","publisher":{"@id":"https:\/\/kingprint.mx\/plataforma\/#organization"},"potentialAction":[{"@type":"SearchAction","target":{"@type":"EntryPoint","urlTemplate":"https:\/\/kingprint.mx\/plataforma\/?s={search_term_string}"},"query-input":{"@type":"PropertyValueSpecification","valueRequired":true,"valueName":"search_term_string"}}],"inLanguage":"es"},{"@type":"Organization","@id":"https:\/\/kingprint.mx\/plataforma\/#organization","name":"KingPrint","url":"https:\/\/kingprint.mx\/plataforma\/","logo":{"@type":"ImageObject","inLanguage":"es","@id":"https:\/\/kingprint.mx\/plataforma\/#\/schema\/logo\/image\/","url":"https:\/\/kingprint.mx\/plataforma\/wp-content\/uploads\/2019\/11\/logomaps.png","contentUrl":"https:\/\/kingprint.mx\/plataforma\/wp-content\/uploads\/2019\/11\/logomaps.png","width":315,"height":315,"caption":"KingPrint"},"image":{"@id":"https:\/\/kingprint.mx\/plataforma\/#\/schema\/logo\/image\/"},"sameAs":["https:\/\/www.facebook.com\/thekingprint","https:\/\/x.com\/KingPrintMex","https:\/\/www.instagram.com\/kingprintmx\/","https:\/\/www.pinterest.com.mx\/kingprintmx\/","https:\/\/www.youtube.com\/channel\/UCFXL84sx-XMcb2te5YV7dKQ"]}]}},"_links":{"self":[{"href":"https:\/\/kingprint.mx\/plataforma\/wp-json\/wp\/v2\/pages\/10765","targetHints":{"allow":["GET"]}}],"collection":[{"href":"https:\/\/kingprint.mx\/plataforma\/wp-json\/wp\/v2\/pages"}],"about":[{"href":"https:\/\/kingprint.mx\/plataforma\/wp-json\/wp\/v2\/types\/page"}],"author":[{"embeddable":true,"href":"https:\/\/kingprint.mx\/plataforma\/wp-json\/wp\/v2\/users\/1"}],"replies":[{"embeddable":true,"href":"https:\/\/kingprint.mx\/plataforma\/wp-json\/wp\/v2\/comments?post=10765"}],"version-history":[{"count":1,"href":"https:\/\/kingprint.mx\/plataforma\/wp-json\/wp\/v2\/pages\/10765\/revisions"}],"predecessor-version":[{"id":10766,"href":"https:\/\/kingprint.mx\/plataforma\/wp-json\/wp\/v2\/pages\/10765\/revisions\/10766"}],"wp:featuredmedia":[{"embeddable":true,"href":"https:\/\/kingprint.mx\/plataforma\/wp-json\/"}],"wp:attachment":[{"href":"https:\/\/kingprint.mx\/plataforma\/wp-json\/wp\/v2\/media?parent=10765"}],"curies":[{"name":"wp","href":"https:\/\/api.w.org\/{rel}","templated":true}]}}