{"id":3817,"date":"2017-08-08T21:43:48","date_gmt":"2017-08-08T21:43:48","guid":{"rendered":"https:\/\/kingprint.mx\/plataforma\/?page_id=3817"},"modified":"2019-11-14T23:33:32","modified_gmt":"2019-11-14T23:33:32","slug":"proteccion-de-marcas","status":"publish","type":"page","link":"https:\/\/kingprint.mx\/plataforma\/proteccion-de-marcas\/","title":{"rendered":"Protecci\u00f3n de Marcas"},"content":{"rendered":"<h1>Protecci\u00f3n de Marcas<\/h1>\n<p>Si tu logotipo actualmente no cuenta con el registro de marca, te hacemos esta invitaci\u00f3n, la cual tiene el prop\u00f3sito de que tu logotipo y\/o marca puedan quedar registrados; Al obtener el registro de una marca y mediante el uso de las leyendas \u201cMarca Registrada,\u201d las siglas \u201cM.R.\u201d o el s\u00edmbolo \u00ae , da a conocer su titularidad y obstaculiza asimismo, los esfuerzos de los competidores desleales, como los falsificadores ya sean personas f\u00edsicas, morales u organizaciones, por utilizar signos distintivos similares para designar productos o servicios inferiores o distintos.<\/p>\n<p>De igual forma, el registro de una marca otorga a su titular la posibilidad de otorgar licencias, otorgar franquicias de sus productos o servicios, obtener jugosas regal\u00edas, ceder los derechos de la marca, incrementar los activos de la empresa, proteger su dominio en internet.<\/p>\n<p>Esto y mucho m\u00e1s puede ser posible si se realiza con nosotros el registro, ya que informamos que <strong>el 80% de los tr\u00e1mites de registro<\/strong>, iniciados por gestores o gente inexperta, son negados o abandonados debido a que por ignorancia o inexperiencia, no se da una correcta y oportuna contestaci\u00f3n legal a una cita de anterioridades o un impedimento legal, es por eso que KingPrint decidi\u00f3 optimizar y asesorar este tr\u00e1mite como un servicio a la mayor\u00eda de sus clientes importantes.<\/p>\n<p>Si te interesa podemos enviarte un documento en PDF en el cual explica m\u00e1s a detalle el proceso de registro de la marca o logotipo as\u00ed como la cotizaci\u00f3n simplificada, misma que desglosamos en este correo:<\/p>\n<p><strong><em>\u00a0NO incluye los pagos al gobierno, a la secretaria de econom\u00eda ni al instituto mexicano de la propiedad industrial<\/em><\/strong><\/p>\n<p><strong>\u00bfPor qu\u00e9 el pago de los servicios no incluye los gastos generados para el registro ante las oficinas e instituciones regulatorias?<\/strong><\/p>\n<p>Sucede que <strong>la mayor\u00eda de las empresas que gestionan los registros cobran cantidades descomunales que oscilan entre $8,500 Pesos y 11 mil pesos o incluso m\u00e1s<\/strong>, esto es porque argumentan falsamente pago de tr\u00e1mites y pagos inexistentes que inventan para obtener una mayor ganancia.<\/p>\n<p>A diferencia de nosotros White Levels, solo cobramos lo que es justo, es decir el pago de los tr\u00e1mites y registros es transparente, de esta manera se pueden ver exactamente los pagos realizados a las instituciones regulatorias y nosotros cobramos solo por el servicio, regulaci\u00f3n y asesor\u00eda para realizar estos tr\u00e1mites, de esta manera los costos se reducen mucho y los pagos que se tienen que realizar a las instituciones quedan de forma transparente.<\/p>\n<p><strong>\u00bfCu\u00e1nto tiempo tarda el registro?<\/strong><\/p>\n<p>En M\u00e9xico, el tr\u00e1mite tiene una duraci\u00f3n aproximada de entre 6 y 9 meses, siempre y cuando las autoridades respectivas no hagan observaciones a la solicitud de marca, pero desde que el tr\u00e1mite comienza su logotipo o marca est\u00e1n protegidos.<\/p>\n<p><strong>\u00bfQu\u00e9 necesito para solicitar el registro?<\/strong><\/p>\n<p>Inicialmente es muy sencillo, solo es ponerse en contacto con nosotros y te indicaremos los requisitos que se tengan que presentar conforme se avance en los tramites, inicialmente la Fecha exacta en que comenz\u00f3 a usarse la marca (mes, d\u00eda y a\u00f1o). Y el archivo del logotipo original, En caso de no haber sido usada o desear que la marca se tome como nueva aunque tenga tiempo de creaci\u00f3n, se puede hacer.<\/p>\n<h3><strong>\u00bfTe interesa? Haz Click Aqu\u00ed:\u00a0<\/strong><\/h3>\n<p><strong><a class=\"button  button_size_2\" href=\"https:\/\/kingprint.mx\/plataforma\/producto\/servicio-de-registro-de-marca\/\"     target=\"_blank\"    title=\"\"><span class=\"button_label\">CONTRATAR REGISTRO DE MARCA<\/span><\/a>\n<\/strong><\/p>\n<p><em><strong>KingPrint.mx es una marca registrada, as\u00ed como otros avisos comerciales, contenidos, im\u00e1genes y textos, que se encuentran protegidos por la ley en sus diferentes \u00e1mbitos. Queda prohibida la reproducci\u00f3n total o parcial de cualquier parte de esta obra sin la autorizaci\u00f3n previa, expresa y por escrito de su titular.<\/strong><\/em><\/p>\n<p><em><strong>Queda prohibida la reproducci\u00f3n, uso, o menci\u00f3n no autorizada de nuestras marcas comerciales registradas bajo cualquier medio, condici\u00f3n o circunstancia, salvo con consentimiento expreso por escrito del titular.<\/strong><\/em><\/p>\n<p>&nbsp;<\/p>\n<p>&nbsp;<\/p>\n","protected":false},"excerpt":{"rendered":"<p>Protecci\u00f3n de Marcas Si tu logotipo actualmente no cuenta con el registro de marca, te hacemos esta invitaci\u00f3n, la cual tiene el prop\u00f3sito de que tu<span class=\"excerpt-hellip\"> [\u2026]<\/span><\/p>\n","protected":false},"author":3,"featured_media":0,"parent":0,"menu_order":0,"comment_status":"closed","ping_status":"closed","template":"","meta":{"_joinchat":[],"footnotes":""},"class_list":["post-3817","page","type-page","status-publish","hentry"],"yoast_head":"<!-- This site is optimized with the Yoast SEO plugin v27.0 - https:\/\/yoast.com\/product\/yoast-seo-wordpress\/ -->\n<title>Protecci\u00f3n de Marcas - KingPrint<\/title>\n<meta name=\"description\" content=\"Si tu logotipo actualmente no cuenta con el registro de marca, te hacemos la invitaci\u00f3n, la cual tiene el prop\u00f3sito de pueda quedar registrado.\" \/>\n<meta name=\"robots\" content=\"index, follow, max-snippet:-1, max-image-preview:large, max-video-preview:-1\" \/>\n<link rel=\"canonical\" href=\"https:\/\/kingprint.mx\/plataforma\/proteccion-de-marcas\/\" \/>\n<meta property=\"og:locale\" content=\"es_ES\" \/>\n<meta property=\"og:type\" content=\"article\" \/>\n<meta property=\"og:title\" content=\"Protecci\u00f3n de Marcas\" \/>\n<meta property=\"og:description\" content=\"Si tu logotipo actualmente no cuenta con el registro de marca, te hacemos la invitaci\u00f3n, la cual tiene el prop\u00f3sito de pueda quedar registrado.\" \/>\n<meta property=\"og:url\" content=\"https:\/\/kingprint.mx\/plataforma\/proteccion-de-marcas\/\" \/>\n<meta property=\"og:site_name\" content=\"KingPrint\" \/>\n<meta property=\"article:publisher\" content=\"https:\/\/www.facebook.com\/thekingprint\" \/>\n<meta property=\"article:modified_time\" content=\"2019-11-14T23:33:32+00:00\" \/>\n<meta property=\"og:image\" content=\"https:\/\/kingprint.mx\/plataforma\/wp-content\/uploads\/2019\/11\/logomaps.png\" \/>\n\t<meta property=\"og:image:width\" content=\"315\" \/>\n\t<meta property=\"og:image:height\" content=\"315\" \/>\n\t<meta property=\"og:image:type\" content=\"image\/png\" \/>\n<meta name=\"twitter:card\" content=\"summary_large_image\" \/>\n<meta name=\"twitter:title\" content=\"Protecci\u00f3n de Marcas\" \/>\n<meta name=\"twitter:description\" content=\"Si tu logotipo actualmente no cuenta con el registro de marca, te hacemos la invitaci\u00f3n, la cual tiene el prop\u00f3sito de pueda quedar registrado.\" \/>\n<meta name=\"twitter:image\" content=\"https:\/\/kingprint.mx\/plataforma\/wp-content\/uploads\/2019\/11\/logomaps.png\" \/>\n<meta name=\"twitter:site\" content=\"@KingPrintMex\" \/>\n<meta name=\"twitter:label1\" content=\"Tiempo de lectura\" \/>\n\t<meta name=\"twitter:data1\" content=\"3 minutos\" \/>\n<script type=\"application\/ld+json\" class=\"yoast-schema-graph\">{\"@context\":\"https:\/\/schema.org\",\"@graph\":[{\"@type\":\"WebPage\",\"@id\":\"https:\/\/kingprint.mx\/plataforma\/proteccion-de-marcas\/\",\"url\":\"https:\/\/kingprint.mx\/plataforma\/proteccion-de-marcas\/\",\"name\":\"Protecci\u00f3n de Marcas - KingPrint\",\"isPartOf\":{\"@id\":\"https:\/\/kingprint.mx\/plataforma\/#website\"},\"datePublished\":\"2017-08-08T21:43:48+00:00\",\"dateModified\":\"2019-11-14T23:33:32+00:00\",\"description\":\"Si tu logotipo actualmente no cuenta con el registro de marca, te hacemos la invitaci\u00f3n, la cual tiene el prop\u00f3sito de pueda quedar registrado.\",\"breadcrumb\":{\"@id\":\"https:\/\/kingprint.mx\/plataforma\/proteccion-de-marcas\/#breadcrumb\"},\"inLanguage\":\"es\",\"potentialAction\":[{\"@type\":\"ReadAction\",\"target\":[\"https:\/\/kingprint.mx\/plataforma\/proteccion-de-marcas\/\"]}]},{\"@type\":\"BreadcrumbList\",\"@id\":\"https:\/\/kingprint.mx\/plataforma\/proteccion-de-marcas\/#breadcrumb\",\"itemListElement\":[{\"@type\":\"ListItem\",\"position\":1,\"name\":\"Portada\",\"item\":\"https:\/\/kingprint.mx\/plataforma\/\"},{\"@type\":\"ListItem\",\"position\":2,\"name\":\"Protecci\u00f3n de Marcas\"}]},{\"@type\":\"WebSite\",\"@id\":\"https:\/\/kingprint.mx\/plataforma\/#website\",\"url\":\"https:\/\/kingprint.mx\/plataforma\/\",\"name\":\"KingPrint\",\"description\":\"Especialistas en: Cajas, Empaques, Stickers, Vinil, Serigraf\u00eda, Offset, Textiles y M\u00e1s.\",\"publisher\":{\"@id\":\"https:\/\/kingprint.mx\/plataforma\/#organization\"},\"potentialAction\":[{\"@type\":\"SearchAction\",\"target\":{\"@type\":\"EntryPoint\",\"urlTemplate\":\"https:\/\/kingprint.mx\/plataforma\/?s={search_term_string}\"},\"query-input\":{\"@type\":\"PropertyValueSpecification\",\"valueRequired\":true,\"valueName\":\"search_term_string\"}}],\"inLanguage\":\"es\"},{\"@type\":\"Organization\",\"@id\":\"https:\/\/kingprint.mx\/plataforma\/#organization\",\"name\":\"KingPrint\",\"url\":\"https:\/\/kingprint.mx\/plataforma\/\",\"logo\":{\"@type\":\"ImageObject\",\"inLanguage\":\"es\",\"@id\":\"https:\/\/kingprint.mx\/plataforma\/#\/schema\/logo\/image\/\",\"url\":\"https:\/\/kingprint.mx\/plataforma\/wp-content\/uploads\/2019\/11\/logomaps.png\",\"contentUrl\":\"https:\/\/kingprint.mx\/plataforma\/wp-content\/uploads\/2019\/11\/logomaps.png\",\"width\":315,\"height\":315,\"caption\":\"KingPrint\"},\"image\":{\"@id\":\"https:\/\/kingprint.mx\/plataforma\/#\/schema\/logo\/image\/\"},\"sameAs\":[\"https:\/\/www.facebook.com\/thekingprint\",\"https:\/\/x.com\/KingPrintMex\",\"https:\/\/www.instagram.com\/kingprintmx\/\",\"https:\/\/www.pinterest.com.mx\/kingprintmx\/\",\"https:\/\/www.youtube.com\/channel\/UCFXL84sx-XMcb2te5YV7dKQ\"]}]}<\/script>\n<!-- \/ Yoast SEO plugin. -->","yoast_head_json":{"title":"Protecci\u00f3n de Marcas - KingPrint","description":"Si tu logotipo actualmente no cuenta con el registro de marca, te hacemos la invitaci\u00f3n, la cual tiene el prop\u00f3sito de pueda quedar registrado.","robots":{"index":"index","follow":"follow","max-snippet":"max-snippet:-1","max-image-preview":"max-image-preview:large","max-video-preview":"max-video-preview:-1"},"canonical":"https:\/\/kingprint.mx\/plataforma\/proteccion-de-marcas\/","og_locale":"es_ES","og_type":"article","og_title":"Protecci\u00f3n de Marcas","og_description":"Si tu logotipo actualmente no cuenta con el registro de marca, te hacemos la invitaci\u00f3n, la cual tiene el prop\u00f3sito de pueda quedar registrado.","og_url":"https:\/\/kingprint.mx\/plataforma\/proteccion-de-marcas\/","og_site_name":"KingPrint","article_publisher":"https:\/\/www.facebook.com\/thekingprint","article_modified_time":"2019-11-14T23:33:32+00:00","og_image":[{"width":315,"height":315,"url":"https:\/\/kingprint.mx\/plataforma\/wp-content\/uploads\/2019\/11\/logomaps.png","type":"image\/png"}],"twitter_card":"summary_large_image","twitter_title":"Protecci\u00f3n de Marcas","twitter_description":"Si tu logotipo actualmente no cuenta con el registro de marca, te hacemos la invitaci\u00f3n, la cual tiene el prop\u00f3sito de pueda quedar registrado.","twitter_image":"https:\/\/kingprint.mx\/plataforma\/wp-content\/uploads\/2019\/11\/logomaps.png","twitter_site":"@KingPrintMex","twitter_misc":{"Tiempo de lectura":"3 minutos"},"schema":{"@context":"https:\/\/schema.org","@graph":[{"@type":"WebPage","@id":"https:\/\/kingprint.mx\/plataforma\/proteccion-de-marcas\/","url":"https:\/\/kingprint.mx\/plataforma\/proteccion-de-marcas\/","name":"Protecci\u00f3n de Marcas - KingPrint","isPartOf":{"@id":"https:\/\/kingprint.mx\/plataforma\/#website"},"datePublished":"2017-08-08T21:43:48+00:00","dateModified":"2019-11-14T23:33:32+00:00","description":"Si tu logotipo actualmente no cuenta con el registro de marca, te hacemos la invitaci\u00f3n, la cual tiene el prop\u00f3sito de pueda quedar registrado.","breadcrumb":{"@id":"https:\/\/kingprint.mx\/plataforma\/proteccion-de-marcas\/#breadcrumb"},"inLanguage":"es","potentialAction":[{"@type":"ReadAction","target":["https:\/\/kingprint.mx\/plataforma\/proteccion-de-marcas\/"]}]},{"@type":"BreadcrumbList","@id":"https:\/\/kingprint.mx\/plataforma\/proteccion-de-marcas\/#breadcrumb","itemListElement":[{"@type":"ListItem","position":1,"name":"Portada","item":"https:\/\/kingprint.mx\/plataforma\/"},{"@type":"ListItem","position":2,"name":"Protecci\u00f3n de Marcas"}]},{"@type":"WebSite","@id":"https:\/\/kingprint.mx\/plataforma\/#website","url":"https:\/\/kingprint.mx\/plataforma\/","name":"KingPrint","description":"Especialistas en: Cajas, Empaques, Stickers, Vinil, Serigraf\u00eda, Offset, Textiles y M\u00e1s.","publisher":{"@id":"https:\/\/kingprint.mx\/plataforma\/#organization"},"potentialAction":[{"@type":"SearchAction","target":{"@type":"EntryPoint","urlTemplate":"https:\/\/kingprint.mx\/plataforma\/?s={search_term_string}"},"query-input":{"@type":"PropertyValueSpecification","valueRequired":true,"valueName":"search_term_string"}}],"inLanguage":"es"},{"@type":"Organization","@id":"https:\/\/kingprint.mx\/plataforma\/#organization","name":"KingPrint","url":"https:\/\/kingprint.mx\/plataforma\/","logo":{"@type":"ImageObject","inLanguage":"es","@id":"https:\/\/kingprint.mx\/plataforma\/#\/schema\/logo\/image\/","url":"https:\/\/kingprint.mx\/plataforma\/wp-content\/uploads\/2019\/11\/logomaps.png","contentUrl":"https:\/\/kingprint.mx\/plataforma\/wp-content\/uploads\/2019\/11\/logomaps.png","width":315,"height":315,"caption":"KingPrint"},"image":{"@id":"https:\/\/kingprint.mx\/plataforma\/#\/schema\/logo\/image\/"},"sameAs":["https:\/\/www.facebook.com\/thekingprint","https:\/\/x.com\/KingPrintMex","https:\/\/www.instagram.com\/kingprintmx\/","https:\/\/www.pinterest.com.mx\/kingprintmx\/","https:\/\/www.youtube.com\/channel\/UCFXL84sx-XMcb2te5YV7dKQ"]}]}},"_links":{"self":[{"href":"https:\/\/kingprint.mx\/plataforma\/wp-json\/wp\/v2\/pages\/3817","targetHints":{"allow":["GET"]}}],"collection":[{"href":"https:\/\/kingprint.mx\/plataforma\/wp-json\/wp\/v2\/pages"}],"about":[{"href":"https:\/\/kingprint.mx\/plataforma\/wp-json\/wp\/v2\/types\/page"}],"author":[{"embeddable":true,"href":"https:\/\/kingprint.mx\/plataforma\/wp-json\/wp\/v2\/users\/3"}],"replies":[{"embeddable":true,"href":"https:\/\/kingprint.mx\/plataforma\/wp-json\/wp\/v2\/comments?post=3817"}],"version-history":[{"count":7,"href":"https:\/\/kingprint.mx\/plataforma\/wp-json\/wp\/v2\/pages\/3817\/revisions"}],"predecessor-version":[{"id":4420,"href":"https:\/\/kingprint.mx\/plataforma\/wp-json\/wp\/v2\/pages\/3817\/revisions\/4420"}],"wp:attachment":[{"href":"https:\/\/kingprint.mx\/plataforma\/wp-json\/wp\/v2\/media?parent=3817"}],"curies":[{"name":"wp","href":"https:\/\/api.w.org\/{rel}","templated":true}]}}