{"id":4050,"date":"2017-08-11T22:50:08","date_gmt":"2017-08-11T22:50:08","guid":{"rendered":"https:\/\/kingprint.mx\/plataforma\/?page_id=4050"},"modified":"2019-11-14T22:26:52","modified_gmt":"2019-11-14T22:26:52","slug":"gracias-por-comprar-con-paypal","status":"publish","type":"page","link":"https:\/\/kingprint.mx\/plataforma\/gracias-por-comprar-con-paypal\/","title":{"rendered":"Gracias por comprar con PayPal"},"content":{"rendered":"<h3 class=\"entry-title main_title\"><strong>Gracias por tu Pago en Paypal<\/strong><\/h3>\n<div class=\"entry-content\">\n<h3><strong>Muchas gracias por tu pago realizado en PayPal<\/strong><\/h3>\n<h4>Apreciamos mucho hacer negocios contigo y estamos comprometidos a que \u00e9sta sea una relaci\u00f3n exitosa y si nos lo merecemos, de largo plazo. \u00a0Por favor, comun\u00edcanos cualquier detalle que requieras para que tu experiencia de negocio sea m\u00e1s satisfactoria, haremos todo lo que est\u00e9 en nuestras posibilidades para que sea lo m\u00e1s grato posible!<\/h4>\n<h4>Si requieres factura, por favor entra en\u00a0<a href=\"https:\/\/kingprint.mx\/plataforma\/facturacion\/\"><span style=\"color: #2cafa1;\"><em>https:\/\/kingprint.mx\/plataforma\/facturacion\/<\/em><\/span><\/a>\u00a0con todos los detalles fiscales para elaborar la factura y hac\u00e9rtela llegar en breve.<\/h4>\n<h4>Si tu pago fue un cargo \u00fanico, no volveremos a realizar cargo alguno por la transacci\u00f3n.<\/h4>\n<h4>Si tu servicio es de suscripci\u00f3n, PayPal te realizar\u00e1 un cargo mensual recurrente, basados en la tarifa pactada.<\/h4>\n<h4><strong>Muchas gracias.<\/strong><\/h4>\n<\/div>\n","protected":false},"excerpt":{"rendered":"<p>Gracias por tu Pago en Paypal Muchas gracias por tu pago realizado en PayPal Apreciamos mucho hacer negocios contigo y estamos comprometidos a que \u00e9sta sea<span class=\"excerpt-hellip\"> [\u2026]<\/span><\/p>\n","protected":false},"author":1,"featured_media":0,"parent":0,"menu_order":0,"comment_status":"closed","ping_status":"closed","template":"","meta":{"_joinchat":[],"footnotes":""},"class_list":["post-4050","page","type-page","status-publish","hentry"],"yoast_head":"<!-- This site is optimized with the Yoast SEO plugin v27.0 - https:\/\/yoast.com\/product\/yoast-seo-wordpress\/ -->\n<title>Gracias por comprar con PayPal - KingPrint<\/title>\n<meta name=\"description\" content=\"Muchas gracias por tu pago realizado en PayPal, Apreciamos mucho hacer negocios contigo y estamos comprometidos a que \u00e9sta sea una relaci\u00f3n exitosa.\" \/>\n<meta name=\"robots\" content=\"index, follow, max-snippet:-1, max-image-preview:large, max-video-preview:-1\" \/>\n<link rel=\"canonical\" href=\"https:\/\/kingprint.mx\/plataforma\/gracias-por-comprar-con-paypal\/\" \/>\n<meta property=\"og:locale\" content=\"es_ES\" \/>\n<meta property=\"og:type\" content=\"article\" \/>\n<meta property=\"og:title\" content=\"PayPal KingPrint\" \/>\n<meta property=\"og:description\" content=\"Muchas gracias por tu pago realizado en PayPal, Apreciamos mucho hacer negocios contigo y estamos comprometidos a que \u00e9sta sea una relaci\u00f3n exitosa.\" \/>\n<meta property=\"og:url\" content=\"https:\/\/kingprint.mx\/plataforma\/gracias-por-comprar-con-paypal\/\" \/>\n<meta property=\"og:site_name\" content=\"KingPrint\" \/>\n<meta property=\"article:publisher\" content=\"https:\/\/www.facebook.com\/thekingprint\" \/>\n<meta property=\"article:modified_time\" content=\"2019-11-14T22:26:52+00:00\" \/>\n<meta property=\"og:image\" content=\"https:\/\/kingprint.mx\/plataforma\/wp-content\/uploads\/2019\/11\/logomaps.png\" \/>\n\t<meta property=\"og:image:width\" content=\"315\" \/>\n\t<meta property=\"og:image:height\" content=\"315\" \/>\n\t<meta property=\"og:image:type\" content=\"image\/png\" \/>\n<meta name=\"twitter:card\" content=\"summary_large_image\" \/>\n<meta name=\"twitter:title\" content=\"PayPal KingPrint\" \/>\n<meta name=\"twitter:description\" content=\"Muchas gracias por tu pago realizado en PayPal, Apreciamos mucho hacer negocios contigo y estamos comprometidos a que \u00e9sta sea una relaci\u00f3n exitosa.\" \/>\n<meta name=\"twitter:image\" content=\"https:\/\/kingprint.mx\/plataforma\/wp-content\/uploads\/2019\/11\/logomaps.png\" \/>\n<meta name=\"twitter:site\" content=\"@KingPrintMex\" \/>\n<meta name=\"twitter:label1\" content=\"Tiempo de lectura\" \/>\n\t<meta name=\"twitter:data1\" content=\"1 minuto\" \/>\n<script type=\"application\/ld+json\" class=\"yoast-schema-graph\">{\"@context\":\"https:\/\/schema.org\",\"@graph\":[{\"@type\":\"WebPage\",\"@id\":\"https:\/\/kingprint.mx\/plataforma\/gracias-por-comprar-con-paypal\/\",\"url\":\"https:\/\/kingprint.mx\/plataforma\/gracias-por-comprar-con-paypal\/\",\"name\":\"Gracias por comprar con PayPal - KingPrint\",\"isPartOf\":{\"@id\":\"https:\/\/kingprint.mx\/plataforma\/#website\"},\"datePublished\":\"2017-08-11T22:50:08+00:00\",\"dateModified\":\"2019-11-14T22:26:52+00:00\",\"description\":\"Muchas gracias por tu pago realizado en PayPal, Apreciamos mucho hacer negocios contigo y estamos comprometidos a que \u00e9sta sea una relaci\u00f3n exitosa.\",\"breadcrumb\":{\"@id\":\"https:\/\/kingprint.mx\/plataforma\/gracias-por-comprar-con-paypal\/#breadcrumb\"},\"inLanguage\":\"es\",\"potentialAction\":[{\"@type\":\"ReadAction\",\"target\":[\"https:\/\/kingprint.mx\/plataforma\/gracias-por-comprar-con-paypal\/\"]}]},{\"@type\":\"BreadcrumbList\",\"@id\":\"https:\/\/kingprint.mx\/plataforma\/gracias-por-comprar-con-paypal\/#breadcrumb\",\"itemListElement\":[{\"@type\":\"ListItem\",\"position\":1,\"name\":\"Portada\",\"item\":\"https:\/\/kingprint.mx\/plataforma\/\"},{\"@type\":\"ListItem\",\"position\":2,\"name\":\"Gracias por comprar con PayPal\"}]},{\"@type\":\"WebSite\",\"@id\":\"https:\/\/kingprint.mx\/plataforma\/#website\",\"url\":\"https:\/\/kingprint.mx\/plataforma\/\",\"name\":\"KingPrint\",\"description\":\"Especialistas en: Cajas, Empaques, Stickers, Vinil, Serigraf\u00eda, Offset, Textiles y M\u00e1s.\",\"publisher\":{\"@id\":\"https:\/\/kingprint.mx\/plataforma\/#organization\"},\"potentialAction\":[{\"@type\":\"SearchAction\",\"target\":{\"@type\":\"EntryPoint\",\"urlTemplate\":\"https:\/\/kingprint.mx\/plataforma\/?s={search_term_string}\"},\"query-input\":{\"@type\":\"PropertyValueSpecification\",\"valueRequired\":true,\"valueName\":\"search_term_string\"}}],\"inLanguage\":\"es\"},{\"@type\":\"Organization\",\"@id\":\"https:\/\/kingprint.mx\/plataforma\/#organization\",\"name\":\"KingPrint\",\"url\":\"https:\/\/kingprint.mx\/plataforma\/\",\"logo\":{\"@type\":\"ImageObject\",\"inLanguage\":\"es\",\"@id\":\"https:\/\/kingprint.mx\/plataforma\/#\/schema\/logo\/image\/\",\"url\":\"https:\/\/kingprint.mx\/plataforma\/wp-content\/uploads\/2019\/11\/logomaps.png\",\"contentUrl\":\"https:\/\/kingprint.mx\/plataforma\/wp-content\/uploads\/2019\/11\/logomaps.png\",\"width\":315,\"height\":315,\"caption\":\"KingPrint\"},\"image\":{\"@id\":\"https:\/\/kingprint.mx\/plataforma\/#\/schema\/logo\/image\/\"},\"sameAs\":[\"https:\/\/www.facebook.com\/thekingprint\",\"https:\/\/x.com\/KingPrintMex\",\"https:\/\/www.instagram.com\/kingprintmx\/\",\"https:\/\/www.pinterest.com.mx\/kingprintmx\/\",\"https:\/\/www.youtube.com\/channel\/UCFXL84sx-XMcb2te5YV7dKQ\"]}]}<\/script>\n<!-- \/ Yoast SEO plugin. -->","yoast_head_json":{"title":"Gracias por comprar con PayPal - KingPrint","description":"Muchas gracias por tu pago realizado en PayPal, Apreciamos mucho hacer negocios contigo y estamos comprometidos a que \u00e9sta sea una relaci\u00f3n exitosa.","robots":{"index":"index","follow":"follow","max-snippet":"max-snippet:-1","max-image-preview":"max-image-preview:large","max-video-preview":"max-video-preview:-1"},"canonical":"https:\/\/kingprint.mx\/plataforma\/gracias-por-comprar-con-paypal\/","og_locale":"es_ES","og_type":"article","og_title":"PayPal KingPrint","og_description":"Muchas gracias por tu pago realizado en PayPal, Apreciamos mucho hacer negocios contigo y estamos comprometidos a que \u00e9sta sea una relaci\u00f3n exitosa.","og_url":"https:\/\/kingprint.mx\/plataforma\/gracias-por-comprar-con-paypal\/","og_site_name":"KingPrint","article_publisher":"https:\/\/www.facebook.com\/thekingprint","article_modified_time":"2019-11-14T22:26:52+00:00","og_image":[{"width":315,"height":315,"url":"https:\/\/kingprint.mx\/plataforma\/wp-content\/uploads\/2019\/11\/logomaps.png","type":"image\/png"}],"twitter_card":"summary_large_image","twitter_title":"PayPal KingPrint","twitter_description":"Muchas gracias por tu pago realizado en PayPal, Apreciamos mucho hacer negocios contigo y estamos comprometidos a que \u00e9sta sea una relaci\u00f3n exitosa.","twitter_image":"https:\/\/kingprint.mx\/plataforma\/wp-content\/uploads\/2019\/11\/logomaps.png","twitter_site":"@KingPrintMex","twitter_misc":{"Tiempo de lectura":"1 minuto"},"schema":{"@context":"https:\/\/schema.org","@graph":[{"@type":"WebPage","@id":"https:\/\/kingprint.mx\/plataforma\/gracias-por-comprar-con-paypal\/","url":"https:\/\/kingprint.mx\/plataforma\/gracias-por-comprar-con-paypal\/","name":"Gracias por comprar con PayPal - KingPrint","isPartOf":{"@id":"https:\/\/kingprint.mx\/plataforma\/#website"},"datePublished":"2017-08-11T22:50:08+00:00","dateModified":"2019-11-14T22:26:52+00:00","description":"Muchas gracias por tu pago realizado en PayPal, Apreciamos mucho hacer negocios contigo y estamos comprometidos a que \u00e9sta sea una relaci\u00f3n exitosa.","breadcrumb":{"@id":"https:\/\/kingprint.mx\/plataforma\/gracias-por-comprar-con-paypal\/#breadcrumb"},"inLanguage":"es","potentialAction":[{"@type":"ReadAction","target":["https:\/\/kingprint.mx\/plataforma\/gracias-por-comprar-con-paypal\/"]}]},{"@type":"BreadcrumbList","@id":"https:\/\/kingprint.mx\/plataforma\/gracias-por-comprar-con-paypal\/#breadcrumb","itemListElement":[{"@type":"ListItem","position":1,"name":"Portada","item":"https:\/\/kingprint.mx\/plataforma\/"},{"@type":"ListItem","position":2,"name":"Gracias por comprar con PayPal"}]},{"@type":"WebSite","@id":"https:\/\/kingprint.mx\/plataforma\/#website","url":"https:\/\/kingprint.mx\/plataforma\/","name":"KingPrint","description":"Especialistas en: Cajas, Empaques, Stickers, Vinil, Serigraf\u00eda, Offset, Textiles y M\u00e1s.","publisher":{"@id":"https:\/\/kingprint.mx\/plataforma\/#organization"},"potentialAction":[{"@type":"SearchAction","target":{"@type":"EntryPoint","urlTemplate":"https:\/\/kingprint.mx\/plataforma\/?s={search_term_string}"},"query-input":{"@type":"PropertyValueSpecification","valueRequired":true,"valueName":"search_term_string"}}],"inLanguage":"es"},{"@type":"Organization","@id":"https:\/\/kingprint.mx\/plataforma\/#organization","name":"KingPrint","url":"https:\/\/kingprint.mx\/plataforma\/","logo":{"@type":"ImageObject","inLanguage":"es","@id":"https:\/\/kingprint.mx\/plataforma\/#\/schema\/logo\/image\/","url":"https:\/\/kingprint.mx\/plataforma\/wp-content\/uploads\/2019\/11\/logomaps.png","contentUrl":"https:\/\/kingprint.mx\/plataforma\/wp-content\/uploads\/2019\/11\/logomaps.png","width":315,"height":315,"caption":"KingPrint"},"image":{"@id":"https:\/\/kingprint.mx\/plataforma\/#\/schema\/logo\/image\/"},"sameAs":["https:\/\/www.facebook.com\/thekingprint","https:\/\/x.com\/KingPrintMex","https:\/\/www.instagram.com\/kingprintmx\/","https:\/\/www.pinterest.com.mx\/kingprintmx\/","https:\/\/www.youtube.com\/channel\/UCFXL84sx-XMcb2te5YV7dKQ"]}]}},"_links":{"self":[{"href":"https:\/\/kingprint.mx\/plataforma\/wp-json\/wp\/v2\/pages\/4050","targetHints":{"allow":["GET"]}}],"collection":[{"href":"https:\/\/kingprint.mx\/plataforma\/wp-json\/wp\/v2\/pages"}],"about":[{"href":"https:\/\/kingprint.mx\/plataforma\/wp-json\/wp\/v2\/types\/page"}],"author":[{"embeddable":true,"href":"https:\/\/kingprint.mx\/plataforma\/wp-json\/wp\/v2\/users\/1"}],"replies":[{"embeddable":true,"href":"https:\/\/kingprint.mx\/plataforma\/wp-json\/wp\/v2\/comments?post=4050"}],"version-history":[{"count":7,"href":"https:\/\/kingprint.mx\/plataforma\/wp-json\/wp\/v2\/pages\/4050\/revisions"}],"predecessor-version":[{"id":4057,"href":"https:\/\/kingprint.mx\/plataforma\/wp-json\/wp\/v2\/pages\/4050\/revisions\/4057"}],"wp:attachment":[{"href":"https:\/\/kingprint.mx\/plataforma\/wp-json\/wp\/v2\/media?parent=4050"}],"curies":[{"name":"wp","href":"https:\/\/api.w.org\/{rel}","templated":true}]}}