{"id":4799,"date":"2017-09-15T19:48:48","date_gmt":"2017-09-15T19:48:48","guid":{"rendered":"https:\/\/kingprint.mx\/plataforma\/?page_id=4799"},"modified":"2019-11-14T22:38:20","modified_gmt":"2019-11-14T22:38:20","slug":"king-comic","status":"publish","type":"page","link":"https:\/\/kingprint.mx\/plataforma\/king-comic\/","title":{"rendered":"King Comic"},"content":{"rendered":"","protected":false},"excerpt":{"rendered":"","protected":false},"author":1,"featured_media":0,"parent":0,"menu_order":0,"comment_status":"closed","ping_status":"closed","template":"","meta":{"_joinchat":[],"footnotes":""},"class_list":["post-4799","page","type-page","status-publish","hentry"],"yoast_head":"<!-- This site is optimized with the Yoast SEO plugin v27.0 - https:\/\/yoast.com\/product\/yoast-seo-wordpress\/ -->\n<title>King Comic - KingPrint<\/title>\n<meta name=\"description\" content=\"Art\u00edculos especializados en obras inspiradas en la cultura pop. Haciendo cosas geniales que traer\u00e1n de vuelta a tu ni\u00f1o interior.\" \/>\n<meta name=\"robots\" content=\"index, follow, max-snippet:-1, max-image-preview:large, max-video-preview:-1\" \/>\n<link rel=\"canonical\" href=\"https:\/\/kingprint.mx\/plataforma\/king-comic\/\" \/>\n<meta property=\"og:locale\" content=\"es_ES\" \/>\n<meta property=\"og:type\" content=\"article\" \/>\n<meta property=\"og:title\" content=\"King Comic\" \/>\n<meta property=\"og:description\" content=\"Art\u00edculos especializados en obras inspiradas en la cultura pop. Haciendo cosas geniales que traer\u00e1n de vuelta a tu ni\u00f1o interior.\" \/>\n<meta property=\"og:url\" content=\"https:\/\/kingprint.mx\/plataforma\/king-comic\/\" \/>\n<meta property=\"og:site_name\" content=\"KingPrint\" \/>\n<meta property=\"article:publisher\" content=\"https:\/\/www.facebook.com\/thekingprint\" \/>\n<meta property=\"article:modified_time\" content=\"2019-11-14T22:38:20+00:00\" \/>\n<meta property=\"og:image\" content=\"https:\/\/kingprint.mx\/plataforma\/wp-content\/uploads\/2018\/04\/LogotiposOficial.png\" \/>\n\t<meta property=\"og:image:width\" content=\"386\" \/>\n\t<meta property=\"og:image:height\" content=\"388\" \/>\n\t<meta property=\"og:image:type\" content=\"image\/png\" \/>\n<meta name=\"twitter:card\" content=\"summary_large_image\" \/>\n<meta name=\"twitter:title\" content=\"King Comic\" \/>\n<meta name=\"twitter:description\" content=\"Art\u00edculos especializados en obras inspiradas en la cultura pop. Haciendo cosas geniales que traer\u00e1n de vuelta a tu ni\u00f1o interior.\" \/>\n<meta name=\"twitter:image\" content=\"https:\/\/kingprint.mx\/plataforma\/wp-content\/uploads\/2018\/04\/LogotiposOficial.png\" \/>\n<meta name=\"twitter:site\" content=\"@KingPrintMex\" \/>\n<script type=\"application\/ld+json\" class=\"yoast-schema-graph\">{\"@context\":\"https:\/\/schema.org\",\"@graph\":[{\"@type\":\"WebPage\",\"@id\":\"https:\/\/kingprint.mx\/plataforma\/king-comic\/\",\"url\":\"https:\/\/kingprint.mx\/plataforma\/king-comic\/\",\"name\":\"King Comic - KingPrint\",\"isPartOf\":{\"@id\":\"https:\/\/kingprint.mx\/plataforma\/#website\"},\"datePublished\":\"2017-09-15T19:48:48+00:00\",\"dateModified\":\"2019-11-14T22:38:20+00:00\",\"description\":\"Art\u00edculos especializados en obras inspiradas en la cultura pop. Haciendo cosas geniales que traer\u00e1n de vuelta a tu ni\u00f1o interior.\",\"breadcrumb\":{\"@id\":\"https:\/\/kingprint.mx\/plataforma\/king-comic\/#breadcrumb\"},\"inLanguage\":\"es\",\"potentialAction\":[{\"@type\":\"ReadAction\",\"target\":[\"https:\/\/kingprint.mx\/plataforma\/king-comic\/\"]}]},{\"@type\":\"BreadcrumbList\",\"@id\":\"https:\/\/kingprint.mx\/plataforma\/king-comic\/#breadcrumb\",\"itemListElement\":[{\"@type\":\"ListItem\",\"position\":1,\"name\":\"Portada\",\"item\":\"https:\/\/kingprint.mx\/plataforma\/\"},{\"@type\":\"ListItem\",\"position\":2,\"name\":\"King Comic\"}]},{\"@type\":\"WebSite\",\"@id\":\"https:\/\/kingprint.mx\/plataforma\/#website\",\"url\":\"https:\/\/kingprint.mx\/plataforma\/\",\"name\":\"KingPrint\",\"description\":\"Especialistas en: Cajas, Empaques, Stickers, Vinil, Serigraf\u00eda, Offset, Textiles y M\u00e1s.\",\"publisher\":{\"@id\":\"https:\/\/kingprint.mx\/plataforma\/#organization\"},\"potentialAction\":[{\"@type\":\"SearchAction\",\"target\":{\"@type\":\"EntryPoint\",\"urlTemplate\":\"https:\/\/kingprint.mx\/plataforma\/?s={search_term_string}\"},\"query-input\":{\"@type\":\"PropertyValueSpecification\",\"valueRequired\":true,\"valueName\":\"search_term_string\"}}],\"inLanguage\":\"es\"},{\"@type\":\"Organization\",\"@id\":\"https:\/\/kingprint.mx\/plataforma\/#organization\",\"name\":\"KingPrint\",\"url\":\"https:\/\/kingprint.mx\/plataforma\/\",\"logo\":{\"@type\":\"ImageObject\",\"inLanguage\":\"es\",\"@id\":\"https:\/\/kingprint.mx\/plataforma\/#\/schema\/logo\/image\/\",\"url\":\"https:\/\/kingprint.mx\/plataforma\/wp-content\/uploads\/2019\/11\/logomaps.png\",\"contentUrl\":\"https:\/\/kingprint.mx\/plataforma\/wp-content\/uploads\/2019\/11\/logomaps.png\",\"width\":315,\"height\":315,\"caption\":\"KingPrint\"},\"image\":{\"@id\":\"https:\/\/kingprint.mx\/plataforma\/#\/schema\/logo\/image\/\"},\"sameAs\":[\"https:\/\/www.facebook.com\/thekingprint\",\"https:\/\/x.com\/KingPrintMex\",\"https:\/\/www.instagram.com\/kingprintmx\/\",\"https:\/\/www.pinterest.com.mx\/kingprintmx\/\",\"https:\/\/www.youtube.com\/channel\/UCFXL84sx-XMcb2te5YV7dKQ\"]}]}<\/script>\n<!-- \/ Yoast SEO plugin. -->","yoast_head_json":{"title":"King Comic - KingPrint","description":"Art\u00edculos especializados en obras inspiradas en la cultura pop. Haciendo cosas geniales que traer\u00e1n de vuelta a tu ni\u00f1o interior.","robots":{"index":"index","follow":"follow","max-snippet":"max-snippet:-1","max-image-preview":"max-image-preview:large","max-video-preview":"max-video-preview:-1"},"canonical":"https:\/\/kingprint.mx\/plataforma\/king-comic\/","og_locale":"es_ES","og_type":"article","og_title":"King Comic","og_description":"Art\u00edculos especializados en obras inspiradas en la cultura pop. Haciendo cosas geniales que traer\u00e1n de vuelta a tu ni\u00f1o interior.","og_url":"https:\/\/kingprint.mx\/plataforma\/king-comic\/","og_site_name":"KingPrint","article_publisher":"https:\/\/www.facebook.com\/thekingprint","article_modified_time":"2019-11-14T22:38:20+00:00","og_image":[{"width":386,"height":388,"url":"https:\/\/kingprint.mx\/plataforma\/wp-content\/uploads\/2018\/04\/LogotiposOficial.png","type":"image\/png"}],"twitter_card":"summary_large_image","twitter_title":"King Comic","twitter_description":"Art\u00edculos especializados en obras inspiradas en la cultura pop. Haciendo cosas geniales que traer\u00e1n de vuelta a tu ni\u00f1o interior.","twitter_image":"https:\/\/kingprint.mx\/plataforma\/wp-content\/uploads\/2018\/04\/LogotiposOficial.png","twitter_site":"@KingPrintMex","schema":{"@context":"https:\/\/schema.org","@graph":[{"@type":"WebPage","@id":"https:\/\/kingprint.mx\/plataforma\/king-comic\/","url":"https:\/\/kingprint.mx\/plataforma\/king-comic\/","name":"King Comic - KingPrint","isPartOf":{"@id":"https:\/\/kingprint.mx\/plataforma\/#website"},"datePublished":"2017-09-15T19:48:48+00:00","dateModified":"2019-11-14T22:38:20+00:00","description":"Art\u00edculos especializados en obras inspiradas en la cultura pop. Haciendo cosas geniales que traer\u00e1n de vuelta a tu ni\u00f1o interior.","breadcrumb":{"@id":"https:\/\/kingprint.mx\/plataforma\/king-comic\/#breadcrumb"},"inLanguage":"es","potentialAction":[{"@type":"ReadAction","target":["https:\/\/kingprint.mx\/plataforma\/king-comic\/"]}]},{"@type":"BreadcrumbList","@id":"https:\/\/kingprint.mx\/plataforma\/king-comic\/#breadcrumb","itemListElement":[{"@type":"ListItem","position":1,"name":"Portada","item":"https:\/\/kingprint.mx\/plataforma\/"},{"@type":"ListItem","position":2,"name":"King Comic"}]},{"@type":"WebSite","@id":"https:\/\/kingprint.mx\/plataforma\/#website","url":"https:\/\/kingprint.mx\/plataforma\/","name":"KingPrint","description":"Especialistas en: Cajas, Empaques, Stickers, Vinil, Serigraf\u00eda, Offset, Textiles y M\u00e1s.","publisher":{"@id":"https:\/\/kingprint.mx\/plataforma\/#organization"},"potentialAction":[{"@type":"SearchAction","target":{"@type":"EntryPoint","urlTemplate":"https:\/\/kingprint.mx\/plataforma\/?s={search_term_string}"},"query-input":{"@type":"PropertyValueSpecification","valueRequired":true,"valueName":"search_term_string"}}],"inLanguage":"es"},{"@type":"Organization","@id":"https:\/\/kingprint.mx\/plataforma\/#organization","name":"KingPrint","url":"https:\/\/kingprint.mx\/plataforma\/","logo":{"@type":"ImageObject","inLanguage":"es","@id":"https:\/\/kingprint.mx\/plataforma\/#\/schema\/logo\/image\/","url":"https:\/\/kingprint.mx\/plataforma\/wp-content\/uploads\/2019\/11\/logomaps.png","contentUrl":"https:\/\/kingprint.mx\/plataforma\/wp-content\/uploads\/2019\/11\/logomaps.png","width":315,"height":315,"caption":"KingPrint"},"image":{"@id":"https:\/\/kingprint.mx\/plataforma\/#\/schema\/logo\/image\/"},"sameAs":["https:\/\/www.facebook.com\/thekingprint","https:\/\/x.com\/KingPrintMex","https:\/\/www.instagram.com\/kingprintmx\/","https:\/\/www.pinterest.com.mx\/kingprintmx\/","https:\/\/www.youtube.com\/channel\/UCFXL84sx-XMcb2te5YV7dKQ"]}]}},"_links":{"self":[{"href":"https:\/\/kingprint.mx\/plataforma\/wp-json\/wp\/v2\/pages\/4799","targetHints":{"allow":["GET"]}}],"collection":[{"href":"https:\/\/kingprint.mx\/plataforma\/wp-json\/wp\/v2\/pages"}],"about":[{"href":"https:\/\/kingprint.mx\/plataforma\/wp-json\/wp\/v2\/types\/page"}],"author":[{"embeddable":true,"href":"https:\/\/kingprint.mx\/plataforma\/wp-json\/wp\/v2\/users\/1"}],"replies":[{"embeddable":true,"href":"https:\/\/kingprint.mx\/plataforma\/wp-json\/wp\/v2\/comments?post=4799"}],"version-history":[{"count":3,"href":"https:\/\/kingprint.mx\/plataforma\/wp-json\/wp\/v2\/pages\/4799\/revisions"}],"predecessor-version":[{"id":5639,"href":"https:\/\/kingprint.mx\/plataforma\/wp-json\/wp\/v2\/pages\/4799\/revisions\/5639"}],"wp:attachment":[{"href":"https:\/\/kingprint.mx\/plataforma\/wp-json\/wp\/v2\/media?parent=4799"}],"curies":[{"name":"wp","href":"https:\/\/api.w.org\/{rel}","templated":true}]}}