{"id":6931,"date":"2018-04-02T20:33:34","date_gmt":"2018-04-02T20:33:34","guid":{"rendered":"https:\/\/kingprint.mx\/plataforma\/?page_id=6931"},"modified":"2020-01-07T00:44:39","modified_gmt":"2020-01-07T00:44:39","slug":"tu-marca-en-un-click","status":"publish","type":"page","link":"https:\/\/kingprint.mx\/plataforma\/tu-marca-en-un-click\/","title":{"rendered":"T\u00fa Marca en un Click"},"content":{"rendered":"","protected":false},"excerpt":{"rendered":"","protected":false},"author":1,"featured_media":0,"parent":0,"menu_order":0,"comment_status":"closed","ping_status":"closed","template":"","meta":{"_joinchat":[],"footnotes":""},"class_list":["post-6931","page","type-page","status-publish","hentry"],"yoast_head":"<!-- This site is optimized with the Yoast SEO plugin v27.0 - https:\/\/yoast.com\/product\/yoast-seo-wordpress\/ -->\n<title>T\u00fa Marca en un Click - KingPrint<\/title>\n<meta name=\"description\" content=\"De forma f\u00e1cil, r\u00e1pida y profesional construimos la marca que tu producto \u00f3 servicio necesita con nuestro servicio online especializado en branding.\" \/>\n<meta name=\"robots\" content=\"index, follow, max-snippet:-1, max-image-preview:large, max-video-preview:-1\" \/>\n<link rel=\"canonical\" href=\"https:\/\/kingprint.mx\/plataforma\/tu-marca-en-un-click\/\" \/>\n<meta property=\"og:locale\" content=\"es_ES\" \/>\n<meta property=\"og:type\" content=\"article\" \/>\n<meta property=\"og:title\" content=\"T\u00fa Marca en un Click\" \/>\n<meta property=\"og:description\" content=\"De forma f\u00e1cil, r\u00e1pida y profesional construimos la marca que tu producto \u00f3 servicio necesita con nuestro servicio online especializado en branding.\" \/>\n<meta property=\"og:url\" content=\"https:\/\/kingprint.mx\/plataforma\/tu-marca-en-un-click\/\" \/>\n<meta property=\"og:site_name\" content=\"KingPrint\" \/>\n<meta property=\"article:publisher\" content=\"https:\/\/www.facebook.com\/thekingprint\" \/>\n<meta property=\"article:modified_time\" content=\"2020-01-07T00:44:39+00:00\" \/>\n<meta property=\"og:image\" content=\"https:\/\/kingprint.mx\/plataforma\/wp-content\/uploads\/2018\/04\/Logo-2.png\" \/>\n\t<meta property=\"og:image:width\" content=\"480\" \/>\n\t<meta property=\"og:image:height\" content=\"229\" \/>\n\t<meta property=\"og:image:type\" content=\"image\/png\" \/>\n<meta name=\"twitter:card\" content=\"summary_large_image\" \/>\n<meta name=\"twitter:title\" content=\"T\u00fa Marca en un Click\" \/>\n<meta name=\"twitter:description\" content=\"De forma f\u00e1cil, r\u00e1pida y profesional construimos la marca que tu producto \u00f3 servicio necesita con nuestro servicio online especializado en branding.\" \/>\n<meta name=\"twitter:image\" content=\"https:\/\/kingprint.mx\/plataforma\/wp-content\/uploads\/2018\/04\/Logo-2.png\" \/>\n<meta name=\"twitter:site\" content=\"@KingPrintMex\" \/>\n<script type=\"application\/ld+json\" class=\"yoast-schema-graph\">{\"@context\":\"https:\/\/schema.org\",\"@graph\":[{\"@type\":\"WebPage\",\"@id\":\"https:\/\/kingprint.mx\/plataforma\/tu-marca-en-un-click\/\",\"url\":\"https:\/\/kingprint.mx\/plataforma\/tu-marca-en-un-click\/\",\"name\":\"T\u00fa Marca en un Click - KingPrint\",\"isPartOf\":{\"@id\":\"https:\/\/kingprint.mx\/plataforma\/#website\"},\"datePublished\":\"2018-04-02T20:33:34+00:00\",\"dateModified\":\"2020-01-07T00:44:39+00:00\",\"description\":\"De forma f\u00e1cil, r\u00e1pida y profesional construimos la marca que tu producto \u00f3 servicio necesita con nuestro servicio online especializado en branding.\",\"breadcrumb\":{\"@id\":\"https:\/\/kingprint.mx\/plataforma\/tu-marca-en-un-click\/#breadcrumb\"},\"inLanguage\":\"es\",\"potentialAction\":[{\"@type\":\"ReadAction\",\"target\":[\"https:\/\/kingprint.mx\/plataforma\/tu-marca-en-un-click\/\"]}]},{\"@type\":\"BreadcrumbList\",\"@id\":\"https:\/\/kingprint.mx\/plataforma\/tu-marca-en-un-click\/#breadcrumb\",\"itemListElement\":[{\"@type\":\"ListItem\",\"position\":1,\"name\":\"Portada\",\"item\":\"https:\/\/kingprint.mx\/plataforma\/\"},{\"@type\":\"ListItem\",\"position\":2,\"name\":\"T\u00fa Marca en un Click\"}]},{\"@type\":\"WebSite\",\"@id\":\"https:\/\/kingprint.mx\/plataforma\/#website\",\"url\":\"https:\/\/kingprint.mx\/plataforma\/\",\"name\":\"KingPrint\",\"description\":\"Especialistas en: Cajas, Empaques, Stickers, Vinil, Serigraf\u00eda, Offset, Textiles y M\u00e1s.\",\"publisher\":{\"@id\":\"https:\/\/kingprint.mx\/plataforma\/#organization\"},\"potentialAction\":[{\"@type\":\"SearchAction\",\"target\":{\"@type\":\"EntryPoint\",\"urlTemplate\":\"https:\/\/kingprint.mx\/plataforma\/?s={search_term_string}\"},\"query-input\":{\"@type\":\"PropertyValueSpecification\",\"valueRequired\":true,\"valueName\":\"search_term_string\"}}],\"inLanguage\":\"es\"},{\"@type\":\"Organization\",\"@id\":\"https:\/\/kingprint.mx\/plataforma\/#organization\",\"name\":\"KingPrint\",\"url\":\"https:\/\/kingprint.mx\/plataforma\/\",\"logo\":{\"@type\":\"ImageObject\",\"inLanguage\":\"es\",\"@id\":\"https:\/\/kingprint.mx\/plataforma\/#\/schema\/logo\/image\/\",\"url\":\"https:\/\/kingprint.mx\/plataforma\/wp-content\/uploads\/2019\/11\/logomaps.png\",\"contentUrl\":\"https:\/\/kingprint.mx\/plataforma\/wp-content\/uploads\/2019\/11\/logomaps.png\",\"width\":315,\"height\":315,\"caption\":\"KingPrint\"},\"image\":{\"@id\":\"https:\/\/kingprint.mx\/plataforma\/#\/schema\/logo\/image\/\"},\"sameAs\":[\"https:\/\/www.facebook.com\/thekingprint\",\"https:\/\/x.com\/KingPrintMex\",\"https:\/\/www.instagram.com\/kingprintmx\/\",\"https:\/\/www.pinterest.com.mx\/kingprintmx\/\",\"https:\/\/www.youtube.com\/channel\/UCFXL84sx-XMcb2te5YV7dKQ\"]}]}<\/script>\n<!-- \/ Yoast SEO plugin. -->","yoast_head_json":{"title":"T\u00fa Marca en un Click - KingPrint","description":"De forma f\u00e1cil, r\u00e1pida y profesional construimos la marca que tu producto \u00f3 servicio necesita con nuestro servicio online especializado en branding.","robots":{"index":"index","follow":"follow","max-snippet":"max-snippet:-1","max-image-preview":"max-image-preview:large","max-video-preview":"max-video-preview:-1"},"canonical":"https:\/\/kingprint.mx\/plataforma\/tu-marca-en-un-click\/","og_locale":"es_ES","og_type":"article","og_title":"T\u00fa Marca en un Click","og_description":"De forma f\u00e1cil, r\u00e1pida y profesional construimos la marca que tu producto \u00f3 servicio necesita con nuestro servicio online especializado en branding.","og_url":"https:\/\/kingprint.mx\/plataforma\/tu-marca-en-un-click\/","og_site_name":"KingPrint","article_publisher":"https:\/\/www.facebook.com\/thekingprint","article_modified_time":"2020-01-07T00:44:39+00:00","og_image":[{"width":480,"height":229,"url":"https:\/\/kingprint.mx\/plataforma\/wp-content\/uploads\/2018\/04\/Logo-2.png","type":"image\/png"}],"twitter_card":"summary_large_image","twitter_title":"T\u00fa Marca en un Click","twitter_description":"De forma f\u00e1cil, r\u00e1pida y profesional construimos la marca que tu producto \u00f3 servicio necesita con nuestro servicio online especializado en branding.","twitter_image":"https:\/\/kingprint.mx\/plataforma\/wp-content\/uploads\/2018\/04\/Logo-2.png","twitter_site":"@KingPrintMex","schema":{"@context":"https:\/\/schema.org","@graph":[{"@type":"WebPage","@id":"https:\/\/kingprint.mx\/plataforma\/tu-marca-en-un-click\/","url":"https:\/\/kingprint.mx\/plataforma\/tu-marca-en-un-click\/","name":"T\u00fa Marca en un Click - KingPrint","isPartOf":{"@id":"https:\/\/kingprint.mx\/plataforma\/#website"},"datePublished":"2018-04-02T20:33:34+00:00","dateModified":"2020-01-07T00:44:39+00:00","description":"De forma f\u00e1cil, r\u00e1pida y profesional construimos la marca que tu producto \u00f3 servicio necesita con nuestro servicio online especializado en branding.","breadcrumb":{"@id":"https:\/\/kingprint.mx\/plataforma\/tu-marca-en-un-click\/#breadcrumb"},"inLanguage":"es","potentialAction":[{"@type":"ReadAction","target":["https:\/\/kingprint.mx\/plataforma\/tu-marca-en-un-click\/"]}]},{"@type":"BreadcrumbList","@id":"https:\/\/kingprint.mx\/plataforma\/tu-marca-en-un-click\/#breadcrumb","itemListElement":[{"@type":"ListItem","position":1,"name":"Portada","item":"https:\/\/kingprint.mx\/plataforma\/"},{"@type":"ListItem","position":2,"name":"T\u00fa Marca en un Click"}]},{"@type":"WebSite","@id":"https:\/\/kingprint.mx\/plataforma\/#website","url":"https:\/\/kingprint.mx\/plataforma\/","name":"KingPrint","description":"Especialistas en: Cajas, Empaques, Stickers, Vinil, Serigraf\u00eda, Offset, Textiles y M\u00e1s.","publisher":{"@id":"https:\/\/kingprint.mx\/plataforma\/#organization"},"potentialAction":[{"@type":"SearchAction","target":{"@type":"EntryPoint","urlTemplate":"https:\/\/kingprint.mx\/plataforma\/?s={search_term_string}"},"query-input":{"@type":"PropertyValueSpecification","valueRequired":true,"valueName":"search_term_string"}}],"inLanguage":"es"},{"@type":"Organization","@id":"https:\/\/kingprint.mx\/plataforma\/#organization","name":"KingPrint","url":"https:\/\/kingprint.mx\/plataforma\/","logo":{"@type":"ImageObject","inLanguage":"es","@id":"https:\/\/kingprint.mx\/plataforma\/#\/schema\/logo\/image\/","url":"https:\/\/kingprint.mx\/plataforma\/wp-content\/uploads\/2019\/11\/logomaps.png","contentUrl":"https:\/\/kingprint.mx\/plataforma\/wp-content\/uploads\/2019\/11\/logomaps.png","width":315,"height":315,"caption":"KingPrint"},"image":{"@id":"https:\/\/kingprint.mx\/plataforma\/#\/schema\/logo\/image\/"},"sameAs":["https:\/\/www.facebook.com\/thekingprint","https:\/\/x.com\/KingPrintMex","https:\/\/www.instagram.com\/kingprintmx\/","https:\/\/www.pinterest.com.mx\/kingprintmx\/","https:\/\/www.youtube.com\/channel\/UCFXL84sx-XMcb2te5YV7dKQ"]}]}},"_links":{"self":[{"href":"https:\/\/kingprint.mx\/plataforma\/wp-json\/wp\/v2\/pages\/6931","targetHints":{"allow":["GET"]}}],"collection":[{"href":"https:\/\/kingprint.mx\/plataforma\/wp-json\/wp\/v2\/pages"}],"about":[{"href":"https:\/\/kingprint.mx\/plataforma\/wp-json\/wp\/v2\/types\/page"}],"author":[{"embeddable":true,"href":"https:\/\/kingprint.mx\/plataforma\/wp-json\/wp\/v2\/users\/1"}],"replies":[{"embeddable":true,"href":"https:\/\/kingprint.mx\/plataforma\/wp-json\/wp\/v2\/comments?post=6931"}],"version-history":[{"count":1,"href":"https:\/\/kingprint.mx\/plataforma\/wp-json\/wp\/v2\/pages\/6931\/revisions"}],"predecessor-version":[{"id":6932,"href":"https:\/\/kingprint.mx\/plataforma\/wp-json\/wp\/v2\/pages\/6931\/revisions\/6932"}],"wp:attachment":[{"href":"https:\/\/kingprint.mx\/plataforma\/wp-json\/wp\/v2\/media?parent=6931"}],"curies":[{"name":"wp","href":"https:\/\/api.w.org\/{rel}","templated":true}]}}