{"id":10264,"date":"2024-07-02T02:53:58","date_gmt":"2024-07-02T02:53:58","guid":{"rendered":"https:\/\/kingprint.mx\/plataforma\/?post_type=product&#038;p=10264"},"modified":"2025-11-01T23:26:29","modified_gmt":"2025-11-01T23:26:29","slug":"100-cajas-lonchera-super-asa-redonda-con-impresion","status":"publish","type":"product","link":"https:\/\/kingprint.mx\/plataforma\/producto\/100-cajas-lonchera-super-asa-redonda-con-impresion\/","title":{"rendered":"100 Cajas Lonchera Super Asa Redonda con Impresi\u00f3n"},"content":{"rendered":"<p><span style=\"color: #ff0000;\"><strong>Tiempo de Entrega: De 4 a 6 d\u00edas h\u00e1biles<\/strong><\/span><\/p>\n<p><span style=\"color: #ff0000;\"><strong>Incluye Impresi\u00f3n o Personalizaci\u00f3n de dise\u00f1o.<\/strong><\/span><\/p>\n<p><strong><span style=\"color: #ff0000;\">Precio basado en 100 cajas con el mismo dise\u00f1o<\/span><\/strong><\/p>\n","protected":false},"excerpt":{"rendered":"<p><strong><b>Impresi\u00f3n a 1 tinta con t\u00e9cnica de Serigraf\u00eda*<\/b><br \/>\n<em>*Impresi\u00f3n a 1 tinta en 1 cara de la caja<\/em><\/strong><\/p>\n<p><strong>Medida Armada: 20 X 12 X 18.5 cm<\/strong><br \/>\nSe entregan extendidas y\/o sin armar<\/p>\n<p><strong>Gramaje:<\/strong> 14 Puntos<br \/>\n<strong>Color Exterior:<\/strong>\u00a0Blanco<br \/>\n<strong>Color Interior:<\/strong>\u00a0Cafe<\/p>\n<p><span style=\"color: #ff0000;\"><em><b>Si no cuenta con el dise\u00f1o nosotros le podemos ayudar<\/b><\/em><\/span><\/p>\n","protected":false},"featured_media":-1,"template":"","meta":{"_joinchat":[]},"product_brand":[],"product_cat":[375,405,393,554],"product_tag":[422,424,423,396,425,397,382,408,409,381,384,410,407,411,398],"class_list":{"0":"post-10264","1":"product","2":"type-product","3":"status-publish","4":"has-post-thumbnail","6":"product_cat-cajas","7":"product_cat-caple","8":"product_cat-con-impresion","9":"product_cat-loncheras","10":"product_tag-caja","11":"product_tag-caja-blanca","12":"product_tag-caja-con-diseno","13":"product_tag-caja-con-impresion","14":"product_tag-caja-con-serigrafia","15":"product_tag-caja-impresa","16":"product_tag-caja-personalizada","17":"product_tag-cajas-caple","18":"product_tag-cajas-craft","19":"product_tag-cajas-de-carton","20":"product_tag-cajas-economicas","21":"product_tag-cajas-kraft","22":"product_tag-cajas-para-regalos","23":"product_tag-diseno-de-cajas","24":"product_tag-productos-de-carton","26":"first","27":"instock","28":"shipping-taxable","29":"purchasable","30":"product-type-simple"},"yoast_head":"<!-- This site is optimized with the Yoast SEO plugin v27.0 - https:\/\/yoast.com\/product\/yoast-seo-wordpress\/ -->\n<title>100 Cajas Lonchera Super Asa Redonda con Impresi\u00f3n - KingPrint<\/title>\n<meta name=\"robots\" content=\"index, follow, max-snippet:-1, max-image-preview:large, max-video-preview:-1\" \/>\n<link rel=\"canonical\" href=\"https:\/\/kingprint.mx\/plataforma\/producto\/100-cajas-lonchera-super-asa-redonda-con-impresion\/\" \/>\n<meta property=\"og:locale\" content=\"es_ES\" \/>\n<meta property=\"og:type\" content=\"article\" \/>\n<meta property=\"og:title\" content=\"100 Cajas Lonchera Super Asa Redonda con Impresi\u00f3n - KingPrint\" \/>\n<meta property=\"og:description\" content=\"Impresi\u00f3n a 1 tinta con t\u00e9cnica de Serigraf\u00eda* *Impresi\u00f3n a 1 tinta en 1 cara de la caja  Medida Armada: 20 X 12 X 18.5 cm Se entregan extendidas y\/o sin armar  Gramaje: 14 Puntos Color Exterior:\u00a0Blanco Color Interior:\u00a0Cafe  Si no cuenta con el dise\u00f1o nosotros le podemos ayudar\" \/>\n<meta property=\"og:url\" content=\"https:\/\/kingprint.mx\/plataforma\/producto\/100-cajas-lonchera-super-asa-redonda-con-impresion\/\" \/>\n<meta property=\"og:site_name\" content=\"KingPrint\" \/>\n<meta property=\"article:publisher\" content=\"https:\/\/www.facebook.com\/thekingprint\" \/>\n<meta property=\"article:modified_time\" content=\"2025-11-01T23:26:29+00:00\" \/>\n<meta name=\"twitter:card\" content=\"summary_large_image\" \/>\n<meta name=\"twitter:site\" content=\"@KingPrintMex\" \/>\n<meta name=\"twitter:label1\" content=\"Tiempo de lectura\" \/>\n\t<meta name=\"twitter:data1\" content=\"1 minuto\" \/>\n<script type=\"application\/ld+json\" class=\"yoast-schema-graph\">{\"@context\":\"https:\/\/schema.org\",\"@graph\":[{\"@type\":\"WebPage\",\"@id\":\"https:\/\/kingprint.mx\/plataforma\/producto\/100-cajas-lonchera-super-asa-redonda-con-impresion\/\",\"url\":\"https:\/\/kingprint.mx\/plataforma\/producto\/100-cajas-lonchera-super-asa-redonda-con-impresion\/\",\"name\":\"100 Cajas Lonchera Super Asa Redonda con Impresi\u00f3n - KingPrint\",\"isPartOf\":{\"@id\":\"https:\/\/kingprint.mx\/plataforma\/#website\"},\"datePublished\":\"2024-07-02T02:53:58+00:00\",\"dateModified\":\"2025-11-01T23:26:29+00:00\",\"breadcrumb\":{\"@id\":\"https:\/\/kingprint.mx\/plataforma\/producto\/100-cajas-lonchera-super-asa-redonda-con-impresion\/#breadcrumb\"},\"inLanguage\":\"es\",\"potentialAction\":[{\"@type\":\"ReadAction\",\"target\":[\"https:\/\/kingprint.mx\/plataforma\/producto\/100-cajas-lonchera-super-asa-redonda-con-impresion\/\"]}]},{\"@type\":\"BreadcrumbList\",\"@id\":\"https:\/\/kingprint.mx\/plataforma\/producto\/100-cajas-lonchera-super-asa-redonda-con-impresion\/#breadcrumb\",\"itemListElement\":[{\"@type\":\"ListItem\",\"position\":1,\"name\":\"Portada\",\"item\":\"https:\/\/kingprint.mx\/plataforma\/\"},{\"@type\":\"ListItem\",\"position\":2,\"name\":\"Tienda\",\"item\":\"https:\/\/kingprint.mx\/plataforma\/tienda\/\"},{\"@type\":\"ListItem\",\"position\":3,\"name\":\"100 Cajas Lonchera Super Asa Redonda con Impresi\u00f3n\"}]},{\"@type\":\"WebSite\",\"@id\":\"https:\/\/kingprint.mx\/plataforma\/#website\",\"url\":\"https:\/\/kingprint.mx\/plataforma\/\",\"name\":\"KingPrint\",\"description\":\"Especialistas en: Cajas, Empaques, Stickers, Vinil, Serigraf\u00eda, Offset, Textiles y M\u00e1s.\",\"publisher\":{\"@id\":\"https:\/\/kingprint.mx\/plataforma\/#organization\"},\"potentialAction\":[{\"@type\":\"SearchAction\",\"target\":{\"@type\":\"EntryPoint\",\"urlTemplate\":\"https:\/\/kingprint.mx\/plataforma\/?s={search_term_string}\"},\"query-input\":{\"@type\":\"PropertyValueSpecification\",\"valueRequired\":true,\"valueName\":\"search_term_string\"}}],\"inLanguage\":\"es\"},{\"@type\":\"Organization\",\"@id\":\"https:\/\/kingprint.mx\/plataforma\/#organization\",\"name\":\"KingPrint\",\"url\":\"https:\/\/kingprint.mx\/plataforma\/\",\"logo\":{\"@type\":\"ImageObject\",\"inLanguage\":\"es\",\"@id\":\"https:\/\/kingprint.mx\/plataforma\/#\/schema\/logo\/image\/\",\"url\":\"https:\/\/kingprint.mx\/plataforma\/wp-content\/uploads\/2019\/11\/logomaps.png\",\"contentUrl\":\"https:\/\/kingprint.mx\/plataforma\/wp-content\/uploads\/2019\/11\/logomaps.png\",\"width\":315,\"height\":315,\"caption\":\"KingPrint\"},\"image\":{\"@id\":\"https:\/\/kingprint.mx\/plataforma\/#\/schema\/logo\/image\/\"},\"sameAs\":[\"https:\/\/www.facebook.com\/thekingprint\",\"https:\/\/x.com\/KingPrintMex\",\"https:\/\/www.instagram.com\/kingprintmx\/\",\"https:\/\/www.pinterest.com.mx\/kingprintmx\/\",\"https:\/\/www.youtube.com\/channel\/UCFXL84sx-XMcb2te5YV7dKQ\"]}]}<\/script>\n<!-- \/ Yoast SEO plugin. -->","yoast_head_json":{"title":"100 Cajas Lonchera Super Asa Redonda con Impresi\u00f3n - KingPrint","robots":{"index":"index","follow":"follow","max-snippet":"max-snippet:-1","max-image-preview":"max-image-preview:large","max-video-preview":"max-video-preview:-1"},"canonical":"https:\/\/kingprint.mx\/plataforma\/producto\/100-cajas-lonchera-super-asa-redonda-con-impresion\/","og_locale":"es_ES","og_type":"article","og_title":"100 Cajas Lonchera Super Asa Redonda con Impresi\u00f3n - KingPrint","og_description":"Impresi\u00f3n a 1 tinta con t\u00e9cnica de Serigraf\u00eda* *Impresi\u00f3n a 1 tinta en 1 cara de la caja  Medida Armada: 20 X 12 X 18.5 cm Se entregan extendidas y\/o sin armar  Gramaje: 14 Puntos Color Exterior:\u00a0Blanco Color Interior:\u00a0Cafe  Si no cuenta con el dise\u00f1o nosotros le podemos ayudar","og_url":"https:\/\/kingprint.mx\/plataforma\/producto\/100-cajas-lonchera-super-asa-redonda-con-impresion\/","og_site_name":"KingPrint","article_publisher":"https:\/\/www.facebook.com\/thekingprint","article_modified_time":"2025-11-01T23:26:29+00:00","twitter_card":"summary_large_image","twitter_site":"@KingPrintMex","twitter_misc":{"Tiempo de lectura":"1 minuto"},"schema":{"@context":"https:\/\/schema.org","@graph":[{"@type":"WebPage","@id":"https:\/\/kingprint.mx\/plataforma\/producto\/100-cajas-lonchera-super-asa-redonda-con-impresion\/","url":"https:\/\/kingprint.mx\/plataforma\/producto\/100-cajas-lonchera-super-asa-redonda-con-impresion\/","name":"100 Cajas Lonchera Super Asa Redonda con Impresi\u00f3n - KingPrint","isPartOf":{"@id":"https:\/\/kingprint.mx\/plataforma\/#website"},"datePublished":"2024-07-02T02:53:58+00:00","dateModified":"2025-11-01T23:26:29+00:00","breadcrumb":{"@id":"https:\/\/kingprint.mx\/plataforma\/producto\/100-cajas-lonchera-super-asa-redonda-con-impresion\/#breadcrumb"},"inLanguage":"es","potentialAction":[{"@type":"ReadAction","target":["https:\/\/kingprint.mx\/plataforma\/producto\/100-cajas-lonchera-super-asa-redonda-con-impresion\/"]}]},{"@type":"BreadcrumbList","@id":"https:\/\/kingprint.mx\/plataforma\/producto\/100-cajas-lonchera-super-asa-redonda-con-impresion\/#breadcrumb","itemListElement":[{"@type":"ListItem","position":1,"name":"Portada","item":"https:\/\/kingprint.mx\/plataforma\/"},{"@type":"ListItem","position":2,"name":"Tienda","item":"https:\/\/kingprint.mx\/plataforma\/tienda\/"},{"@type":"ListItem","position":3,"name":"100 Cajas Lonchera Super Asa Redonda con Impresi\u00f3n"}]},{"@type":"WebSite","@id":"https:\/\/kingprint.mx\/plataforma\/#website","url":"https:\/\/kingprint.mx\/plataforma\/","name":"KingPrint","description":"Especialistas en: Cajas, Empaques, Stickers, Vinil, Serigraf\u00eda, Offset, Textiles y M\u00e1s.","publisher":{"@id":"https:\/\/kingprint.mx\/plataforma\/#organization"},"potentialAction":[{"@type":"SearchAction","target":{"@type":"EntryPoint","urlTemplate":"https:\/\/kingprint.mx\/plataforma\/?s={search_term_string}"},"query-input":{"@type":"PropertyValueSpecification","valueRequired":true,"valueName":"search_term_string"}}],"inLanguage":"es"},{"@type":"Organization","@id":"https:\/\/kingprint.mx\/plataforma\/#organization","name":"KingPrint","url":"https:\/\/kingprint.mx\/plataforma\/","logo":{"@type":"ImageObject","inLanguage":"es","@id":"https:\/\/kingprint.mx\/plataforma\/#\/schema\/logo\/image\/","url":"https:\/\/kingprint.mx\/plataforma\/wp-content\/uploads\/2019\/11\/logomaps.png","contentUrl":"https:\/\/kingprint.mx\/plataforma\/wp-content\/uploads\/2019\/11\/logomaps.png","width":315,"height":315,"caption":"KingPrint"},"image":{"@id":"https:\/\/kingprint.mx\/plataforma\/#\/schema\/logo\/image\/"},"sameAs":["https:\/\/www.facebook.com\/thekingprint","https:\/\/x.com\/KingPrintMex","https:\/\/www.instagram.com\/kingprintmx\/","https:\/\/www.pinterest.com.mx\/kingprintmx\/","https:\/\/www.youtube.com\/channel\/UCFXL84sx-XMcb2te5YV7dKQ"]}]}},"_links":{"self":[{"href":"https:\/\/kingprint.mx\/plataforma\/wp-json\/wp\/v2\/product\/10264","targetHints":{"allow":["GET"]}}],"collection":[{"href":"https:\/\/kingprint.mx\/plataforma\/wp-json\/wp\/v2\/product"}],"about":[{"href":"https:\/\/kingprint.mx\/plataforma\/wp-json\/wp\/v2\/types\/product"}],"wp:featuredmedia":[{"embeddable":true,"href":"https:\/\/kingprint.mx\/plataforma\/wp-json\/"}],"wp:attachment":[{"href":"https:\/\/kingprint.mx\/plataforma\/wp-json\/wp\/v2\/media?parent=10264"}],"wp:term":[{"taxonomy":"product_brand","embeddable":true,"href":"https:\/\/kingprint.mx\/plataforma\/wp-json\/wp\/v2\/product_brand?post=10264"},{"taxonomy":"product_cat","embeddable":true,"href":"https:\/\/kingprint.mx\/plataforma\/wp-json\/wp\/v2\/product_cat?post=10264"},{"taxonomy":"product_tag","embeddable":true,"href":"https:\/\/kingprint.mx\/plataforma\/wp-json\/wp\/v2\/product_tag?post=10264"}],"curies":[{"name":"wp","href":"https:\/\/api.w.org\/{rel}","templated":true}]}}