{"id":10707,"date":"2025-10-22T07:33:23","date_gmt":"2025-10-22T07:33:23","guid":{"rendered":"https:\/\/kingprint.mx\/plataforma\/?post_type=product&#038;p=10707"},"modified":"2025-10-24T18:00:25","modified_gmt":"2025-10-24T18:00:25","slug":"sello-para-bolsas-de-papel-y-caja","status":"publish","type":"product","link":"https:\/\/kingprint.mx\/plataforma\/producto\/sello-para-bolsas-de-papel-y-caja\/","title":{"rendered":"Sello para Bolsas de Papel y Caja"},"content":{"rendered":"<p><em><strong><span style=\"color: #ff0000;\">Tiempo de producci\u00f3n 5 d\u00edas h\u00e1biles, Coj\u00edn y Tinta se venden por separado<\/span><\/strong><\/em><\/p>\n","protected":false},"excerpt":{"rendered":"<p><strong>Ideal para aplicar en bolsas de Papel o Cajas<\/strong><\/p>\n<p><strong>Base de madera<\/strong><\/p>\n<p><strong>Tama\u00f1o M\u00e1ximo: 20X20 CM<\/strong><\/p>\n<p><strong>No incluye Coj\u00edn ni tinta<\/strong><\/p>\n","protected":false},"featured_media":10708,"template":"","meta":{"_joinchat":[]},"product_brand":[],"product_cat":[389,570],"product_tag":[357,464],"class_list":{"0":"post-10707","1":"product","2":"type-product","3":"status-publish","4":"has-post-thumbnail","6":"product_cat-complemento","7":"product_cat-sellos","8":"product_tag-sello-para-bolsas-de-papel","9":"product_tag-sello-para-cajas","11":"first","12":"instock","13":"shipping-taxable","14":"purchasable","15":"product-type-simple"},"yoast_head":"<!-- This site is optimized with the Yoast SEO plugin v27.0 - https:\/\/yoast.com\/product\/yoast-seo-wordpress\/ -->\n<title>Sello para Bolsas de Papel y Caja - KingPrint<\/title>\n<meta name=\"description\" content=\"Sellos personalizados ideales para personalizar empaques, bolsas y otros productos. Variedad de dise\u00f1os y tama\u00f1os para adaptarse a tus necesidades.\" \/>\n<meta name=\"robots\" content=\"index, follow, max-snippet:-1, max-image-preview:large, max-video-preview:-1\" \/>\n<link rel=\"canonical\" href=\"https:\/\/kingprint.mx\/plataforma\/producto\/sello-para-bolsas-de-papel-y-caja\/\" \/>\n<meta property=\"og:locale\" content=\"es_ES\" \/>\n<meta property=\"og:type\" content=\"article\" \/>\n<meta property=\"og:title\" content=\"Sello para bolsas\" \/>\n<meta property=\"og:description\" content=\"Sellos personalizados ideales para personalizar empaques, bolsas y otros productos. Variedad de dise\u00f1os y tama\u00f1os para adaptarse a tus necesidades.\" \/>\n<meta property=\"og:url\" content=\"https:\/\/kingprint.mx\/plataforma\/producto\/sello-para-bolsas-de-papel-y-caja\/\" \/>\n<meta property=\"og:site_name\" content=\"KingPrint\" \/>\n<meta property=\"article:publisher\" content=\"https:\/\/www.facebook.com\/thekingprint\" \/>\n<meta property=\"article:modified_time\" content=\"2025-10-24T18:00:25+00:00\" \/>\n<meta property=\"og:image\" content=\"https:\/\/kingprint.mx\/plataforma\/wp-content\/uploads\/2025\/10\/Sello-para-bolsa.jpg\" \/>\n\t<meta property=\"og:image:width\" content=\"254\" \/>\n\t<meta property=\"og:image:height\" content=\"300\" \/>\n\t<meta property=\"og:image:type\" content=\"image\/jpeg\" \/>\n<meta name=\"twitter:card\" content=\"summary_large_image\" \/>\n<meta name=\"twitter:title\" content=\"Sello para bolsas\" \/>\n<meta name=\"twitter:description\" content=\"Sellos personalizados ideales para personalizar empaques, bolsas y otros productos. Variedad de dise\u00f1os y tama\u00f1os para adaptarse a tus necesidades.\" \/>\n<meta name=\"twitter:image\" content=\"https:\/\/kingprint.mx\/plataforma\/wp-content\/uploads\/2025\/10\/Sello-para-bolsa.jpg\" \/>\n<meta name=\"twitter:site\" content=\"@KingPrintMex\" \/>\n<meta name=\"twitter:label1\" content=\"Tiempo de lectura\" \/>\n\t<meta name=\"twitter:data1\" content=\"1 minuto\" \/>\n<script type=\"application\/ld+json\" class=\"yoast-schema-graph\">{\"@context\":\"https:\/\/schema.org\",\"@graph\":[{\"@type\":\"WebPage\",\"@id\":\"https:\/\/kingprint.mx\/plataforma\/producto\/sello-para-bolsas-de-papel-y-caja\/\",\"url\":\"https:\/\/kingprint.mx\/plataforma\/producto\/sello-para-bolsas-de-papel-y-caja\/\",\"name\":\"Sello para Bolsas de Papel y Caja - KingPrint\",\"isPartOf\":{\"@id\":\"https:\/\/kingprint.mx\/plataforma\/#website\"},\"primaryImageOfPage\":{\"@id\":\"https:\/\/kingprint.mx\/plataforma\/producto\/sello-para-bolsas-de-papel-y-caja\/#primaryimage\"},\"image\":{\"@id\":\"https:\/\/kingprint.mx\/plataforma\/producto\/sello-para-bolsas-de-papel-y-caja\/#primaryimage\"},\"thumbnailUrl\":\"https:\/\/kingprint.mx\/plataforma\/wp-content\/uploads\/2025\/10\/Sello-para-bolsa.jpg\",\"datePublished\":\"2025-10-22T07:33:23+00:00\",\"dateModified\":\"2025-10-24T18:00:25+00:00\",\"description\":\"Sellos personalizados ideales para personalizar empaques, bolsas y otros productos. Variedad de dise\u00f1os y tama\u00f1os para adaptarse a tus necesidades.\",\"breadcrumb\":{\"@id\":\"https:\/\/kingprint.mx\/plataforma\/producto\/sello-para-bolsas-de-papel-y-caja\/#breadcrumb\"},\"inLanguage\":\"es\",\"potentialAction\":[{\"@type\":\"ReadAction\",\"target\":[\"https:\/\/kingprint.mx\/plataforma\/producto\/sello-para-bolsas-de-papel-y-caja\/\"]}]},{\"@type\":\"ImageObject\",\"inLanguage\":\"es\",\"@id\":\"https:\/\/kingprint.mx\/plataforma\/producto\/sello-para-bolsas-de-papel-y-caja\/#primaryimage\",\"url\":\"https:\/\/kingprint.mx\/plataforma\/wp-content\/uploads\/2025\/10\/Sello-para-bolsa.jpg\",\"contentUrl\":\"https:\/\/kingprint.mx\/plataforma\/wp-content\/uploads\/2025\/10\/Sello-para-bolsa.jpg\",\"width\":254,\"height\":300},{\"@type\":\"BreadcrumbList\",\"@id\":\"https:\/\/kingprint.mx\/plataforma\/producto\/sello-para-bolsas-de-papel-y-caja\/#breadcrumb\",\"itemListElement\":[{\"@type\":\"ListItem\",\"position\":1,\"name\":\"Portada\",\"item\":\"https:\/\/kingprint.mx\/plataforma\/\"},{\"@type\":\"ListItem\",\"position\":2,\"name\":\"Tienda\",\"item\":\"https:\/\/kingprint.mx\/plataforma\/tienda\/\"},{\"@type\":\"ListItem\",\"position\":3,\"name\":\"Sello para Bolsas de Papel y Caja\"}]},{\"@type\":\"WebSite\",\"@id\":\"https:\/\/kingprint.mx\/plataforma\/#website\",\"url\":\"https:\/\/kingprint.mx\/plataforma\/\",\"name\":\"KingPrint\",\"description\":\"Especialistas en: Cajas, Empaques, Stickers, Vinil, Serigraf\u00eda, Offset, Textiles y M\u00e1s.\",\"publisher\":{\"@id\":\"https:\/\/kingprint.mx\/plataforma\/#organization\"},\"potentialAction\":[{\"@type\":\"SearchAction\",\"target\":{\"@type\":\"EntryPoint\",\"urlTemplate\":\"https:\/\/kingprint.mx\/plataforma\/?s={search_term_string}\"},\"query-input\":{\"@type\":\"PropertyValueSpecification\",\"valueRequired\":true,\"valueName\":\"search_term_string\"}}],\"inLanguage\":\"es\"},{\"@type\":\"Organization\",\"@id\":\"https:\/\/kingprint.mx\/plataforma\/#organization\",\"name\":\"KingPrint\",\"url\":\"https:\/\/kingprint.mx\/plataforma\/\",\"logo\":{\"@type\":\"ImageObject\",\"inLanguage\":\"es\",\"@id\":\"https:\/\/kingprint.mx\/plataforma\/#\/schema\/logo\/image\/\",\"url\":\"https:\/\/kingprint.mx\/plataforma\/wp-content\/uploads\/2019\/11\/logomaps.png\",\"contentUrl\":\"https:\/\/kingprint.mx\/plataforma\/wp-content\/uploads\/2019\/11\/logomaps.png\",\"width\":315,\"height\":315,\"caption\":\"KingPrint\"},\"image\":{\"@id\":\"https:\/\/kingprint.mx\/plataforma\/#\/schema\/logo\/image\/\"},\"sameAs\":[\"https:\/\/www.facebook.com\/thekingprint\",\"https:\/\/x.com\/KingPrintMex\",\"https:\/\/www.instagram.com\/kingprintmx\/\",\"https:\/\/www.pinterest.com.mx\/kingprintmx\/\",\"https:\/\/www.youtube.com\/channel\/UCFXL84sx-XMcb2te5YV7dKQ\"]}]}<\/script>\n<!-- \/ Yoast SEO plugin. -->","yoast_head_json":{"title":"Sello para Bolsas de Papel y Caja - KingPrint","description":"Sellos personalizados ideales para personalizar empaques, bolsas y otros productos. Variedad de dise\u00f1os y tama\u00f1os para adaptarse a tus necesidades.","robots":{"index":"index","follow":"follow","max-snippet":"max-snippet:-1","max-image-preview":"max-image-preview:large","max-video-preview":"max-video-preview:-1"},"canonical":"https:\/\/kingprint.mx\/plataforma\/producto\/sello-para-bolsas-de-papel-y-caja\/","og_locale":"es_ES","og_type":"article","og_title":"Sello para bolsas","og_description":"Sellos personalizados ideales para personalizar empaques, bolsas y otros productos. Variedad de dise\u00f1os y tama\u00f1os para adaptarse a tus necesidades.","og_url":"https:\/\/kingprint.mx\/plataforma\/producto\/sello-para-bolsas-de-papel-y-caja\/","og_site_name":"KingPrint","article_publisher":"https:\/\/www.facebook.com\/thekingprint","article_modified_time":"2025-10-24T18:00:25+00:00","og_image":[{"width":254,"height":300,"url":"https:\/\/kingprint.mx\/plataforma\/wp-content\/uploads\/2025\/10\/Sello-para-bolsa.jpg","type":"image\/jpeg"}],"twitter_card":"summary_large_image","twitter_title":"Sello para bolsas","twitter_description":"Sellos personalizados ideales para personalizar empaques, bolsas y otros productos. Variedad de dise\u00f1os y tama\u00f1os para adaptarse a tus necesidades.","twitter_image":"https:\/\/kingprint.mx\/plataforma\/wp-content\/uploads\/2025\/10\/Sello-para-bolsa.jpg","twitter_site":"@KingPrintMex","twitter_misc":{"Tiempo de lectura":"1 minuto"},"schema":{"@context":"https:\/\/schema.org","@graph":[{"@type":"WebPage","@id":"https:\/\/kingprint.mx\/plataforma\/producto\/sello-para-bolsas-de-papel-y-caja\/","url":"https:\/\/kingprint.mx\/plataforma\/producto\/sello-para-bolsas-de-papel-y-caja\/","name":"Sello para Bolsas de Papel y Caja - KingPrint","isPartOf":{"@id":"https:\/\/kingprint.mx\/plataforma\/#website"},"primaryImageOfPage":{"@id":"https:\/\/kingprint.mx\/plataforma\/producto\/sello-para-bolsas-de-papel-y-caja\/#primaryimage"},"image":{"@id":"https:\/\/kingprint.mx\/plataforma\/producto\/sello-para-bolsas-de-papel-y-caja\/#primaryimage"},"thumbnailUrl":"https:\/\/kingprint.mx\/plataforma\/wp-content\/uploads\/2025\/10\/Sello-para-bolsa.jpg","datePublished":"2025-10-22T07:33:23+00:00","dateModified":"2025-10-24T18:00:25+00:00","description":"Sellos personalizados ideales para personalizar empaques, bolsas y otros productos. Variedad de dise\u00f1os y tama\u00f1os para adaptarse a tus necesidades.","breadcrumb":{"@id":"https:\/\/kingprint.mx\/plataforma\/producto\/sello-para-bolsas-de-papel-y-caja\/#breadcrumb"},"inLanguage":"es","potentialAction":[{"@type":"ReadAction","target":["https:\/\/kingprint.mx\/plataforma\/producto\/sello-para-bolsas-de-papel-y-caja\/"]}]},{"@type":"ImageObject","inLanguage":"es","@id":"https:\/\/kingprint.mx\/plataforma\/producto\/sello-para-bolsas-de-papel-y-caja\/#primaryimage","url":"https:\/\/kingprint.mx\/plataforma\/wp-content\/uploads\/2025\/10\/Sello-para-bolsa.jpg","contentUrl":"https:\/\/kingprint.mx\/plataforma\/wp-content\/uploads\/2025\/10\/Sello-para-bolsa.jpg","width":254,"height":300},{"@type":"BreadcrumbList","@id":"https:\/\/kingprint.mx\/plataforma\/producto\/sello-para-bolsas-de-papel-y-caja\/#breadcrumb","itemListElement":[{"@type":"ListItem","position":1,"name":"Portada","item":"https:\/\/kingprint.mx\/plataforma\/"},{"@type":"ListItem","position":2,"name":"Tienda","item":"https:\/\/kingprint.mx\/plataforma\/tienda\/"},{"@type":"ListItem","position":3,"name":"Sello para Bolsas de Papel y Caja"}]},{"@type":"WebSite","@id":"https:\/\/kingprint.mx\/plataforma\/#website","url":"https:\/\/kingprint.mx\/plataforma\/","name":"KingPrint","description":"Especialistas en: Cajas, Empaques, Stickers, Vinil, Serigraf\u00eda, Offset, Textiles y M\u00e1s.","publisher":{"@id":"https:\/\/kingprint.mx\/plataforma\/#organization"},"potentialAction":[{"@type":"SearchAction","target":{"@type":"EntryPoint","urlTemplate":"https:\/\/kingprint.mx\/plataforma\/?s={search_term_string}"},"query-input":{"@type":"PropertyValueSpecification","valueRequired":true,"valueName":"search_term_string"}}],"inLanguage":"es"},{"@type":"Organization","@id":"https:\/\/kingprint.mx\/plataforma\/#organization","name":"KingPrint","url":"https:\/\/kingprint.mx\/plataforma\/","logo":{"@type":"ImageObject","inLanguage":"es","@id":"https:\/\/kingprint.mx\/plataforma\/#\/schema\/logo\/image\/","url":"https:\/\/kingprint.mx\/plataforma\/wp-content\/uploads\/2019\/11\/logomaps.png","contentUrl":"https:\/\/kingprint.mx\/plataforma\/wp-content\/uploads\/2019\/11\/logomaps.png","width":315,"height":315,"caption":"KingPrint"},"image":{"@id":"https:\/\/kingprint.mx\/plataforma\/#\/schema\/logo\/image\/"},"sameAs":["https:\/\/www.facebook.com\/thekingprint","https:\/\/x.com\/KingPrintMex","https:\/\/www.instagram.com\/kingprintmx\/","https:\/\/www.pinterest.com.mx\/kingprintmx\/","https:\/\/www.youtube.com\/channel\/UCFXL84sx-XMcb2te5YV7dKQ"]}]}},"_links":{"self":[{"href":"https:\/\/kingprint.mx\/plataforma\/wp-json\/wp\/v2\/product\/10707","targetHints":{"allow":["GET"]}}],"collection":[{"href":"https:\/\/kingprint.mx\/plataforma\/wp-json\/wp\/v2\/product"}],"about":[{"href":"https:\/\/kingprint.mx\/plataforma\/wp-json\/wp\/v2\/types\/product"}],"wp:featuredmedia":[{"embeddable":true,"href":"https:\/\/kingprint.mx\/plataforma\/wp-json\/wp\/v2\/media\/10708"}],"wp:attachment":[{"href":"https:\/\/kingprint.mx\/plataforma\/wp-json\/wp\/v2\/media?parent=10707"}],"wp:term":[{"taxonomy":"product_brand","embeddable":true,"href":"https:\/\/kingprint.mx\/plataforma\/wp-json\/wp\/v2\/product_brand?post=10707"},{"taxonomy":"product_cat","embeddable":true,"href":"https:\/\/kingprint.mx\/plataforma\/wp-json\/wp\/v2\/product_cat?post=10707"},{"taxonomy":"product_tag","embeddable":true,"href":"https:\/\/kingprint.mx\/plataforma\/wp-json\/wp\/v2\/product_tag?post=10707"}],"curies":[{"name":"wp","href":"https:\/\/api.w.org\/{rel}","templated":true}]}}