{"id":12204,"date":"2021-05-12T14:14:47","date_gmt":"2021-05-12T14:14:47","guid":{"rendered":"https:\/\/kingprint.mx\/plataforma\/?post_type=product&#038;p=12204"},"modified":"2025-11-20T04:30:38","modified_gmt":"2025-11-20T04:30:38","slug":"100-cajas-microcorrugado-kbe19009","status":"publish","type":"product","link":"https:\/\/kingprint.mx\/plataforma\/producto\/100-cajas-microcorrugado-kbe19009\/","title":{"rendered":"100 Cajas Microcorrugado Ba\u00fal Autoarmado con impresi\u00f3n"},"content":{"rendered":"<p><span style=\"color: #333333;\"><strong>Tiempo de producci\u00f3n de 5 a 8 d\u00edas h\u00e1biles, Incluye Personalizaci\u00f3n de dise\u00f1o, Precio basado en 100 cajas con el mismo dise\u00f1o, Incluye impresi\u00f3n de 21X28 CM M\u00e1ximo, para otras \u00e1reas de impresi\u00f3n consultar costo, para caja prefabricada no se manejan plastas.<\/strong><\/span><\/p>\n","protected":false},"excerpt":{"rendered":"<p>Impresi\u00f3n a 1 tinta con t\u00e9cnica de Serigraf\u00eda*<br \/>\nSe entregan extendidas y\/o sin armar<br \/>\nColor Exterior e Interior: Caf\u00e9<\/p>\n<p><strong>Si desea un dise\u00f1o personalizado y\/o requiere mas tintas puede solicitar su cotizaci\u00f3n v\u00eda correo electr\u00f3nico.<\/strong><br \/>\n<b><\/b><\/p>\n","protected":false},"featured_media":13219,"template":"","meta":{"_joinchat":[]},"product_brand":[],"product_cat":[593,375,521,571],"product_tag":[590,396,383,382,381,384,380],"class_list":{"0":"post-12204","1":"product","2":"type-product","3":"status-publish","4":"has-post-thumbnail","6":"product_cat-baul-autoarmado","7":"product_cat-cajas","8":"product_cat-microcorrugado","9":"product_cat-para-envio","10":"product_tag-caja-baul-autoarmado-con-impresion","11":"product_tag-caja-con-impresion","12":"product_tag-caja-microcorrugado","13":"product_tag-caja-personalizada","14":"product_tag-cajas-de-carton","15":"product_tag-cajas-economicas","16":"product_tag-cajas-para-alimentos","18":"first","19":"instock","20":"shipping-taxable","21":"purchasable","22":"product-type-simple"},"yoast_head":"<!-- This site is optimized with the Yoast SEO plugin v27.0 - https:\/\/yoast.com\/product\/yoast-seo-wordpress\/ -->\n<title>100 Cajas Microcorrugado Ba\u00fal Autoarmado con impresi\u00f3n - KingPrint<\/title>\n<meta name=\"description\" content=\"Caja Ideal para Env\u00edos de e-commerce, personal\u00edzala con tu logo o dise\u00f1o, Es Reciclable y ecol\u00f3gica, excelente resistencia al ser caja de autoarmado.\" \/>\n<meta name=\"robots\" content=\"index, follow, max-snippet:-1, max-image-preview:large, max-video-preview:-1\" \/>\n<link rel=\"canonical\" href=\"https:\/\/kingprint.mx\/plataforma\/producto\/100-cajas-microcorrugado-kbe19009\/\" \/>\n<meta property=\"og:locale\" content=\"es_ES\" \/>\n<meta property=\"og:type\" content=\"article\" \/>\n<meta property=\"og:title\" content=\"Caja impresa para env\u00edo\" \/>\n<meta property=\"og:description\" content=\"Caja Ideal para Env\u00edos de e-commerce, personal\u00edzala con tu logo o dise\u00f1o, Es Reciclable y ecol\u00f3gica, excelente resistencia al ser caja de autoarmado.\" \/>\n<meta property=\"og:url\" content=\"https:\/\/kingprint.mx\/plataforma\/producto\/100-cajas-microcorrugado-kbe19009\/\" \/>\n<meta property=\"og:site_name\" content=\"KingPrint\" \/>\n<meta property=\"article:publisher\" content=\"https:\/\/www.facebook.com\/thekingprint\" \/>\n<meta property=\"article:modified_time\" content=\"2025-11-20T04:30:38+00:00\" \/>\n<meta property=\"og:image\" content=\"https:\/\/kingprint.mx\/plataforma\/wp-content\/uploads\/2021\/05\/19009.jpg\" \/>\n\t<meta property=\"og:image:width\" content=\"1024\" \/>\n\t<meta property=\"og:image:height\" content=\"1024\" \/>\n\t<meta property=\"og:image:type\" content=\"image\/jpeg\" \/>\n<meta name=\"twitter:card\" content=\"summary_large_image\" \/>\n<meta name=\"twitter:title\" content=\"Caja impresa para env\u00edo\" \/>\n<meta name=\"twitter:description\" content=\"Caja Ideal para Env\u00edos de e-commerce, personal\u00edzala con tu logo o dise\u00f1o, Es Reciclable y ecol\u00f3gica, excelente resistencia al ser caja de autoarmado.\" \/>\n<meta name=\"twitter:image\" content=\"https:\/\/kingprint.mx\/plataforma\/wp-content\/uploads\/2021\/05\/19009.jpg\" \/>\n<meta name=\"twitter:site\" content=\"@KingPrintMex\" \/>\n<meta name=\"twitter:label1\" content=\"Tiempo de lectura\" \/>\n\t<meta name=\"twitter:data1\" content=\"1 minuto\" \/>\n<script type=\"application\/ld+json\" class=\"yoast-schema-graph\">{\"@context\":\"https:\/\/schema.org\",\"@graph\":[{\"@type\":\"WebPage\",\"@id\":\"https:\/\/kingprint.mx\/plataforma\/producto\/100-cajas-microcorrugado-kbe19009\/\",\"url\":\"https:\/\/kingprint.mx\/plataforma\/producto\/100-cajas-microcorrugado-kbe19009\/\",\"name\":\"100 Cajas Microcorrugado Ba\u00fal Autoarmado con impresi\u00f3n - KingPrint\",\"isPartOf\":{\"@id\":\"https:\/\/kingprint.mx\/plataforma\/#website\"},\"primaryImageOfPage\":{\"@id\":\"https:\/\/kingprint.mx\/plataforma\/producto\/100-cajas-microcorrugado-kbe19009\/#primaryimage\"},\"image\":{\"@id\":\"https:\/\/kingprint.mx\/plataforma\/producto\/100-cajas-microcorrugado-kbe19009\/#primaryimage\"},\"thumbnailUrl\":\"https:\/\/kingprint.mx\/plataforma\/wp-content\/uploads\/2021\/05\/19009.jpg\",\"datePublished\":\"2021-05-12T14:14:47+00:00\",\"dateModified\":\"2025-11-20T04:30:38+00:00\",\"description\":\"Caja Ideal para Env\u00edos de e-commerce, personal\u00edzala con tu logo o dise\u00f1o, Es Reciclable y ecol\u00f3gica, excelente resistencia al ser caja de autoarmado.\",\"breadcrumb\":{\"@id\":\"https:\/\/kingprint.mx\/plataforma\/producto\/100-cajas-microcorrugado-kbe19009\/#breadcrumb\"},\"inLanguage\":\"es\",\"potentialAction\":[{\"@type\":\"ReadAction\",\"target\":[\"https:\/\/kingprint.mx\/plataforma\/producto\/100-cajas-microcorrugado-kbe19009\/\"]}]},{\"@type\":\"ImageObject\",\"inLanguage\":\"es\",\"@id\":\"https:\/\/kingprint.mx\/plataforma\/producto\/100-cajas-microcorrugado-kbe19009\/#primaryimage\",\"url\":\"https:\/\/kingprint.mx\/plataforma\/wp-content\/uploads\/2021\/05\/19009.jpg\",\"contentUrl\":\"https:\/\/kingprint.mx\/plataforma\/wp-content\/uploads\/2021\/05\/19009.jpg\",\"width\":1024,\"height\":1024},{\"@type\":\"BreadcrumbList\",\"@id\":\"https:\/\/kingprint.mx\/plataforma\/producto\/100-cajas-microcorrugado-kbe19009\/#breadcrumb\",\"itemListElement\":[{\"@type\":\"ListItem\",\"position\":1,\"name\":\"Portada\",\"item\":\"https:\/\/kingprint.mx\/plataforma\/\"},{\"@type\":\"ListItem\",\"position\":2,\"name\":\"Tienda\",\"item\":\"https:\/\/kingprint.mx\/plataforma\/tienda\/\"},{\"@type\":\"ListItem\",\"position\":3,\"name\":\"100 Cajas Microcorrugado Ba\u00fal Autoarmado con impresi\u00f3n\"}]},{\"@type\":\"WebSite\",\"@id\":\"https:\/\/kingprint.mx\/plataforma\/#website\",\"url\":\"https:\/\/kingprint.mx\/plataforma\/\",\"name\":\"KingPrint\",\"description\":\"Especialistas en: Cajas, Empaques, Stickers, Vinil, Serigraf\u00eda, Offset, Textiles y M\u00e1s.\",\"publisher\":{\"@id\":\"https:\/\/kingprint.mx\/plataforma\/#organization\"},\"potentialAction\":[{\"@type\":\"SearchAction\",\"target\":{\"@type\":\"EntryPoint\",\"urlTemplate\":\"https:\/\/kingprint.mx\/plataforma\/?s={search_term_string}\"},\"query-input\":{\"@type\":\"PropertyValueSpecification\",\"valueRequired\":true,\"valueName\":\"search_term_string\"}}],\"inLanguage\":\"es\"},{\"@type\":\"Organization\",\"@id\":\"https:\/\/kingprint.mx\/plataforma\/#organization\",\"name\":\"KingPrint\",\"url\":\"https:\/\/kingprint.mx\/plataforma\/\",\"logo\":{\"@type\":\"ImageObject\",\"inLanguage\":\"es\",\"@id\":\"https:\/\/kingprint.mx\/plataforma\/#\/schema\/logo\/image\/\",\"url\":\"https:\/\/kingprint.mx\/plataforma\/wp-content\/uploads\/2019\/11\/logomaps.png\",\"contentUrl\":\"https:\/\/kingprint.mx\/plataforma\/wp-content\/uploads\/2019\/11\/logomaps.png\",\"width\":315,\"height\":315,\"caption\":\"KingPrint\"},\"image\":{\"@id\":\"https:\/\/kingprint.mx\/plataforma\/#\/schema\/logo\/image\/\"},\"sameAs\":[\"https:\/\/www.facebook.com\/thekingprint\",\"https:\/\/x.com\/KingPrintMex\",\"https:\/\/www.instagram.com\/kingprintmx\/\",\"https:\/\/www.pinterest.com.mx\/kingprintmx\/\",\"https:\/\/www.youtube.com\/channel\/UCFXL84sx-XMcb2te5YV7dKQ\"]}]}<\/script>\n<!-- \/ Yoast SEO plugin. -->","yoast_head_json":{"title":"100 Cajas Microcorrugado Ba\u00fal Autoarmado con impresi\u00f3n - KingPrint","description":"Caja Ideal para Env\u00edos de e-commerce, personal\u00edzala con tu logo o dise\u00f1o, Es Reciclable y ecol\u00f3gica, excelente resistencia al ser caja de autoarmado.","robots":{"index":"index","follow":"follow","max-snippet":"max-snippet:-1","max-image-preview":"max-image-preview:large","max-video-preview":"max-video-preview:-1"},"canonical":"https:\/\/kingprint.mx\/plataforma\/producto\/100-cajas-microcorrugado-kbe19009\/","og_locale":"es_ES","og_type":"article","og_title":"Caja impresa para env\u00edo","og_description":"Caja Ideal para Env\u00edos de e-commerce, personal\u00edzala con tu logo o dise\u00f1o, Es Reciclable y ecol\u00f3gica, excelente resistencia al ser caja de autoarmado.","og_url":"https:\/\/kingprint.mx\/plataforma\/producto\/100-cajas-microcorrugado-kbe19009\/","og_site_name":"KingPrint","article_publisher":"https:\/\/www.facebook.com\/thekingprint","article_modified_time":"2025-11-20T04:30:38+00:00","og_image":[{"width":1024,"height":1024,"url":"https:\/\/kingprint.mx\/plataforma\/wp-content\/uploads\/2021\/05\/19009.jpg","type":"image\/jpeg"}],"twitter_card":"summary_large_image","twitter_title":"Caja impresa para env\u00edo","twitter_description":"Caja Ideal para Env\u00edos de e-commerce, personal\u00edzala con tu logo o dise\u00f1o, Es Reciclable y ecol\u00f3gica, excelente resistencia al ser caja de autoarmado.","twitter_image":"https:\/\/kingprint.mx\/plataforma\/wp-content\/uploads\/2021\/05\/19009.jpg","twitter_site":"@KingPrintMex","twitter_misc":{"Tiempo de lectura":"1 minuto"},"schema":{"@context":"https:\/\/schema.org","@graph":[{"@type":"WebPage","@id":"https:\/\/kingprint.mx\/plataforma\/producto\/100-cajas-microcorrugado-kbe19009\/","url":"https:\/\/kingprint.mx\/plataforma\/producto\/100-cajas-microcorrugado-kbe19009\/","name":"100 Cajas Microcorrugado Ba\u00fal Autoarmado con impresi\u00f3n - KingPrint","isPartOf":{"@id":"https:\/\/kingprint.mx\/plataforma\/#website"},"primaryImageOfPage":{"@id":"https:\/\/kingprint.mx\/plataforma\/producto\/100-cajas-microcorrugado-kbe19009\/#primaryimage"},"image":{"@id":"https:\/\/kingprint.mx\/plataforma\/producto\/100-cajas-microcorrugado-kbe19009\/#primaryimage"},"thumbnailUrl":"https:\/\/kingprint.mx\/plataforma\/wp-content\/uploads\/2021\/05\/19009.jpg","datePublished":"2021-05-12T14:14:47+00:00","dateModified":"2025-11-20T04:30:38+00:00","description":"Caja Ideal para Env\u00edos de e-commerce, personal\u00edzala con tu logo o dise\u00f1o, Es Reciclable y ecol\u00f3gica, excelente resistencia al ser caja de autoarmado.","breadcrumb":{"@id":"https:\/\/kingprint.mx\/plataforma\/producto\/100-cajas-microcorrugado-kbe19009\/#breadcrumb"},"inLanguage":"es","potentialAction":[{"@type":"ReadAction","target":["https:\/\/kingprint.mx\/plataforma\/producto\/100-cajas-microcorrugado-kbe19009\/"]}]},{"@type":"ImageObject","inLanguage":"es","@id":"https:\/\/kingprint.mx\/plataforma\/producto\/100-cajas-microcorrugado-kbe19009\/#primaryimage","url":"https:\/\/kingprint.mx\/plataforma\/wp-content\/uploads\/2021\/05\/19009.jpg","contentUrl":"https:\/\/kingprint.mx\/plataforma\/wp-content\/uploads\/2021\/05\/19009.jpg","width":1024,"height":1024},{"@type":"BreadcrumbList","@id":"https:\/\/kingprint.mx\/plataforma\/producto\/100-cajas-microcorrugado-kbe19009\/#breadcrumb","itemListElement":[{"@type":"ListItem","position":1,"name":"Portada","item":"https:\/\/kingprint.mx\/plataforma\/"},{"@type":"ListItem","position":2,"name":"Tienda","item":"https:\/\/kingprint.mx\/plataforma\/tienda\/"},{"@type":"ListItem","position":3,"name":"100 Cajas Microcorrugado Ba\u00fal Autoarmado con impresi\u00f3n"}]},{"@type":"WebSite","@id":"https:\/\/kingprint.mx\/plataforma\/#website","url":"https:\/\/kingprint.mx\/plataforma\/","name":"KingPrint","description":"Especialistas en: Cajas, Empaques, Stickers, Vinil, Serigraf\u00eda, Offset, Textiles y M\u00e1s.","publisher":{"@id":"https:\/\/kingprint.mx\/plataforma\/#organization"},"potentialAction":[{"@type":"SearchAction","target":{"@type":"EntryPoint","urlTemplate":"https:\/\/kingprint.mx\/plataforma\/?s={search_term_string}"},"query-input":{"@type":"PropertyValueSpecification","valueRequired":true,"valueName":"search_term_string"}}],"inLanguage":"es"},{"@type":"Organization","@id":"https:\/\/kingprint.mx\/plataforma\/#organization","name":"KingPrint","url":"https:\/\/kingprint.mx\/plataforma\/","logo":{"@type":"ImageObject","inLanguage":"es","@id":"https:\/\/kingprint.mx\/plataforma\/#\/schema\/logo\/image\/","url":"https:\/\/kingprint.mx\/plataforma\/wp-content\/uploads\/2019\/11\/logomaps.png","contentUrl":"https:\/\/kingprint.mx\/plataforma\/wp-content\/uploads\/2019\/11\/logomaps.png","width":315,"height":315,"caption":"KingPrint"},"image":{"@id":"https:\/\/kingprint.mx\/plataforma\/#\/schema\/logo\/image\/"},"sameAs":["https:\/\/www.facebook.com\/thekingprint","https:\/\/x.com\/KingPrintMex","https:\/\/www.instagram.com\/kingprintmx\/","https:\/\/www.pinterest.com.mx\/kingprintmx\/","https:\/\/www.youtube.com\/channel\/UCFXL84sx-XMcb2te5YV7dKQ"]}]}},"_links":{"self":[{"href":"https:\/\/kingprint.mx\/plataforma\/wp-json\/wp\/v2\/product\/12204","targetHints":{"allow":["GET"]}}],"collection":[{"href":"https:\/\/kingprint.mx\/plataforma\/wp-json\/wp\/v2\/product"}],"about":[{"href":"https:\/\/kingprint.mx\/plataforma\/wp-json\/wp\/v2\/types\/product"}],"wp:featuredmedia":[{"embeddable":true,"href":"https:\/\/kingprint.mx\/plataforma\/wp-json\/wp\/v2\/media\/13219"}],"wp:attachment":[{"href":"https:\/\/kingprint.mx\/plataforma\/wp-json\/wp\/v2\/media?parent=12204"}],"wp:term":[{"taxonomy":"product_brand","embeddable":true,"href":"https:\/\/kingprint.mx\/plataforma\/wp-json\/wp\/v2\/product_brand?post=12204"},{"taxonomy":"product_cat","embeddable":true,"href":"https:\/\/kingprint.mx\/plataforma\/wp-json\/wp\/v2\/product_cat?post=12204"},{"taxonomy":"product_tag","embeddable":true,"href":"https:\/\/kingprint.mx\/plataforma\/wp-json\/wp\/v2\/product_tag?post=12204"}],"curies":[{"name":"wp","href":"https:\/\/api.w.org\/{rel}","templated":true}]}}