{"id":12215,"date":"2021-05-13T14:38:48","date_gmt":"2021-05-13T14:38:48","guid":{"rendered":"https:\/\/kingprint.mx\/plataforma\/?post_type=product&#038;p=12215"},"modified":"2025-11-20T03:56:55","modified_gmt":"2025-11-20T03:56:55","slug":"caja-microcorrugado-kbe19011","status":"publish","type":"product","link":"https:\/\/kingprint.mx\/plataforma\/producto\/caja-microcorrugado-kbe19011\/","title":{"rendered":"Caja Microcorrugado Ba\u00fal Autoarmado"},"content":{"rendered":"<p><span style=\"color: #333333;\"><strong>Tiempo de producci\u00f3n: De 2 a 5 d\u00edas h\u00e1biles<\/strong><\/span><\/p>\n<p><span style=\"color: #333333;\"><strong>No incluye impresi\u00f3n o personalizaci\u00f3n.<\/strong><\/span><\/p>\n","protected":false},"excerpt":{"rendered":"<p>Se entregan extendidas Y\/o sin armar<br \/>\nColor: caf\u00e9<br \/>\n<strong>Se puede personalizar con su dise\u00f1o o logotipo con costo adicional:\u00a0<\/strong><br \/>\n<a class=\"button  button_size_2\" href=\"https:\/\/kingprint.mx\/plataforma\/producto\/100-cajas-microcorrugado-kbe19011\/\"         title=\"\"><span class=\"button_label\"><strong>100 cajas con impresi\u00f3n<\/strong><\/span><\/a>\n<\/p>\n","protected":false},"featured_media":13205,"template":"","meta":{"_joinchat":[]},"product_brand":[],"product_cat":[593,375,521,571],"product_tag":[383,522,523,524,382,381,384,380,525,526],"class_list":{"0":"post-12215","1":"product","2":"type-product","3":"status-publish","4":"has-post-thumbnail","6":"product_cat-baul-autoarmado","7":"product_cat-cajas","8":"product_cat-microcorrugado","9":"product_cat-para-envio","10":"product_tag-caja-microcorrugado","11":"product_tag-caja-para-e-commerce","12":"product_tag-caja-para-ecommerce","13":"product_tag-caja-para-envio","14":"product_tag-caja-personalizada","15":"product_tag-cajas-de-carton","16":"product_tag-cajas-economicas","17":"product_tag-cajas-para-alimentos","18":"product_tag-cajas-para-e-commerce","19":"product_tag-cajas-para-envios","21":"first","22":"instock","23":"shipping-taxable","24":"purchasable","25":"product-type-simple"},"yoast_head":"<!-- This site is optimized with the Yoast SEO plugin v27.0 - https:\/\/yoast.com\/product\/yoast-seo-wordpress\/ -->\n<title>Caja Microcorrugado Ba\u00fal Autoarmado - KingPrint<\/title>\n<meta name=\"description\" content=\"Caja Ideal para Env\u00edos de e-commerce, personal\u00edzala con tu logo o dise\u00f1o, Es Reciclable y ecol\u00f3gica, excelente resistencia al ser caja de ba\u00fal.\" \/>\n<meta name=\"robots\" content=\"index, follow, max-snippet:-1, max-image-preview:large, max-video-preview:-1\" \/>\n<link rel=\"canonical\" href=\"https:\/\/kingprint.mx\/plataforma\/producto\/caja-microcorrugado-kbe19011\/\" \/>\n<meta property=\"og:locale\" content=\"es_ES\" \/>\n<meta property=\"og:type\" content=\"article\" \/>\n<meta property=\"og:title\" content=\"Caja Microcorrugado\" \/>\n<meta property=\"og:description\" content=\"Caja Ideal para Env\u00edos de e-commerce, personal\u00edzala con tu logo o dise\u00f1o, Es Reciclable y ecol\u00f3gica, excelente resistencia al ser caja de ba\u00fal.\" \/>\n<meta property=\"og:url\" content=\"https:\/\/kingprint.mx\/plataforma\/producto\/caja-microcorrugado-kbe19011\/\" \/>\n<meta property=\"og:site_name\" content=\"KingPrint\" \/>\n<meta property=\"article:publisher\" content=\"https:\/\/www.facebook.com\/thekingprint\" \/>\n<meta property=\"article:modified_time\" content=\"2025-11-20T03:56:55+00:00\" \/>\n<meta property=\"og:image\" content=\"https:\/\/kingprint.mx\/plataforma\/wp-content\/uploads\/2021\/05\/19011-1-jpg.webp\" \/>\n\t<meta property=\"og:image:width\" content=\"1000\" \/>\n\t<meta property=\"og:image:height\" content=\"1000\" \/>\n\t<meta property=\"og:image:type\" content=\"image\/webp\" \/>\n<meta name=\"twitter:card\" content=\"summary_large_image\" \/>\n<meta name=\"twitter:title\" content=\"Caja Microcorrugado\" \/>\n<meta name=\"twitter:description\" content=\"Caja Ideal para Env\u00edos de e-commerce, personal\u00edzala con tu logo o dise\u00f1o, Es Reciclable y ecol\u00f3gica, excelente resistencia al ser caja de ba\u00fal.\" \/>\n<meta name=\"twitter:image\" content=\"https:\/\/kingprint.mx\/plataforma\/wp-content\/uploads\/2021\/05\/19013-1-jpg.webp\" \/>\n<meta name=\"twitter:site\" content=\"@KingPrintMex\" \/>\n<meta name=\"twitter:label1\" content=\"Tiempo de lectura\" \/>\n\t<meta name=\"twitter:data1\" content=\"1 minuto\" \/>\n<script type=\"application\/ld+json\" class=\"yoast-schema-graph\">{\"@context\":\"https:\/\/schema.org\",\"@graph\":[{\"@type\":\"WebPage\",\"@id\":\"https:\/\/kingprint.mx\/plataforma\/producto\/caja-microcorrugado-kbe19011\/\",\"url\":\"https:\/\/kingprint.mx\/plataforma\/producto\/caja-microcorrugado-kbe19011\/\",\"name\":\"Caja Microcorrugado Ba\u00fal Autoarmado - KingPrint\",\"isPartOf\":{\"@id\":\"https:\/\/kingprint.mx\/plataforma\/#website\"},\"primaryImageOfPage\":{\"@id\":\"https:\/\/kingprint.mx\/plataforma\/producto\/caja-microcorrugado-kbe19011\/#primaryimage\"},\"image\":{\"@id\":\"https:\/\/kingprint.mx\/plataforma\/producto\/caja-microcorrugado-kbe19011\/#primaryimage\"},\"thumbnailUrl\":\"https:\/\/kingprint.mx\/plataforma\/wp-content\/uploads\/2021\/05\/19011-1-jpg.webp\",\"datePublished\":\"2021-05-13T14:38:48+00:00\",\"dateModified\":\"2025-11-20T03:56:55+00:00\",\"description\":\"Caja Ideal para Env\u00edos de e-commerce, personal\u00edzala con tu logo o dise\u00f1o, Es Reciclable y ecol\u00f3gica, excelente resistencia al ser caja de ba\u00fal.\",\"breadcrumb\":{\"@id\":\"https:\/\/kingprint.mx\/plataforma\/producto\/caja-microcorrugado-kbe19011\/#breadcrumb\"},\"inLanguage\":\"es\",\"potentialAction\":[{\"@type\":\"ReadAction\",\"target\":[\"https:\/\/kingprint.mx\/plataforma\/producto\/caja-microcorrugado-kbe19011\/\"]}]},{\"@type\":\"ImageObject\",\"inLanguage\":\"es\",\"@id\":\"https:\/\/kingprint.mx\/plataforma\/producto\/caja-microcorrugado-kbe19011\/#primaryimage\",\"url\":\"https:\/\/kingprint.mx\/plataforma\/wp-content\/uploads\/2021\/05\/19011-1-jpg.webp\",\"contentUrl\":\"https:\/\/kingprint.mx\/plataforma\/wp-content\/uploads\/2021\/05\/19011-1-jpg.webp\",\"width\":1000,\"height\":1000},{\"@type\":\"BreadcrumbList\",\"@id\":\"https:\/\/kingprint.mx\/plataforma\/producto\/caja-microcorrugado-kbe19011\/#breadcrumb\",\"itemListElement\":[{\"@type\":\"ListItem\",\"position\":1,\"name\":\"Portada\",\"item\":\"https:\/\/kingprint.mx\/plataforma\/\"},{\"@type\":\"ListItem\",\"position\":2,\"name\":\"Tienda\",\"item\":\"https:\/\/kingprint.mx\/plataforma\/tienda\/\"},{\"@type\":\"ListItem\",\"position\":3,\"name\":\"Caja Microcorrugado Ba\u00fal Autoarmado\"}]},{\"@type\":\"WebSite\",\"@id\":\"https:\/\/kingprint.mx\/plataforma\/#website\",\"url\":\"https:\/\/kingprint.mx\/plataforma\/\",\"name\":\"KingPrint\",\"description\":\"Especialistas en: Cajas, Empaques, Stickers, Vinil, Serigraf\u00eda, Offset, Textiles y M\u00e1s.\",\"publisher\":{\"@id\":\"https:\/\/kingprint.mx\/plataforma\/#organization\"},\"potentialAction\":[{\"@type\":\"SearchAction\",\"target\":{\"@type\":\"EntryPoint\",\"urlTemplate\":\"https:\/\/kingprint.mx\/plataforma\/?s={search_term_string}\"},\"query-input\":{\"@type\":\"PropertyValueSpecification\",\"valueRequired\":true,\"valueName\":\"search_term_string\"}}],\"inLanguage\":\"es\"},{\"@type\":\"Organization\",\"@id\":\"https:\/\/kingprint.mx\/plataforma\/#organization\",\"name\":\"KingPrint\",\"url\":\"https:\/\/kingprint.mx\/plataforma\/\",\"logo\":{\"@type\":\"ImageObject\",\"inLanguage\":\"es\",\"@id\":\"https:\/\/kingprint.mx\/plataforma\/#\/schema\/logo\/image\/\",\"url\":\"https:\/\/kingprint.mx\/plataforma\/wp-content\/uploads\/2019\/11\/logomaps.png\",\"contentUrl\":\"https:\/\/kingprint.mx\/plataforma\/wp-content\/uploads\/2019\/11\/logomaps.png\",\"width\":315,\"height\":315,\"caption\":\"KingPrint\"},\"image\":{\"@id\":\"https:\/\/kingprint.mx\/plataforma\/#\/schema\/logo\/image\/\"},\"sameAs\":[\"https:\/\/www.facebook.com\/thekingprint\",\"https:\/\/x.com\/KingPrintMex\",\"https:\/\/www.instagram.com\/kingprintmx\/\",\"https:\/\/www.pinterest.com.mx\/kingprintmx\/\",\"https:\/\/www.youtube.com\/channel\/UCFXL84sx-XMcb2te5YV7dKQ\"]}]}<\/script>\n<!-- \/ Yoast SEO plugin. -->","yoast_head_json":{"title":"Caja Microcorrugado Ba\u00fal Autoarmado - KingPrint","description":"Caja Ideal para Env\u00edos de e-commerce, personal\u00edzala con tu logo o dise\u00f1o, Es Reciclable y ecol\u00f3gica, excelente resistencia al ser caja de ba\u00fal.","robots":{"index":"index","follow":"follow","max-snippet":"max-snippet:-1","max-image-preview":"max-image-preview:large","max-video-preview":"max-video-preview:-1"},"canonical":"https:\/\/kingprint.mx\/plataforma\/producto\/caja-microcorrugado-kbe19011\/","og_locale":"es_ES","og_type":"article","og_title":"Caja Microcorrugado","og_description":"Caja Ideal para Env\u00edos de e-commerce, personal\u00edzala con tu logo o dise\u00f1o, Es Reciclable y ecol\u00f3gica, excelente resistencia al ser caja de ba\u00fal.","og_url":"https:\/\/kingprint.mx\/plataforma\/producto\/caja-microcorrugado-kbe19011\/","og_site_name":"KingPrint","article_publisher":"https:\/\/www.facebook.com\/thekingprint","article_modified_time":"2025-11-20T03:56:55+00:00","og_image":[{"width":1000,"height":1000,"url":"https:\/\/kingprint.mx\/plataforma\/wp-content\/uploads\/2021\/05\/19011-1-jpg.webp","type":"image\/webp"}],"twitter_card":"summary_large_image","twitter_title":"Caja Microcorrugado","twitter_description":"Caja Ideal para Env\u00edos de e-commerce, personal\u00edzala con tu logo o dise\u00f1o, Es Reciclable y ecol\u00f3gica, excelente resistencia al ser caja de ba\u00fal.","twitter_image":"https:\/\/kingprint.mx\/plataforma\/wp-content\/uploads\/2021\/05\/19013-1-jpg.webp","twitter_site":"@KingPrintMex","twitter_misc":{"Tiempo de lectura":"1 minuto"},"schema":{"@context":"https:\/\/schema.org","@graph":[{"@type":"WebPage","@id":"https:\/\/kingprint.mx\/plataforma\/producto\/caja-microcorrugado-kbe19011\/","url":"https:\/\/kingprint.mx\/plataforma\/producto\/caja-microcorrugado-kbe19011\/","name":"Caja Microcorrugado Ba\u00fal Autoarmado - KingPrint","isPartOf":{"@id":"https:\/\/kingprint.mx\/plataforma\/#website"},"primaryImageOfPage":{"@id":"https:\/\/kingprint.mx\/plataforma\/producto\/caja-microcorrugado-kbe19011\/#primaryimage"},"image":{"@id":"https:\/\/kingprint.mx\/plataforma\/producto\/caja-microcorrugado-kbe19011\/#primaryimage"},"thumbnailUrl":"https:\/\/kingprint.mx\/plataforma\/wp-content\/uploads\/2021\/05\/19011-1-jpg.webp","datePublished":"2021-05-13T14:38:48+00:00","dateModified":"2025-11-20T03:56:55+00:00","description":"Caja Ideal para Env\u00edos de e-commerce, personal\u00edzala con tu logo o dise\u00f1o, Es Reciclable y ecol\u00f3gica, excelente resistencia al ser caja de ba\u00fal.","breadcrumb":{"@id":"https:\/\/kingprint.mx\/plataforma\/producto\/caja-microcorrugado-kbe19011\/#breadcrumb"},"inLanguage":"es","potentialAction":[{"@type":"ReadAction","target":["https:\/\/kingprint.mx\/plataforma\/producto\/caja-microcorrugado-kbe19011\/"]}]},{"@type":"ImageObject","inLanguage":"es","@id":"https:\/\/kingprint.mx\/plataforma\/producto\/caja-microcorrugado-kbe19011\/#primaryimage","url":"https:\/\/kingprint.mx\/plataforma\/wp-content\/uploads\/2021\/05\/19011-1-jpg.webp","contentUrl":"https:\/\/kingprint.mx\/plataforma\/wp-content\/uploads\/2021\/05\/19011-1-jpg.webp","width":1000,"height":1000},{"@type":"BreadcrumbList","@id":"https:\/\/kingprint.mx\/plataforma\/producto\/caja-microcorrugado-kbe19011\/#breadcrumb","itemListElement":[{"@type":"ListItem","position":1,"name":"Portada","item":"https:\/\/kingprint.mx\/plataforma\/"},{"@type":"ListItem","position":2,"name":"Tienda","item":"https:\/\/kingprint.mx\/plataforma\/tienda\/"},{"@type":"ListItem","position":3,"name":"Caja Microcorrugado Ba\u00fal Autoarmado"}]},{"@type":"WebSite","@id":"https:\/\/kingprint.mx\/plataforma\/#website","url":"https:\/\/kingprint.mx\/plataforma\/","name":"KingPrint","description":"Especialistas en: Cajas, Empaques, Stickers, Vinil, Serigraf\u00eda, Offset, Textiles y M\u00e1s.","publisher":{"@id":"https:\/\/kingprint.mx\/plataforma\/#organization"},"potentialAction":[{"@type":"SearchAction","target":{"@type":"EntryPoint","urlTemplate":"https:\/\/kingprint.mx\/plataforma\/?s={search_term_string}"},"query-input":{"@type":"PropertyValueSpecification","valueRequired":true,"valueName":"search_term_string"}}],"inLanguage":"es"},{"@type":"Organization","@id":"https:\/\/kingprint.mx\/plataforma\/#organization","name":"KingPrint","url":"https:\/\/kingprint.mx\/plataforma\/","logo":{"@type":"ImageObject","inLanguage":"es","@id":"https:\/\/kingprint.mx\/plataforma\/#\/schema\/logo\/image\/","url":"https:\/\/kingprint.mx\/plataforma\/wp-content\/uploads\/2019\/11\/logomaps.png","contentUrl":"https:\/\/kingprint.mx\/plataforma\/wp-content\/uploads\/2019\/11\/logomaps.png","width":315,"height":315,"caption":"KingPrint"},"image":{"@id":"https:\/\/kingprint.mx\/plataforma\/#\/schema\/logo\/image\/"},"sameAs":["https:\/\/www.facebook.com\/thekingprint","https:\/\/x.com\/KingPrintMex","https:\/\/www.instagram.com\/kingprintmx\/","https:\/\/www.pinterest.com.mx\/kingprintmx\/","https:\/\/www.youtube.com\/channel\/UCFXL84sx-XMcb2te5YV7dKQ"]}]}},"_links":{"self":[{"href":"https:\/\/kingprint.mx\/plataforma\/wp-json\/wp\/v2\/product\/12215","targetHints":{"allow":["GET"]}}],"collection":[{"href":"https:\/\/kingprint.mx\/plataforma\/wp-json\/wp\/v2\/product"}],"about":[{"href":"https:\/\/kingprint.mx\/plataforma\/wp-json\/wp\/v2\/types\/product"}],"wp:featuredmedia":[{"embeddable":true,"href":"https:\/\/kingprint.mx\/plataforma\/wp-json\/wp\/v2\/media\/13205"}],"wp:attachment":[{"href":"https:\/\/kingprint.mx\/plataforma\/wp-json\/wp\/v2\/media?parent=12215"}],"wp:term":[{"taxonomy":"product_brand","embeddable":true,"href":"https:\/\/kingprint.mx\/plataforma\/wp-json\/wp\/v2\/product_brand?post=12215"},{"taxonomy":"product_cat","embeddable":true,"href":"https:\/\/kingprint.mx\/plataforma\/wp-json\/wp\/v2\/product_cat?post=12215"},{"taxonomy":"product_tag","embeddable":true,"href":"https:\/\/kingprint.mx\/plataforma\/wp-json\/wp\/v2\/product_tag?post=12215"}],"curies":[{"name":"wp","href":"https:\/\/api.w.org\/{rel}","templated":true}]}}