{"id":12501,"date":"2022-06-07T16:32:22","date_gmt":"2022-06-07T16:32:22","guid":{"rendered":"https:\/\/kingprint.mx\/plataforma\/?post_type=product&#038;p=12501"},"modified":"2025-11-10T05:03:01","modified_gmt":"2025-11-10T05:03:01","slug":"caja-microcorrugado-20x5-5x3-5-cm","status":"publish","type":"product","link":"https:\/\/kingprint.mx\/plataforma\/producto\/caja-microcorrugado-20x5-5x3-5-cm\/","title":{"rendered":"Caja microcorrugado 20&#215;5.5&#215;3.5 cm"},"content":{"rendered":"<p><span style=\"color: #333333;\"><strong>Tiempo de producci\u00f3n de 2 a 4 d\u00edas h\u00e1biles, no incluye impresi\u00f3n o personalizaci\u00f3n.<\/strong><\/span><\/p>\n","protected":false},"excerpt":{"rendered":"<p><strong>Medida extendida: 34 x 12 cm <\/strong><br \/>\nCart\u00f3n microcorrugado<br \/>\nSe entregan extendidas y\/o sin armar<br \/>\nColor interior y exterior: Caf\u00e9<\/p>\n<p><strong>Se puede personalizar con su dise\u00f1o o logotipo con costo adicional:\u00a0<\/strong><br \/>\n<a class=\"button  button_size_2\" href=\"https:\/\/kingbox.mx\/producto\/100-cajas-microcorrugado-20x5-5x3-5-cm-con-impresion\/\"         title=\"\"><span class=\"button_label\"><strong>100 Cajas con impresi\u00f3n<\/strong><\/span><\/a>\n<\/p>\n","protected":false},"featured_media":13136,"template":"","meta":{"_joinchat":[]},"product_brand":[],"product_cat":[375,586,385,521,571],"product_tag":[383,522,523,524,382,381,384,380,525,526],"class_list":{"0":"post-12501","1":"product","2":"type-product","3":"status-publish","4":"has-post-thumbnail","6":"product_cat-cajas","7":"product_cat-con-tapa","8":"product_cat-de-carton","9":"product_cat-microcorrugado","10":"product_cat-para-envio","11":"product_tag-caja-microcorrugado","12":"product_tag-caja-para-e-commerce","13":"product_tag-caja-para-ecommerce","14":"product_tag-caja-para-envio","15":"product_tag-caja-personalizada","16":"product_tag-cajas-de-carton","17":"product_tag-cajas-economicas","18":"product_tag-cajas-para-alimentos","19":"product_tag-cajas-para-e-commerce","20":"product_tag-cajas-para-envios","22":"first","23":"instock","24":"shipping-taxable","25":"purchasable","26":"product-type-simple"},"yoast_head":"<!-- This site is optimized with the Yoast SEO plugin v27.0 - https:\/\/yoast.com\/product\/yoast-seo-wordpress\/ -->\n<title>Caja microcorrugado 20x5.5x3.5 cm - KingPrint<\/title>\n<meta name=\"description\" content=\"Caja ideal para env\u00edos de e-commerce, personal\u00edzala con tu logo o dise\u00f1o, es reciclable y ecol\u00f3gica, excelente resistencia.\" \/>\n<meta name=\"robots\" content=\"index, follow, max-snippet:-1, max-image-preview:large, max-video-preview:-1\" \/>\n<link rel=\"canonical\" href=\"https:\/\/kingprint.mx\/plataforma\/producto\/caja-microcorrugado-20x5-5x3-5-cm\/\" \/>\n<meta property=\"og:locale\" content=\"es_ES\" \/>\n<meta property=\"og:type\" content=\"article\" \/>\n<meta property=\"og:title\" content=\"Caja microcorrugado 20x5.5x3.5 cm - KingPrint\" \/>\n<meta property=\"og:description\" content=\"Caja ideal para env\u00edos de e-commerce, personal\u00edzala con tu logo o dise\u00f1o, es reciclable y ecol\u00f3gica, excelente resistencia.\" \/>\n<meta property=\"og:url\" content=\"https:\/\/kingprint.mx\/plataforma\/producto\/caja-microcorrugado-20x5-5x3-5-cm\/\" \/>\n<meta property=\"og:site_name\" content=\"KingPrint\" \/>\n<meta property=\"article:publisher\" content=\"https:\/\/www.facebook.com\/thekingprint\" \/>\n<meta property=\"article:modified_time\" content=\"2025-11-10T05:03:01+00:00\" \/>\n<meta name=\"twitter:card\" content=\"summary_large_image\" \/>\n<meta name=\"twitter:site\" content=\"@KingPrintMex\" \/>\n<script type=\"application\/ld+json\" class=\"yoast-schema-graph\">{\"@context\":\"https:\/\/schema.org\",\"@graph\":[{\"@type\":\"WebPage\",\"@id\":\"https:\/\/kingprint.mx\/plataforma\/producto\/caja-microcorrugado-20x5-5x3-5-cm\/\",\"url\":\"https:\/\/kingprint.mx\/plataforma\/producto\/caja-microcorrugado-20x5-5x3-5-cm\/\",\"name\":\"Caja microcorrugado 20x5.5x3.5 cm - KingPrint\",\"isPartOf\":{\"@id\":\"https:\/\/kingprint.mx\/plataforma\/#website\"},\"primaryImageOfPage\":{\"@id\":\"https:\/\/kingprint.mx\/plataforma\/producto\/caja-microcorrugado-20x5-5x3-5-cm\/#primaryimage\"},\"image\":{\"@id\":\"https:\/\/kingprint.mx\/plataforma\/producto\/caja-microcorrugado-20x5-5x3-5-cm\/#primaryimage\"},\"thumbnailUrl\":\"https:\/\/kingprint.mx\/plataforma\/wp-content\/uploads\/2025\/11\/5656-2-scaled-1.jpg\",\"datePublished\":\"2022-06-07T16:32:22+00:00\",\"dateModified\":\"2025-11-10T05:03:01+00:00\",\"description\":\"Caja ideal para env\u00edos de e-commerce, personal\u00edzala con tu logo o dise\u00f1o, es reciclable y ecol\u00f3gica, excelente resistencia.\",\"breadcrumb\":{\"@id\":\"https:\/\/kingprint.mx\/plataforma\/producto\/caja-microcorrugado-20x5-5x3-5-cm\/#breadcrumb\"},\"inLanguage\":\"es\",\"potentialAction\":[{\"@type\":\"ReadAction\",\"target\":[\"https:\/\/kingprint.mx\/plataforma\/producto\/caja-microcorrugado-20x5-5x3-5-cm\/\"]}]},{\"@type\":\"ImageObject\",\"inLanguage\":\"es\",\"@id\":\"https:\/\/kingprint.mx\/plataforma\/producto\/caja-microcorrugado-20x5-5x3-5-cm\/#primaryimage\",\"url\":\"https:\/\/kingprint.mx\/plataforma\/wp-content\/uploads\/2025\/11\/5656-2-scaled-1.jpg\",\"contentUrl\":\"https:\/\/kingprint.mx\/plataforma\/wp-content\/uploads\/2025\/11\/5656-2-scaled-1.jpg\",\"width\":2560,\"height\":1920},{\"@type\":\"BreadcrumbList\",\"@id\":\"https:\/\/kingprint.mx\/plataforma\/producto\/caja-microcorrugado-20x5-5x3-5-cm\/#breadcrumb\",\"itemListElement\":[{\"@type\":\"ListItem\",\"position\":1,\"name\":\"Portada\",\"item\":\"https:\/\/kingprint.mx\/plataforma\/\"},{\"@type\":\"ListItem\",\"position\":2,\"name\":\"Tienda\",\"item\":\"https:\/\/kingprint.mx\/plataforma\/tienda\/\"},{\"@type\":\"ListItem\",\"position\":3,\"name\":\"Caja microcorrugado 20&#215;5.5&#215;3.5 cm\"}]},{\"@type\":\"WebSite\",\"@id\":\"https:\/\/kingprint.mx\/plataforma\/#website\",\"url\":\"https:\/\/kingprint.mx\/plataforma\/\",\"name\":\"KingPrint\",\"description\":\"Especialistas en: Cajas, Empaques, Stickers, Vinil, Serigraf\u00eda, Offset, Textiles y M\u00e1s.\",\"publisher\":{\"@id\":\"https:\/\/kingprint.mx\/plataforma\/#organization\"},\"potentialAction\":[{\"@type\":\"SearchAction\",\"target\":{\"@type\":\"EntryPoint\",\"urlTemplate\":\"https:\/\/kingprint.mx\/plataforma\/?s={search_term_string}\"},\"query-input\":{\"@type\":\"PropertyValueSpecification\",\"valueRequired\":true,\"valueName\":\"search_term_string\"}}],\"inLanguage\":\"es\"},{\"@type\":\"Organization\",\"@id\":\"https:\/\/kingprint.mx\/plataforma\/#organization\",\"name\":\"KingPrint\",\"url\":\"https:\/\/kingprint.mx\/plataforma\/\",\"logo\":{\"@type\":\"ImageObject\",\"inLanguage\":\"es\",\"@id\":\"https:\/\/kingprint.mx\/plataforma\/#\/schema\/logo\/image\/\",\"url\":\"https:\/\/kingprint.mx\/plataforma\/wp-content\/uploads\/2019\/11\/logomaps.png\",\"contentUrl\":\"https:\/\/kingprint.mx\/plataforma\/wp-content\/uploads\/2019\/11\/logomaps.png\",\"width\":315,\"height\":315,\"caption\":\"KingPrint\"},\"image\":{\"@id\":\"https:\/\/kingprint.mx\/plataforma\/#\/schema\/logo\/image\/\"},\"sameAs\":[\"https:\/\/www.facebook.com\/thekingprint\",\"https:\/\/x.com\/KingPrintMex\",\"https:\/\/www.instagram.com\/kingprintmx\/\",\"https:\/\/www.pinterest.com.mx\/kingprintmx\/\",\"https:\/\/www.youtube.com\/channel\/UCFXL84sx-XMcb2te5YV7dKQ\"]}]}<\/script>\n<!-- \/ Yoast SEO plugin. -->","yoast_head_json":{"title":"Caja microcorrugado 20x5.5x3.5 cm - KingPrint","description":"Caja ideal para env\u00edos de e-commerce, personal\u00edzala con tu logo o dise\u00f1o, es reciclable y ecol\u00f3gica, excelente resistencia.","robots":{"index":"index","follow":"follow","max-snippet":"max-snippet:-1","max-image-preview":"max-image-preview:large","max-video-preview":"max-video-preview:-1"},"canonical":"https:\/\/kingprint.mx\/plataforma\/producto\/caja-microcorrugado-20x5-5x3-5-cm\/","og_locale":"es_ES","og_type":"article","og_title":"Caja microcorrugado 20x5.5x3.5 cm - KingPrint","og_description":"Caja ideal para env\u00edos de e-commerce, personal\u00edzala con tu logo o dise\u00f1o, es reciclable y ecol\u00f3gica, excelente resistencia.","og_url":"https:\/\/kingprint.mx\/plataforma\/producto\/caja-microcorrugado-20x5-5x3-5-cm\/","og_site_name":"KingPrint","article_publisher":"https:\/\/www.facebook.com\/thekingprint","article_modified_time":"2025-11-10T05:03:01+00:00","twitter_card":"summary_large_image","twitter_site":"@KingPrintMex","schema":{"@context":"https:\/\/schema.org","@graph":[{"@type":"WebPage","@id":"https:\/\/kingprint.mx\/plataforma\/producto\/caja-microcorrugado-20x5-5x3-5-cm\/","url":"https:\/\/kingprint.mx\/plataforma\/producto\/caja-microcorrugado-20x5-5x3-5-cm\/","name":"Caja microcorrugado 20x5.5x3.5 cm - KingPrint","isPartOf":{"@id":"https:\/\/kingprint.mx\/plataforma\/#website"},"primaryImageOfPage":{"@id":"https:\/\/kingprint.mx\/plataforma\/producto\/caja-microcorrugado-20x5-5x3-5-cm\/#primaryimage"},"image":{"@id":"https:\/\/kingprint.mx\/plataforma\/producto\/caja-microcorrugado-20x5-5x3-5-cm\/#primaryimage"},"thumbnailUrl":"https:\/\/kingprint.mx\/plataforma\/wp-content\/uploads\/2025\/11\/5656-2-scaled-1.jpg","datePublished":"2022-06-07T16:32:22+00:00","dateModified":"2025-11-10T05:03:01+00:00","description":"Caja ideal para env\u00edos de e-commerce, personal\u00edzala con tu logo o dise\u00f1o, es reciclable y ecol\u00f3gica, excelente resistencia.","breadcrumb":{"@id":"https:\/\/kingprint.mx\/plataforma\/producto\/caja-microcorrugado-20x5-5x3-5-cm\/#breadcrumb"},"inLanguage":"es","potentialAction":[{"@type":"ReadAction","target":["https:\/\/kingprint.mx\/plataforma\/producto\/caja-microcorrugado-20x5-5x3-5-cm\/"]}]},{"@type":"ImageObject","inLanguage":"es","@id":"https:\/\/kingprint.mx\/plataforma\/producto\/caja-microcorrugado-20x5-5x3-5-cm\/#primaryimage","url":"https:\/\/kingprint.mx\/plataforma\/wp-content\/uploads\/2025\/11\/5656-2-scaled-1.jpg","contentUrl":"https:\/\/kingprint.mx\/plataforma\/wp-content\/uploads\/2025\/11\/5656-2-scaled-1.jpg","width":2560,"height":1920},{"@type":"BreadcrumbList","@id":"https:\/\/kingprint.mx\/plataforma\/producto\/caja-microcorrugado-20x5-5x3-5-cm\/#breadcrumb","itemListElement":[{"@type":"ListItem","position":1,"name":"Portada","item":"https:\/\/kingprint.mx\/plataforma\/"},{"@type":"ListItem","position":2,"name":"Tienda","item":"https:\/\/kingprint.mx\/plataforma\/tienda\/"},{"@type":"ListItem","position":3,"name":"Caja microcorrugado 20&#215;5.5&#215;3.5 cm"}]},{"@type":"WebSite","@id":"https:\/\/kingprint.mx\/plataforma\/#website","url":"https:\/\/kingprint.mx\/plataforma\/","name":"KingPrint","description":"Especialistas en: Cajas, Empaques, Stickers, Vinil, Serigraf\u00eda, Offset, Textiles y M\u00e1s.","publisher":{"@id":"https:\/\/kingprint.mx\/plataforma\/#organization"},"potentialAction":[{"@type":"SearchAction","target":{"@type":"EntryPoint","urlTemplate":"https:\/\/kingprint.mx\/plataforma\/?s={search_term_string}"},"query-input":{"@type":"PropertyValueSpecification","valueRequired":true,"valueName":"search_term_string"}}],"inLanguage":"es"},{"@type":"Organization","@id":"https:\/\/kingprint.mx\/plataforma\/#organization","name":"KingPrint","url":"https:\/\/kingprint.mx\/plataforma\/","logo":{"@type":"ImageObject","inLanguage":"es","@id":"https:\/\/kingprint.mx\/plataforma\/#\/schema\/logo\/image\/","url":"https:\/\/kingprint.mx\/plataforma\/wp-content\/uploads\/2019\/11\/logomaps.png","contentUrl":"https:\/\/kingprint.mx\/plataforma\/wp-content\/uploads\/2019\/11\/logomaps.png","width":315,"height":315,"caption":"KingPrint"},"image":{"@id":"https:\/\/kingprint.mx\/plataforma\/#\/schema\/logo\/image\/"},"sameAs":["https:\/\/www.facebook.com\/thekingprint","https:\/\/x.com\/KingPrintMex","https:\/\/www.instagram.com\/kingprintmx\/","https:\/\/www.pinterest.com.mx\/kingprintmx\/","https:\/\/www.youtube.com\/channel\/UCFXL84sx-XMcb2te5YV7dKQ"]}]}},"_links":{"self":[{"href":"https:\/\/kingprint.mx\/plataforma\/wp-json\/wp\/v2\/product\/12501","targetHints":{"allow":["GET"]}}],"collection":[{"href":"https:\/\/kingprint.mx\/plataforma\/wp-json\/wp\/v2\/product"}],"about":[{"href":"https:\/\/kingprint.mx\/plataforma\/wp-json\/wp\/v2\/types\/product"}],"wp:featuredmedia":[{"embeddable":true,"href":"https:\/\/kingprint.mx\/plataforma\/wp-json\/wp\/v2\/media\/13136"}],"wp:attachment":[{"href":"https:\/\/kingprint.mx\/plataforma\/wp-json\/wp\/v2\/media?parent=12501"}],"wp:term":[{"taxonomy":"product_brand","embeddable":true,"href":"https:\/\/kingprint.mx\/plataforma\/wp-json\/wp\/v2\/product_brand?post=12501"},{"taxonomy":"product_cat","embeddable":true,"href":"https:\/\/kingprint.mx\/plataforma\/wp-json\/wp\/v2\/product_cat?post=12501"},{"taxonomy":"product_tag","embeddable":true,"href":"https:\/\/kingprint.mx\/plataforma\/wp-json\/wp\/v2\/product_tag?post=12501"}],"curies":[{"name":"wp","href":"https:\/\/api.w.org\/{rel}","templated":true}]}}