{"id":12538,"date":"2022-06-07T20:39:17","date_gmt":"2022-06-07T20:39:17","guid":{"rendered":"https:\/\/kingprint.mx\/plataforma\/?post_type=product&#038;p=12538"},"modified":"2025-11-18T15:44:25","modified_gmt":"2025-11-18T15:44:25","slug":"100-cajas-triangulo-para-rebanada-de-pizza-con-impresion","status":"publish","type":"product","link":"https:\/\/kingprint.mx\/plataforma\/producto\/100-cajas-triangulo-para-rebanada-de-pizza-con-impresion\/","title":{"rendered":"100 Cajas tri\u00e1ngulo para rebanada de pizza con impresi\u00f3n"},"content":{"rendered":"<p><span style=\"color: #333333;\"><strong>Tiempo de producci\u00f3n de 6 a 8 d\u00edas h\u00e1biles, incluye personalizaci\u00f3n de dise\u00f1o, precio basado en 100 cajas con el mismo dise\u00f1o, Incluye impresi\u00f3n de 21X28 cm m\u00e1ximo, para otras \u00e1reas de impresi\u00f3n consultar costo, para caja prefabricada no se manejan plastas.<\/strong><\/span><\/p>\n","protected":false},"excerpt":{"rendered":"<p><strong>Medida extendida: 50 X 33 cm <\/strong><br \/>\n<strong>Gramaje:<\/strong> 12 Puntos<br \/>\n<strong>Color exterior:<\/strong>\u00a0Caf\u00e9<br \/>\n<strong>Color interior:<\/strong>\u00a0Caf\u00e9<br \/>\nImpresi\u00f3n a 1 tinta con t\u00e9cnica de serigraf\u00eda*<br \/>\nSe entregan extendidas y\/o sin armar<\/p>\n<p><span style=\"color: #333333;\"><em><b>Si no cuenta con el dise\u00f1o nosotros le podemos ayudar<\/b><\/em><\/span><\/p>\n","protected":false},"featured_media":13275,"template":"","meta":{"_joinchat":[]},"product_brand":[],"product_cat":[376,375,560,419,377],"product_tag":[422,424,423,396,425,397,382,408,409,381,384,410,407,411,588,398],"class_list":{"0":"post-12538","1":"product","2":"type-product","3":"status-publish","4":"has-post-thumbnail","6":"product_cat-alimentos","7":"product_cat-cajas","8":"product_cat-kraft","9":"product_cat-para-pizza","10":"product_cat-reposteria","11":"product_tag-caja","12":"product_tag-caja-blanca","13":"product_tag-caja-con-diseno","14":"product_tag-caja-con-impresion","15":"product_tag-caja-con-serigrafia","16":"product_tag-caja-impresa","17":"product_tag-caja-personalizada","18":"product_tag-cajas-caple","19":"product_tag-cajas-craft","20":"product_tag-cajas-de-carton","21":"product_tag-cajas-economicas","22":"product_tag-cajas-kraft","23":"product_tag-cajas-para-regalos","24":"product_tag-diseno-de-cajas","25":"product_tag-kraft","26":"product_tag-productos-de-carton","28":"first","29":"instock","30":"shipping-taxable","31":"purchasable","32":"product-type-simple"},"yoast_head":"<!-- This site is optimized with the Yoast SEO plugin v27.0 - https:\/\/yoast.com\/product\/yoast-seo-wordpress\/ -->\n<title>100 Cajas tri\u00e1ngulo para rebanada de pizza con impresi\u00f3n - KingPrint<\/title>\n<meta name=\"description\" content=\"Caja ideal para entregas personales, personal\u00edzala con tu logo o dise\u00f1o, es reciclable y ecol\u00f3gica, excelente resistencia.\" \/>\n<meta name=\"robots\" content=\"index, follow, max-snippet:-1, max-image-preview:large, max-video-preview:-1\" \/>\n<link rel=\"canonical\" href=\"https:\/\/kingprint.mx\/plataforma\/producto\/100-cajas-triangulo-para-rebanada-de-pizza-con-impresion\/\" \/>\n<meta property=\"og:locale\" content=\"es_ES\" \/>\n<meta property=\"og:type\" content=\"article\" \/>\n<meta property=\"og:title\" content=\"100 Cajas tri\u00e1ngulo para rebanada de pizza con impresi\u00f3n\" \/>\n<meta property=\"og:description\" content=\"Caja ideal para entregas personales, personal\u00edzala con tu logo o dise\u00f1o, es reciclable y ecol\u00f3gica, excelente resistencia.\" \/>\n<meta property=\"og:url\" content=\"https:\/\/kingprint.mx\/plataforma\/producto\/100-cajas-triangulo-para-rebanada-de-pizza-con-impresion\/\" \/>\n<meta property=\"og:site_name\" content=\"KingPrint\" \/>\n<meta property=\"article:publisher\" content=\"https:\/\/www.facebook.com\/thekingprint\" \/>\n<meta property=\"article:modified_time\" content=\"2025-11-18T15:44:25+00:00\" \/>\n<meta property=\"og:image\" content=\"https:\/\/kingprint.mx\/plataforma\/wp-content\/uploads\/2022\/06\/pizza-I.jpg\" \/>\n\t<meta property=\"og:image:width\" content=\"600\" \/>\n\t<meta property=\"og:image:height\" content=\"600\" \/>\n\t<meta property=\"og:image:type\" content=\"image\/jpeg\" \/>\n<meta name=\"twitter:card\" content=\"summary_large_image\" \/>\n<meta name=\"twitter:title\" content=\"100 Cajas tri\u00e1ngulo para rebanada de pizza con impresi\u00f3n\" \/>\n<meta name=\"twitter:description\" content=\"Caja ideal para entregas personales, personal\u00edzala con tu logo o dise\u00f1o, es reciclable y ecol\u00f3gica, excelente resistencia.\" \/>\n<meta name=\"twitter:image\" content=\"https:\/\/kingprint.mx\/plataforma\/wp-content\/uploads\/2022\/06\/pizza-I.jpg\" \/>\n<meta name=\"twitter:site\" content=\"@KingPrintMex\" \/>\n<meta name=\"twitter:label1\" content=\"Tiempo de lectura\" \/>\n\t<meta name=\"twitter:data1\" content=\"1 minuto\" \/>\n<script type=\"application\/ld+json\" class=\"yoast-schema-graph\">{\"@context\":\"https:\/\/schema.org\",\"@graph\":[{\"@type\":\"WebPage\",\"@id\":\"https:\/\/kingprint.mx\/plataforma\/producto\/100-cajas-triangulo-para-rebanada-de-pizza-con-impresion\/\",\"url\":\"https:\/\/kingprint.mx\/plataforma\/producto\/100-cajas-triangulo-para-rebanada-de-pizza-con-impresion\/\",\"name\":\"100 Cajas tri\u00e1ngulo para rebanada de pizza con impresi\u00f3n - KingPrint\",\"isPartOf\":{\"@id\":\"https:\/\/kingprint.mx\/plataforma\/#website\"},\"primaryImageOfPage\":{\"@id\":\"https:\/\/kingprint.mx\/plataforma\/producto\/100-cajas-triangulo-para-rebanada-de-pizza-con-impresion\/#primaryimage\"},\"image\":{\"@id\":\"https:\/\/kingprint.mx\/plataforma\/producto\/100-cajas-triangulo-para-rebanada-de-pizza-con-impresion\/#primaryimage\"},\"thumbnailUrl\":\"https:\/\/kingprint.mx\/plataforma\/wp-content\/uploads\/2022\/06\/pizza-I.jpg\",\"datePublished\":\"2022-06-07T20:39:17+00:00\",\"dateModified\":\"2025-11-18T15:44:25+00:00\",\"description\":\"Caja ideal para entregas personales, personal\u00edzala con tu logo o dise\u00f1o, es reciclable y ecol\u00f3gica, excelente resistencia.\",\"breadcrumb\":{\"@id\":\"https:\/\/kingprint.mx\/plataforma\/producto\/100-cajas-triangulo-para-rebanada-de-pizza-con-impresion\/#breadcrumb\"},\"inLanguage\":\"es\",\"potentialAction\":[{\"@type\":\"ReadAction\",\"target\":[\"https:\/\/kingprint.mx\/plataforma\/producto\/100-cajas-triangulo-para-rebanada-de-pizza-con-impresion\/\"]}]},{\"@type\":\"ImageObject\",\"inLanguage\":\"es\",\"@id\":\"https:\/\/kingprint.mx\/plataforma\/producto\/100-cajas-triangulo-para-rebanada-de-pizza-con-impresion\/#primaryimage\",\"url\":\"https:\/\/kingprint.mx\/plataforma\/wp-content\/uploads\/2022\/06\/pizza-I.jpg\",\"contentUrl\":\"https:\/\/kingprint.mx\/plataforma\/wp-content\/uploads\/2022\/06\/pizza-I.jpg\",\"width\":600,\"height\":600},{\"@type\":\"BreadcrumbList\",\"@id\":\"https:\/\/kingprint.mx\/plataforma\/producto\/100-cajas-triangulo-para-rebanada-de-pizza-con-impresion\/#breadcrumb\",\"itemListElement\":[{\"@type\":\"ListItem\",\"position\":1,\"name\":\"Portada\",\"item\":\"https:\/\/kingprint.mx\/plataforma\/\"},{\"@type\":\"ListItem\",\"position\":2,\"name\":\"Tienda\",\"item\":\"https:\/\/kingprint.mx\/plataforma\/tienda\/\"},{\"@type\":\"ListItem\",\"position\":3,\"name\":\"100 Cajas tri\u00e1ngulo para rebanada de pizza con impresi\u00f3n\"}]},{\"@type\":\"WebSite\",\"@id\":\"https:\/\/kingprint.mx\/plataforma\/#website\",\"url\":\"https:\/\/kingprint.mx\/plataforma\/\",\"name\":\"KingPrint\",\"description\":\"Especialistas en: Cajas, Empaques, Stickers, Vinil, Serigraf\u00eda, Offset, Textiles y M\u00e1s.\",\"publisher\":{\"@id\":\"https:\/\/kingprint.mx\/plataforma\/#organization\"},\"potentialAction\":[{\"@type\":\"SearchAction\",\"target\":{\"@type\":\"EntryPoint\",\"urlTemplate\":\"https:\/\/kingprint.mx\/plataforma\/?s={search_term_string}\"},\"query-input\":{\"@type\":\"PropertyValueSpecification\",\"valueRequired\":true,\"valueName\":\"search_term_string\"}}],\"inLanguage\":\"es\"},{\"@type\":\"Organization\",\"@id\":\"https:\/\/kingprint.mx\/plataforma\/#organization\",\"name\":\"KingPrint\",\"url\":\"https:\/\/kingprint.mx\/plataforma\/\",\"logo\":{\"@type\":\"ImageObject\",\"inLanguage\":\"es\",\"@id\":\"https:\/\/kingprint.mx\/plataforma\/#\/schema\/logo\/image\/\",\"url\":\"https:\/\/kingprint.mx\/plataforma\/wp-content\/uploads\/2019\/11\/logomaps.png\",\"contentUrl\":\"https:\/\/kingprint.mx\/plataforma\/wp-content\/uploads\/2019\/11\/logomaps.png\",\"width\":315,\"height\":315,\"caption\":\"KingPrint\"},\"image\":{\"@id\":\"https:\/\/kingprint.mx\/plataforma\/#\/schema\/logo\/image\/\"},\"sameAs\":[\"https:\/\/www.facebook.com\/thekingprint\",\"https:\/\/x.com\/KingPrintMex\",\"https:\/\/www.instagram.com\/kingprintmx\/\",\"https:\/\/www.pinterest.com.mx\/kingprintmx\/\",\"https:\/\/www.youtube.com\/channel\/UCFXL84sx-XMcb2te5YV7dKQ\"]}]}<\/script>\n<!-- \/ Yoast SEO plugin. -->","yoast_head_json":{"title":"100 Cajas tri\u00e1ngulo para rebanada de pizza con impresi\u00f3n - KingPrint","description":"Caja ideal para entregas personales, personal\u00edzala con tu logo o dise\u00f1o, es reciclable y ecol\u00f3gica, excelente resistencia.","robots":{"index":"index","follow":"follow","max-snippet":"max-snippet:-1","max-image-preview":"max-image-preview:large","max-video-preview":"max-video-preview:-1"},"canonical":"https:\/\/kingprint.mx\/plataforma\/producto\/100-cajas-triangulo-para-rebanada-de-pizza-con-impresion\/","og_locale":"es_ES","og_type":"article","og_title":"100 Cajas tri\u00e1ngulo para rebanada de pizza con impresi\u00f3n","og_description":"Caja ideal para entregas personales, personal\u00edzala con tu logo o dise\u00f1o, es reciclable y ecol\u00f3gica, excelente resistencia.","og_url":"https:\/\/kingprint.mx\/plataforma\/producto\/100-cajas-triangulo-para-rebanada-de-pizza-con-impresion\/","og_site_name":"KingPrint","article_publisher":"https:\/\/www.facebook.com\/thekingprint","article_modified_time":"2025-11-18T15:44:25+00:00","og_image":[{"width":600,"height":600,"url":"https:\/\/kingprint.mx\/plataforma\/wp-content\/uploads\/2022\/06\/pizza-I.jpg","type":"image\/jpeg"}],"twitter_card":"summary_large_image","twitter_title":"100 Cajas tri\u00e1ngulo para rebanada de pizza con impresi\u00f3n","twitter_description":"Caja ideal para entregas personales, personal\u00edzala con tu logo o dise\u00f1o, es reciclable y ecol\u00f3gica, excelente resistencia.","twitter_image":"https:\/\/kingprint.mx\/plataforma\/wp-content\/uploads\/2022\/06\/pizza-I.jpg","twitter_site":"@KingPrintMex","twitter_misc":{"Tiempo de lectura":"1 minuto"},"schema":{"@context":"https:\/\/schema.org","@graph":[{"@type":"WebPage","@id":"https:\/\/kingprint.mx\/plataforma\/producto\/100-cajas-triangulo-para-rebanada-de-pizza-con-impresion\/","url":"https:\/\/kingprint.mx\/plataforma\/producto\/100-cajas-triangulo-para-rebanada-de-pizza-con-impresion\/","name":"100 Cajas tri\u00e1ngulo para rebanada de pizza con impresi\u00f3n - KingPrint","isPartOf":{"@id":"https:\/\/kingprint.mx\/plataforma\/#website"},"primaryImageOfPage":{"@id":"https:\/\/kingprint.mx\/plataforma\/producto\/100-cajas-triangulo-para-rebanada-de-pizza-con-impresion\/#primaryimage"},"image":{"@id":"https:\/\/kingprint.mx\/plataforma\/producto\/100-cajas-triangulo-para-rebanada-de-pizza-con-impresion\/#primaryimage"},"thumbnailUrl":"https:\/\/kingprint.mx\/plataforma\/wp-content\/uploads\/2022\/06\/pizza-I.jpg","datePublished":"2022-06-07T20:39:17+00:00","dateModified":"2025-11-18T15:44:25+00:00","description":"Caja ideal para entregas personales, personal\u00edzala con tu logo o dise\u00f1o, es reciclable y ecol\u00f3gica, excelente resistencia.","breadcrumb":{"@id":"https:\/\/kingprint.mx\/plataforma\/producto\/100-cajas-triangulo-para-rebanada-de-pizza-con-impresion\/#breadcrumb"},"inLanguage":"es","potentialAction":[{"@type":"ReadAction","target":["https:\/\/kingprint.mx\/plataforma\/producto\/100-cajas-triangulo-para-rebanada-de-pizza-con-impresion\/"]}]},{"@type":"ImageObject","inLanguage":"es","@id":"https:\/\/kingprint.mx\/plataforma\/producto\/100-cajas-triangulo-para-rebanada-de-pizza-con-impresion\/#primaryimage","url":"https:\/\/kingprint.mx\/plataforma\/wp-content\/uploads\/2022\/06\/pizza-I.jpg","contentUrl":"https:\/\/kingprint.mx\/plataforma\/wp-content\/uploads\/2022\/06\/pizza-I.jpg","width":600,"height":600},{"@type":"BreadcrumbList","@id":"https:\/\/kingprint.mx\/plataforma\/producto\/100-cajas-triangulo-para-rebanada-de-pizza-con-impresion\/#breadcrumb","itemListElement":[{"@type":"ListItem","position":1,"name":"Portada","item":"https:\/\/kingprint.mx\/plataforma\/"},{"@type":"ListItem","position":2,"name":"Tienda","item":"https:\/\/kingprint.mx\/plataforma\/tienda\/"},{"@type":"ListItem","position":3,"name":"100 Cajas tri\u00e1ngulo para rebanada de pizza con impresi\u00f3n"}]},{"@type":"WebSite","@id":"https:\/\/kingprint.mx\/plataforma\/#website","url":"https:\/\/kingprint.mx\/plataforma\/","name":"KingPrint","description":"Especialistas en: Cajas, Empaques, Stickers, Vinil, Serigraf\u00eda, Offset, Textiles y M\u00e1s.","publisher":{"@id":"https:\/\/kingprint.mx\/plataforma\/#organization"},"potentialAction":[{"@type":"SearchAction","target":{"@type":"EntryPoint","urlTemplate":"https:\/\/kingprint.mx\/plataforma\/?s={search_term_string}"},"query-input":{"@type":"PropertyValueSpecification","valueRequired":true,"valueName":"search_term_string"}}],"inLanguage":"es"},{"@type":"Organization","@id":"https:\/\/kingprint.mx\/plataforma\/#organization","name":"KingPrint","url":"https:\/\/kingprint.mx\/plataforma\/","logo":{"@type":"ImageObject","inLanguage":"es","@id":"https:\/\/kingprint.mx\/plataforma\/#\/schema\/logo\/image\/","url":"https:\/\/kingprint.mx\/plataforma\/wp-content\/uploads\/2019\/11\/logomaps.png","contentUrl":"https:\/\/kingprint.mx\/plataforma\/wp-content\/uploads\/2019\/11\/logomaps.png","width":315,"height":315,"caption":"KingPrint"},"image":{"@id":"https:\/\/kingprint.mx\/plataforma\/#\/schema\/logo\/image\/"},"sameAs":["https:\/\/www.facebook.com\/thekingprint","https:\/\/x.com\/KingPrintMex","https:\/\/www.instagram.com\/kingprintmx\/","https:\/\/www.pinterest.com.mx\/kingprintmx\/","https:\/\/www.youtube.com\/channel\/UCFXL84sx-XMcb2te5YV7dKQ"]}]}},"_links":{"self":[{"href":"https:\/\/kingprint.mx\/plataforma\/wp-json\/wp\/v2\/product\/12538","targetHints":{"allow":["GET"]}}],"collection":[{"href":"https:\/\/kingprint.mx\/plataforma\/wp-json\/wp\/v2\/product"}],"about":[{"href":"https:\/\/kingprint.mx\/plataforma\/wp-json\/wp\/v2\/types\/product"}],"wp:featuredmedia":[{"embeddable":true,"href":"https:\/\/kingprint.mx\/plataforma\/wp-json\/wp\/v2\/media\/13275"}],"wp:attachment":[{"href":"https:\/\/kingprint.mx\/plataforma\/wp-json\/wp\/v2\/media?parent=12538"}],"wp:term":[{"taxonomy":"product_brand","embeddable":true,"href":"https:\/\/kingprint.mx\/plataforma\/wp-json\/wp\/v2\/product_brand?post=12538"},{"taxonomy":"product_cat","embeddable":true,"href":"https:\/\/kingprint.mx\/plataforma\/wp-json\/wp\/v2\/product_cat?post=12538"},{"taxonomy":"product_tag","embeddable":true,"href":"https:\/\/kingprint.mx\/plataforma\/wp-json\/wp\/v2\/product_tag?post=12538"}],"curies":[{"name":"wp","href":"https:\/\/api.w.org\/{rel}","templated":true}]}}