{"id":12981,"date":"2025-11-01T22:32:43","date_gmt":"2025-11-01T22:32:43","guid":{"rendered":"https:\/\/kingprint.mx\/plataforma\/?post_type=product&#038;p=12981"},"modified":"2025-11-01T22:42:56","modified_gmt":"2025-11-01T22:42:56","slug":"100-cajas-de-microcorrugado-blanca-12x9x8-cm-con-impresion","status":"publish","type":"product","link":"https:\/\/kingprint.mx\/plataforma\/producto\/100-cajas-de-microcorrugado-blanca-12x9x8-cm-con-impresion\/","title":{"rendered":"100 Cajas de Microcorrugado blanca 12x9x8 cm con impresi\u00f3n"},"content":{"rendered":"<p><strong>Tiempo de producci\u00f3n de 5 a 8 d\u00edas h\u00e1biles, Incluye Personalizaci\u00f3n de dise\u00f1o, Precio basado en 100 cajas con el mismo dise\u00f1o, Incluye impresi\u00f3n de 21X28 CM M\u00e1ximo, para otras \u00e1reas de impresi\u00f3n consultar costo, para caja prefabricada no se manejan plastas.<\/strong><\/p>\n","protected":false},"excerpt":{"rendered":"<p><strong>Impresi\u00f3n a 1 tinta con t\u00e9cnica de Serigraf\u00eda<\/strong><br \/>\nSe entregan extendidas Y\/o sin armar<br \/>\nColor Exterior: Blanco<br \/>\nColor Interior: Caf\u00e9<\/p>\n<p><span style=\"color: #848490; font-family: Raleway, -apple-system, BlinkMacSystemFont, 'Segoe UI', Roboto, Oxygen-Sans, Ubuntu, Cantarell, 'Helvetica Neue', sans-serif; font-weight: bold; background-color: #fafafa;\">Si desea un dise\u00f1o personalizado y\/o requiere mas tintas puede solicitar su cotizaci\u00f3n v\u00eda correo electr\u00f3nico.<\/span><\/p>\n","protected":false},"featured_media":12982,"template":"","meta":{"_joinchat":[]},"product_brand":[],"product_cat":[568,375,521],"product_tag":[424,383,382],"class_list":{"0":"post-12981","1":"product","2":"type-product","3":"status-publish","4":"has-post-thumbnail","6":"product_cat-blanco","7":"product_cat-cajas","8":"product_cat-microcorrugado","9":"product_tag-caja-blanca","10":"product_tag-caja-microcorrugado","11":"product_tag-caja-personalizada","13":"first","14":"instock","15":"shipping-taxable","16":"purchasable","17":"product-type-simple"},"yoast_head":"<!-- This site is optimized with the Yoast SEO plugin v27.0 - https:\/\/yoast.com\/product\/yoast-seo-wordpress\/ -->\n<title>100 Cajas de Microcorrugado blanca 12x9x8 cm con impresi\u00f3n - KingPrint<\/title>\n<meta name=\"description\" content=\"Compra cajas blancas peque\u00f1as de microcorrugado con impresi\u00f3n a medida. Perfectas para empaques de productos delicados, con una presentaci\u00f3n profesional.\" \/>\n<meta name=\"robots\" content=\"index, follow, max-snippet:-1, max-image-preview:large, max-video-preview:-1\" \/>\n<link rel=\"canonical\" href=\"https:\/\/kingprint.mx\/plataforma\/producto\/100-cajas-de-microcorrugado-blanca-12x9x8-cm-con-impresion\/\" \/>\n<meta property=\"og:locale\" content=\"es_ES\" \/>\n<meta property=\"og:type\" content=\"article\" \/>\n<meta property=\"og:title\" content=\"Caja blanca peque\u00f1a\" \/>\n<meta property=\"og:description\" content=\"Compra cajas blancas peque\u00f1as de microcorrugado con impresi\u00f3n a medida. Perfectas para empaques de productos delicados, con una presentaci\u00f3n profesional.\" \/>\n<meta property=\"og:url\" content=\"https:\/\/kingprint.mx\/plataforma\/producto\/100-cajas-de-microcorrugado-blanca-12x9x8-cm-con-impresion\/\" \/>\n<meta property=\"og:site_name\" content=\"KingPrint\" \/>\n<meta property=\"article:publisher\" content=\"https:\/\/www.facebook.com\/thekingprint\" \/>\n<meta property=\"article:modified_time\" content=\"2025-11-01T22:42:56+00:00\" \/>\n<meta property=\"og:image\" content=\"https:\/\/kingprint.mx\/plataforma\/wp-content\/uploads\/2025\/11\/19007.webp\" \/>\n\t<meta property=\"og:image:width\" content=\"1024\" \/>\n\t<meta property=\"og:image:height\" content=\"1024\" \/>\n\t<meta property=\"og:image:type\" content=\"image\/webp\" \/>\n<meta name=\"twitter:card\" content=\"summary_large_image\" \/>\n<meta name=\"twitter:title\" content=\"Caja blanca peque\u00f1a\" \/>\n<meta name=\"twitter:description\" content=\"Compra cajas blancas peque\u00f1as de microcorrugado con impresi\u00f3n a medida. Perfectas para empaques de productos delicados, con una presentaci\u00f3n profesional.\" \/>\n<meta name=\"twitter:image\" content=\"https:\/\/kingprint.mx\/plataforma\/wp-content\/uploads\/2025\/11\/19007.webp\" \/>\n<meta name=\"twitter:site\" content=\"@KingPrintMex\" \/>\n<meta name=\"twitter:label1\" content=\"Tiempo de lectura\" \/>\n\t<meta name=\"twitter:data1\" content=\"1 minuto\" \/>\n<script type=\"application\/ld+json\" class=\"yoast-schema-graph\">{\"@context\":\"https:\/\/schema.org\",\"@graph\":[{\"@type\":\"WebPage\",\"@id\":\"https:\/\/kingprint.mx\/plataforma\/producto\/100-cajas-de-microcorrugado-blanca-12x9x8-cm-con-impresion\/\",\"url\":\"https:\/\/kingprint.mx\/plataforma\/producto\/100-cajas-de-microcorrugado-blanca-12x9x8-cm-con-impresion\/\",\"name\":\"100 Cajas de Microcorrugado blanca 12x9x8 cm con impresi\u00f3n - KingPrint\",\"isPartOf\":{\"@id\":\"https:\/\/kingprint.mx\/plataforma\/#website\"},\"primaryImageOfPage\":{\"@id\":\"https:\/\/kingprint.mx\/plataforma\/producto\/100-cajas-de-microcorrugado-blanca-12x9x8-cm-con-impresion\/#primaryimage\"},\"image\":{\"@id\":\"https:\/\/kingprint.mx\/plataforma\/producto\/100-cajas-de-microcorrugado-blanca-12x9x8-cm-con-impresion\/#primaryimage\"},\"thumbnailUrl\":\"https:\/\/kingprint.mx\/plataforma\/wp-content\/uploads\/2025\/11\/19007.webp\",\"datePublished\":\"2025-11-01T22:32:43+00:00\",\"dateModified\":\"2025-11-01T22:42:56+00:00\",\"description\":\"Compra cajas blancas peque\u00f1as de microcorrugado con impresi\u00f3n a medida. Perfectas para empaques de productos delicados, con una presentaci\u00f3n profesional.\",\"breadcrumb\":{\"@id\":\"https:\/\/kingprint.mx\/plataforma\/producto\/100-cajas-de-microcorrugado-blanca-12x9x8-cm-con-impresion\/#breadcrumb\"},\"inLanguage\":\"es\",\"potentialAction\":[{\"@type\":\"ReadAction\",\"target\":[\"https:\/\/kingprint.mx\/plataforma\/producto\/100-cajas-de-microcorrugado-blanca-12x9x8-cm-con-impresion\/\"]}]},{\"@type\":\"ImageObject\",\"inLanguage\":\"es\",\"@id\":\"https:\/\/kingprint.mx\/plataforma\/producto\/100-cajas-de-microcorrugado-blanca-12x9x8-cm-con-impresion\/#primaryimage\",\"url\":\"https:\/\/kingprint.mx\/plataforma\/wp-content\/uploads\/2025\/11\/19007.webp\",\"contentUrl\":\"https:\/\/kingprint.mx\/plataforma\/wp-content\/uploads\/2025\/11\/19007.webp\",\"width\":1024,\"height\":1024},{\"@type\":\"BreadcrumbList\",\"@id\":\"https:\/\/kingprint.mx\/plataforma\/producto\/100-cajas-de-microcorrugado-blanca-12x9x8-cm-con-impresion\/#breadcrumb\",\"itemListElement\":[{\"@type\":\"ListItem\",\"position\":1,\"name\":\"Portada\",\"item\":\"https:\/\/kingprint.mx\/plataforma\/\"},{\"@type\":\"ListItem\",\"position\":2,\"name\":\"Tienda\",\"item\":\"https:\/\/kingprint.mx\/plataforma\/tienda\/\"},{\"@type\":\"ListItem\",\"position\":3,\"name\":\"100 Cajas de Microcorrugado blanca 12x9x8 cm con impresi\u00f3n\"}]},{\"@type\":\"WebSite\",\"@id\":\"https:\/\/kingprint.mx\/plataforma\/#website\",\"url\":\"https:\/\/kingprint.mx\/plataforma\/\",\"name\":\"KingPrint\",\"description\":\"Especialistas en: Cajas, Empaques, Stickers, Vinil, Serigraf\u00eda, Offset, Textiles y M\u00e1s.\",\"publisher\":{\"@id\":\"https:\/\/kingprint.mx\/plataforma\/#organization\"},\"potentialAction\":[{\"@type\":\"SearchAction\",\"target\":{\"@type\":\"EntryPoint\",\"urlTemplate\":\"https:\/\/kingprint.mx\/plataforma\/?s={search_term_string}\"},\"query-input\":{\"@type\":\"PropertyValueSpecification\",\"valueRequired\":true,\"valueName\":\"search_term_string\"}}],\"inLanguage\":\"es\"},{\"@type\":\"Organization\",\"@id\":\"https:\/\/kingprint.mx\/plataforma\/#organization\",\"name\":\"KingPrint\",\"url\":\"https:\/\/kingprint.mx\/plataforma\/\",\"logo\":{\"@type\":\"ImageObject\",\"inLanguage\":\"es\",\"@id\":\"https:\/\/kingprint.mx\/plataforma\/#\/schema\/logo\/image\/\",\"url\":\"https:\/\/kingprint.mx\/plataforma\/wp-content\/uploads\/2019\/11\/logomaps.png\",\"contentUrl\":\"https:\/\/kingprint.mx\/plataforma\/wp-content\/uploads\/2019\/11\/logomaps.png\",\"width\":315,\"height\":315,\"caption\":\"KingPrint\"},\"image\":{\"@id\":\"https:\/\/kingprint.mx\/plataforma\/#\/schema\/logo\/image\/\"},\"sameAs\":[\"https:\/\/www.facebook.com\/thekingprint\",\"https:\/\/x.com\/KingPrintMex\",\"https:\/\/www.instagram.com\/kingprintmx\/\",\"https:\/\/www.pinterest.com.mx\/kingprintmx\/\",\"https:\/\/www.youtube.com\/channel\/UCFXL84sx-XMcb2te5YV7dKQ\"]}]}<\/script>\n<!-- \/ Yoast SEO plugin. -->","yoast_head_json":{"title":"100 Cajas de Microcorrugado blanca 12x9x8 cm con impresi\u00f3n - KingPrint","description":"Compra cajas blancas peque\u00f1as de microcorrugado con impresi\u00f3n a medida. Perfectas para empaques de productos delicados, con una presentaci\u00f3n profesional.","robots":{"index":"index","follow":"follow","max-snippet":"max-snippet:-1","max-image-preview":"max-image-preview:large","max-video-preview":"max-video-preview:-1"},"canonical":"https:\/\/kingprint.mx\/plataforma\/producto\/100-cajas-de-microcorrugado-blanca-12x9x8-cm-con-impresion\/","og_locale":"es_ES","og_type":"article","og_title":"Caja blanca peque\u00f1a","og_description":"Compra cajas blancas peque\u00f1as de microcorrugado con impresi\u00f3n a medida. Perfectas para empaques de productos delicados, con una presentaci\u00f3n profesional.","og_url":"https:\/\/kingprint.mx\/plataforma\/producto\/100-cajas-de-microcorrugado-blanca-12x9x8-cm-con-impresion\/","og_site_name":"KingPrint","article_publisher":"https:\/\/www.facebook.com\/thekingprint","article_modified_time":"2025-11-01T22:42:56+00:00","og_image":[{"width":1024,"height":1024,"url":"https:\/\/kingprint.mx\/plataforma\/wp-content\/uploads\/2025\/11\/19007.webp","type":"image\/webp"}],"twitter_card":"summary_large_image","twitter_title":"Caja blanca peque\u00f1a","twitter_description":"Compra cajas blancas peque\u00f1as de microcorrugado con impresi\u00f3n a medida. Perfectas para empaques de productos delicados, con una presentaci\u00f3n profesional.","twitter_image":"https:\/\/kingprint.mx\/plataforma\/wp-content\/uploads\/2025\/11\/19007.webp","twitter_site":"@KingPrintMex","twitter_misc":{"Tiempo de lectura":"1 minuto"},"schema":{"@context":"https:\/\/schema.org","@graph":[{"@type":"WebPage","@id":"https:\/\/kingprint.mx\/plataforma\/producto\/100-cajas-de-microcorrugado-blanca-12x9x8-cm-con-impresion\/","url":"https:\/\/kingprint.mx\/plataforma\/producto\/100-cajas-de-microcorrugado-blanca-12x9x8-cm-con-impresion\/","name":"100 Cajas de Microcorrugado blanca 12x9x8 cm con impresi\u00f3n - KingPrint","isPartOf":{"@id":"https:\/\/kingprint.mx\/plataforma\/#website"},"primaryImageOfPage":{"@id":"https:\/\/kingprint.mx\/plataforma\/producto\/100-cajas-de-microcorrugado-blanca-12x9x8-cm-con-impresion\/#primaryimage"},"image":{"@id":"https:\/\/kingprint.mx\/plataforma\/producto\/100-cajas-de-microcorrugado-blanca-12x9x8-cm-con-impresion\/#primaryimage"},"thumbnailUrl":"https:\/\/kingprint.mx\/plataforma\/wp-content\/uploads\/2025\/11\/19007.webp","datePublished":"2025-11-01T22:32:43+00:00","dateModified":"2025-11-01T22:42:56+00:00","description":"Compra cajas blancas peque\u00f1as de microcorrugado con impresi\u00f3n a medida. Perfectas para empaques de productos delicados, con una presentaci\u00f3n profesional.","breadcrumb":{"@id":"https:\/\/kingprint.mx\/plataforma\/producto\/100-cajas-de-microcorrugado-blanca-12x9x8-cm-con-impresion\/#breadcrumb"},"inLanguage":"es","potentialAction":[{"@type":"ReadAction","target":["https:\/\/kingprint.mx\/plataforma\/producto\/100-cajas-de-microcorrugado-blanca-12x9x8-cm-con-impresion\/"]}]},{"@type":"ImageObject","inLanguage":"es","@id":"https:\/\/kingprint.mx\/plataforma\/producto\/100-cajas-de-microcorrugado-blanca-12x9x8-cm-con-impresion\/#primaryimage","url":"https:\/\/kingprint.mx\/plataforma\/wp-content\/uploads\/2025\/11\/19007.webp","contentUrl":"https:\/\/kingprint.mx\/plataforma\/wp-content\/uploads\/2025\/11\/19007.webp","width":1024,"height":1024},{"@type":"BreadcrumbList","@id":"https:\/\/kingprint.mx\/plataforma\/producto\/100-cajas-de-microcorrugado-blanca-12x9x8-cm-con-impresion\/#breadcrumb","itemListElement":[{"@type":"ListItem","position":1,"name":"Portada","item":"https:\/\/kingprint.mx\/plataforma\/"},{"@type":"ListItem","position":2,"name":"Tienda","item":"https:\/\/kingprint.mx\/plataforma\/tienda\/"},{"@type":"ListItem","position":3,"name":"100 Cajas de Microcorrugado blanca 12x9x8 cm con impresi\u00f3n"}]},{"@type":"WebSite","@id":"https:\/\/kingprint.mx\/plataforma\/#website","url":"https:\/\/kingprint.mx\/plataforma\/","name":"KingPrint","description":"Especialistas en: Cajas, Empaques, Stickers, Vinil, Serigraf\u00eda, Offset, Textiles y M\u00e1s.","publisher":{"@id":"https:\/\/kingprint.mx\/plataforma\/#organization"},"potentialAction":[{"@type":"SearchAction","target":{"@type":"EntryPoint","urlTemplate":"https:\/\/kingprint.mx\/plataforma\/?s={search_term_string}"},"query-input":{"@type":"PropertyValueSpecification","valueRequired":true,"valueName":"search_term_string"}}],"inLanguage":"es"},{"@type":"Organization","@id":"https:\/\/kingprint.mx\/plataforma\/#organization","name":"KingPrint","url":"https:\/\/kingprint.mx\/plataforma\/","logo":{"@type":"ImageObject","inLanguage":"es","@id":"https:\/\/kingprint.mx\/plataforma\/#\/schema\/logo\/image\/","url":"https:\/\/kingprint.mx\/plataforma\/wp-content\/uploads\/2019\/11\/logomaps.png","contentUrl":"https:\/\/kingprint.mx\/plataforma\/wp-content\/uploads\/2019\/11\/logomaps.png","width":315,"height":315,"caption":"KingPrint"},"image":{"@id":"https:\/\/kingprint.mx\/plataforma\/#\/schema\/logo\/image\/"},"sameAs":["https:\/\/www.facebook.com\/thekingprint","https:\/\/x.com\/KingPrintMex","https:\/\/www.instagram.com\/kingprintmx\/","https:\/\/www.pinterest.com.mx\/kingprintmx\/","https:\/\/www.youtube.com\/channel\/UCFXL84sx-XMcb2te5YV7dKQ"]}]}},"_links":{"self":[{"href":"https:\/\/kingprint.mx\/plataforma\/wp-json\/wp\/v2\/product\/12981","targetHints":{"allow":["GET"]}}],"collection":[{"href":"https:\/\/kingprint.mx\/plataforma\/wp-json\/wp\/v2\/product"}],"about":[{"href":"https:\/\/kingprint.mx\/plataforma\/wp-json\/wp\/v2\/types\/product"}],"wp:featuredmedia":[{"embeddable":true,"href":"https:\/\/kingprint.mx\/plataforma\/wp-json\/wp\/v2\/media\/12982"}],"wp:attachment":[{"href":"https:\/\/kingprint.mx\/plataforma\/wp-json\/wp\/v2\/media?parent=12981"}],"wp:term":[{"taxonomy":"product_brand","embeddable":true,"href":"https:\/\/kingprint.mx\/plataforma\/wp-json\/wp\/v2\/product_brand?post=12981"},{"taxonomy":"product_cat","embeddable":true,"href":"https:\/\/kingprint.mx\/plataforma\/wp-json\/wp\/v2\/product_cat?post=12981"},{"taxonomy":"product_tag","embeddable":true,"href":"https:\/\/kingprint.mx\/plataforma\/wp-json\/wp\/v2\/product_tag?post=12981"}],"curies":[{"name":"wp","href":"https:\/\/api.w.org\/{rel}","templated":true}]}}