{"id":2325,"date":"2017-07-19T19:59:49","date_gmt":"2017-07-19T19:59:49","guid":{"rendered":"https:\/\/kingprint.mx\/plataforma\/producto\/1000-posters-8-oficios\/"},"modified":"2025-10-26T07:26:50","modified_gmt":"2025-10-26T07:26:50","slug":"1000-posters-8-oficios","status":"publish","type":"product","link":"https:\/\/kingprint.mx\/plataforma\/producto\/1000-posters-8-oficios\/","title":{"rendered":"1000 Posters 8 Oficios"},"content":{"rendered":"<p>Pedido m\u00ednimo 1000 posters con el mismo dise\u00f1o, Tiempo de producci\u00f3n 3 a 5 d\u00edas h\u00e1biles, \u00a1PREGUNTE POR LAS OPCIONES DE CORTE!<\/p>\n","protected":false},"excerpt":{"rendered":"<p><strong>Especificaciones:<\/strong><\/p>\n<ul>\n<li>-Medidas 101 x 70 CM<\/li>\n<li>&#8211;\u00a0Papel Couche 135 grms<\/li>\n<li>&#8211;\u00a0Impresi\u00f3n a Color Por el Frente<\/li>\n<\/ul>\n","protected":false},"featured_media":2329,"template":"","meta":{"_joinchat":[]},"product_brand":[],"product_cat":[36,45],"product_tag":[38],"class_list":{"0":"post-2325","1":"product","2":"type-product","3":"status-publish","4":"has-post-thumbnail","6":"product_cat-impresos","7":"product_cat-posters","8":"product_tag-offset","10":"first","11":"instock","12":"shipping-taxable","13":"purchasable","14":"product-type-simple"},"yoast_head":"<!-- This site is optimized with the Yoast SEO plugin v27.0 - https:\/\/yoast.com\/product\/yoast-seo-wordpress\/ -->\n<title>1000 Posters 8 Oficios - KingPrint<\/title>\n<meta name=\"description\" content=\"Destaca con nuestros posters couch\u00e9, que garantizan impresiones n\u00edtidas y colores vibrantes, ideales para promociones, decoraciones o exhibiciones.\" \/>\n<meta name=\"robots\" content=\"index, follow, max-snippet:-1, max-image-preview:large, max-video-preview:-1\" \/>\n<link rel=\"canonical\" href=\"https:\/\/kingprint.mx\/plataforma\/producto\/1000-posters-8-oficios\/\" \/>\n<meta property=\"og:locale\" content=\"es_ES\" \/>\n<meta property=\"og:type\" content=\"article\" \/>\n<meta property=\"og:title\" content=\"Posters 8 Oficios\" \/>\n<meta property=\"og:description\" content=\"Destaca con nuestros posters couch\u00e9, que garantizan impresiones n\u00edtidas y colores vibrantes, ideales para promociones, decoraciones o exhibiciones.\" \/>\n<meta property=\"og:url\" content=\"https:\/\/kingprint.mx\/plataforma\/producto\/1000-posters-8-oficios\/\" \/>\n<meta property=\"og:site_name\" content=\"KingPrint\" \/>\n<meta property=\"article:publisher\" content=\"https:\/\/www.facebook.com\/thekingprint\" \/>\n<meta property=\"article:modified_time\" content=\"2025-10-26T07:26:50+00:00\" \/>\n<meta property=\"og:image\" content=\"https:\/\/kingprint.mx\/plataforma\/wp-content\/uploads\/2017\/08\/12481026_1289398874434274_1493879162_n.jpg\" \/>\n\t<meta property=\"og:image:width\" content=\"540\" \/>\n\t<meta property=\"og:image:height\" content=\"540\" \/>\n\t<meta property=\"og:image:type\" content=\"image\/jpeg\" \/>\n<meta name=\"twitter:card\" content=\"summary_large_image\" \/>\n<meta name=\"twitter:title\" content=\"Posters 8 Oficios\" \/>\n<meta name=\"twitter:description\" content=\"Destaca con nuestros posters couch\u00e9, que garantizan impresiones n\u00edtidas y colores vibrantes, ideales para promociones, decoraciones o exhibiciones.\" \/>\n<meta name=\"twitter:image\" content=\"https:\/\/kingprint.mx\/plataforma\/wp-content\/uploads\/2017\/08\/12481026_1289398874434274_1493879162_n.jpg\" \/>\n<meta name=\"twitter:site\" content=\"@KingPrintMex\" \/>\n<meta name=\"twitter:label1\" content=\"Tiempo de lectura\" \/>\n\t<meta name=\"twitter:data1\" content=\"1 minuto\" \/>\n<script type=\"application\/ld+json\" class=\"yoast-schema-graph\">{\"@context\":\"https:\/\/schema.org\",\"@graph\":[{\"@type\":\"WebPage\",\"@id\":\"https:\/\/kingprint.mx\/plataforma\/producto\/1000-posters-8-oficios\/\",\"url\":\"https:\/\/kingprint.mx\/plataforma\/producto\/1000-posters-8-oficios\/\",\"name\":\"1000 Posters 8 Oficios - KingPrint\",\"isPartOf\":{\"@id\":\"https:\/\/kingprint.mx\/plataforma\/#website\"},\"primaryImageOfPage\":{\"@id\":\"https:\/\/kingprint.mx\/plataforma\/producto\/1000-posters-8-oficios\/#primaryimage\"},\"image\":{\"@id\":\"https:\/\/kingprint.mx\/plataforma\/producto\/1000-posters-8-oficios\/#primaryimage\"},\"thumbnailUrl\":\"https:\/\/kingprint.mx\/plataforma\/wp-content\/uploads\/2017\/08\/12481026_1289398874434274_1493879162_n.jpg\",\"datePublished\":\"2017-07-19T19:59:49+00:00\",\"dateModified\":\"2025-10-26T07:26:50+00:00\",\"description\":\"Destaca con nuestros posters couch\u00e9, que garantizan impresiones n\u00edtidas y colores vibrantes, ideales para promociones, decoraciones o exhibiciones.\",\"breadcrumb\":{\"@id\":\"https:\/\/kingprint.mx\/plataforma\/producto\/1000-posters-8-oficios\/#breadcrumb\"},\"inLanguage\":\"es\",\"potentialAction\":[{\"@type\":\"ReadAction\",\"target\":[\"https:\/\/kingprint.mx\/plataforma\/producto\/1000-posters-8-oficios\/\"]}]},{\"@type\":\"ImageObject\",\"inLanguage\":\"es\",\"@id\":\"https:\/\/kingprint.mx\/plataforma\/producto\/1000-posters-8-oficios\/#primaryimage\",\"url\":\"https:\/\/kingprint.mx\/plataforma\/wp-content\/uploads\/2017\/08\/12481026_1289398874434274_1493879162_n.jpg\",\"contentUrl\":\"https:\/\/kingprint.mx\/plataforma\/wp-content\/uploads\/2017\/08\/12481026_1289398874434274_1493879162_n.jpg\",\"width\":540,\"height\":540,\"caption\":\"1000 Posters 8 Oficios con Barniz\"},{\"@type\":\"BreadcrumbList\",\"@id\":\"https:\/\/kingprint.mx\/plataforma\/producto\/1000-posters-8-oficios\/#breadcrumb\",\"itemListElement\":[{\"@type\":\"ListItem\",\"position\":1,\"name\":\"Portada\",\"item\":\"https:\/\/kingprint.mx\/plataforma\/\"},{\"@type\":\"ListItem\",\"position\":2,\"name\":\"Tienda\",\"item\":\"https:\/\/kingprint.mx\/plataforma\/tienda\/\"},{\"@type\":\"ListItem\",\"position\":3,\"name\":\"1000 Posters 8 Oficios\"}]},{\"@type\":\"WebSite\",\"@id\":\"https:\/\/kingprint.mx\/plataforma\/#website\",\"url\":\"https:\/\/kingprint.mx\/plataforma\/\",\"name\":\"KingPrint\",\"description\":\"Especialistas en: Cajas, Empaques, Stickers, Vinil, Serigraf\u00eda, Offset, Textiles y M\u00e1s.\",\"publisher\":{\"@id\":\"https:\/\/kingprint.mx\/plataforma\/#organization\"},\"potentialAction\":[{\"@type\":\"SearchAction\",\"target\":{\"@type\":\"EntryPoint\",\"urlTemplate\":\"https:\/\/kingprint.mx\/plataforma\/?s={search_term_string}\"},\"query-input\":{\"@type\":\"PropertyValueSpecification\",\"valueRequired\":true,\"valueName\":\"search_term_string\"}}],\"inLanguage\":\"es\"},{\"@type\":\"Organization\",\"@id\":\"https:\/\/kingprint.mx\/plataforma\/#organization\",\"name\":\"KingPrint\",\"url\":\"https:\/\/kingprint.mx\/plataforma\/\",\"logo\":{\"@type\":\"ImageObject\",\"inLanguage\":\"es\",\"@id\":\"https:\/\/kingprint.mx\/plataforma\/#\/schema\/logo\/image\/\",\"url\":\"https:\/\/kingprint.mx\/plataforma\/wp-content\/uploads\/2019\/11\/logomaps.png\",\"contentUrl\":\"https:\/\/kingprint.mx\/plataforma\/wp-content\/uploads\/2019\/11\/logomaps.png\",\"width\":315,\"height\":315,\"caption\":\"KingPrint\"},\"image\":{\"@id\":\"https:\/\/kingprint.mx\/plataforma\/#\/schema\/logo\/image\/\"},\"sameAs\":[\"https:\/\/www.facebook.com\/thekingprint\",\"https:\/\/x.com\/KingPrintMex\",\"https:\/\/www.instagram.com\/kingprintmx\/\",\"https:\/\/www.pinterest.com.mx\/kingprintmx\/\",\"https:\/\/www.youtube.com\/channel\/UCFXL84sx-XMcb2te5YV7dKQ\"]}]}<\/script>\n<!-- \/ Yoast SEO plugin. -->","yoast_head_json":{"title":"1000 Posters 8 Oficios - KingPrint","description":"Destaca con nuestros posters couch\u00e9, que garantizan impresiones n\u00edtidas y colores vibrantes, ideales para promociones, decoraciones o exhibiciones.","robots":{"index":"index","follow":"follow","max-snippet":"max-snippet:-1","max-image-preview":"max-image-preview:large","max-video-preview":"max-video-preview:-1"},"canonical":"https:\/\/kingprint.mx\/plataforma\/producto\/1000-posters-8-oficios\/","og_locale":"es_ES","og_type":"article","og_title":"Posters 8 Oficios","og_description":"Destaca con nuestros posters couch\u00e9, que garantizan impresiones n\u00edtidas y colores vibrantes, ideales para promociones, decoraciones o exhibiciones.","og_url":"https:\/\/kingprint.mx\/plataforma\/producto\/1000-posters-8-oficios\/","og_site_name":"KingPrint","article_publisher":"https:\/\/www.facebook.com\/thekingprint","article_modified_time":"2025-10-26T07:26:50+00:00","og_image":[{"width":540,"height":540,"url":"https:\/\/kingprint.mx\/plataforma\/wp-content\/uploads\/2017\/08\/12481026_1289398874434274_1493879162_n.jpg","type":"image\/jpeg"}],"twitter_card":"summary_large_image","twitter_title":"Posters 8 Oficios","twitter_description":"Destaca con nuestros posters couch\u00e9, que garantizan impresiones n\u00edtidas y colores vibrantes, ideales para promociones, decoraciones o exhibiciones.","twitter_image":"https:\/\/kingprint.mx\/plataforma\/wp-content\/uploads\/2017\/08\/12481026_1289398874434274_1493879162_n.jpg","twitter_site":"@KingPrintMex","twitter_misc":{"Tiempo de lectura":"1 minuto"},"schema":{"@context":"https:\/\/schema.org","@graph":[{"@type":"WebPage","@id":"https:\/\/kingprint.mx\/plataforma\/producto\/1000-posters-8-oficios\/","url":"https:\/\/kingprint.mx\/plataforma\/producto\/1000-posters-8-oficios\/","name":"1000 Posters 8 Oficios - KingPrint","isPartOf":{"@id":"https:\/\/kingprint.mx\/plataforma\/#website"},"primaryImageOfPage":{"@id":"https:\/\/kingprint.mx\/plataforma\/producto\/1000-posters-8-oficios\/#primaryimage"},"image":{"@id":"https:\/\/kingprint.mx\/plataforma\/producto\/1000-posters-8-oficios\/#primaryimage"},"thumbnailUrl":"https:\/\/kingprint.mx\/plataforma\/wp-content\/uploads\/2017\/08\/12481026_1289398874434274_1493879162_n.jpg","datePublished":"2017-07-19T19:59:49+00:00","dateModified":"2025-10-26T07:26:50+00:00","description":"Destaca con nuestros posters couch\u00e9, que garantizan impresiones n\u00edtidas y colores vibrantes, ideales para promociones, decoraciones o exhibiciones.","breadcrumb":{"@id":"https:\/\/kingprint.mx\/plataforma\/producto\/1000-posters-8-oficios\/#breadcrumb"},"inLanguage":"es","potentialAction":[{"@type":"ReadAction","target":["https:\/\/kingprint.mx\/plataforma\/producto\/1000-posters-8-oficios\/"]}]},{"@type":"ImageObject","inLanguage":"es","@id":"https:\/\/kingprint.mx\/plataforma\/producto\/1000-posters-8-oficios\/#primaryimage","url":"https:\/\/kingprint.mx\/plataforma\/wp-content\/uploads\/2017\/08\/12481026_1289398874434274_1493879162_n.jpg","contentUrl":"https:\/\/kingprint.mx\/plataforma\/wp-content\/uploads\/2017\/08\/12481026_1289398874434274_1493879162_n.jpg","width":540,"height":540,"caption":"1000 Posters 8 Oficios con Barniz"},{"@type":"BreadcrumbList","@id":"https:\/\/kingprint.mx\/plataforma\/producto\/1000-posters-8-oficios\/#breadcrumb","itemListElement":[{"@type":"ListItem","position":1,"name":"Portada","item":"https:\/\/kingprint.mx\/plataforma\/"},{"@type":"ListItem","position":2,"name":"Tienda","item":"https:\/\/kingprint.mx\/plataforma\/tienda\/"},{"@type":"ListItem","position":3,"name":"1000 Posters 8 Oficios"}]},{"@type":"WebSite","@id":"https:\/\/kingprint.mx\/plataforma\/#website","url":"https:\/\/kingprint.mx\/plataforma\/","name":"KingPrint","description":"Especialistas en: Cajas, Empaques, Stickers, Vinil, Serigraf\u00eda, Offset, Textiles y M\u00e1s.","publisher":{"@id":"https:\/\/kingprint.mx\/plataforma\/#organization"},"potentialAction":[{"@type":"SearchAction","target":{"@type":"EntryPoint","urlTemplate":"https:\/\/kingprint.mx\/plataforma\/?s={search_term_string}"},"query-input":{"@type":"PropertyValueSpecification","valueRequired":true,"valueName":"search_term_string"}}],"inLanguage":"es"},{"@type":"Organization","@id":"https:\/\/kingprint.mx\/plataforma\/#organization","name":"KingPrint","url":"https:\/\/kingprint.mx\/plataforma\/","logo":{"@type":"ImageObject","inLanguage":"es","@id":"https:\/\/kingprint.mx\/plataforma\/#\/schema\/logo\/image\/","url":"https:\/\/kingprint.mx\/plataforma\/wp-content\/uploads\/2019\/11\/logomaps.png","contentUrl":"https:\/\/kingprint.mx\/plataforma\/wp-content\/uploads\/2019\/11\/logomaps.png","width":315,"height":315,"caption":"KingPrint"},"image":{"@id":"https:\/\/kingprint.mx\/plataforma\/#\/schema\/logo\/image\/"},"sameAs":["https:\/\/www.facebook.com\/thekingprint","https:\/\/x.com\/KingPrintMex","https:\/\/www.instagram.com\/kingprintmx\/","https:\/\/www.pinterest.com.mx\/kingprintmx\/","https:\/\/www.youtube.com\/channel\/UCFXL84sx-XMcb2te5YV7dKQ"]}]}},"_links":{"self":[{"href":"https:\/\/kingprint.mx\/plataforma\/wp-json\/wp\/v2\/product\/2325","targetHints":{"allow":["GET"]}}],"collection":[{"href":"https:\/\/kingprint.mx\/plataforma\/wp-json\/wp\/v2\/product"}],"about":[{"href":"https:\/\/kingprint.mx\/plataforma\/wp-json\/wp\/v2\/types\/product"}],"wp:featuredmedia":[{"embeddable":true,"href":"https:\/\/kingprint.mx\/plataforma\/wp-json\/wp\/v2\/media\/2329"}],"wp:attachment":[{"href":"https:\/\/kingprint.mx\/plataforma\/wp-json\/wp\/v2\/media?parent=2325"}],"wp:term":[{"taxonomy":"product_brand","embeddable":true,"href":"https:\/\/kingprint.mx\/plataforma\/wp-json\/wp\/v2\/product_brand?post=2325"},{"taxonomy":"product_cat","embeddable":true,"href":"https:\/\/kingprint.mx\/plataforma\/wp-json\/wp\/v2\/product_cat?post=2325"},{"taxonomy":"product_tag","embeddable":true,"href":"https:\/\/kingprint.mx\/plataforma\/wp-json\/wp\/v2\/product_tag?post=2325"}],"curies":[{"name":"wp","href":"https:\/\/api.w.org\/{rel}","templated":true}]}}