{"id":2439,"date":"2017-07-24T16:52:20","date_gmt":"2017-07-24T16:52:20","guid":{"rendered":"https:\/\/kingprint.mx\/plataforma\/producto\/servicio-de-diseno-para-triptico-y-diptico\/"},"modified":"2019-09-19T16:35:48","modified_gmt":"2019-09-19T16:35:48","slug":"servicio-de-diseno-para-triptico-y-diptico","status":"publish","type":"product","link":"https:\/\/kingprint.mx\/plataforma\/producto\/servicio-de-diseno-para-triptico-y-diptico\/","title":{"rendered":"Servicio de Dise\u00f1o al Frente para Triptico y Diptico"},"content":{"rendered":"<p>* Los dise\u00f1os incluyen 2 Retroalimentaciones<br \/>\n* Los trazos y vectorizaciones se cobran seg\u00fan el tiempo en que se realice el dise\u00f1o.<br \/>\n* La ortograf\u00eda siempre ser\u00e1 responsabilidad del cliente.<br \/>\n<span style=\"color: #ff0000;\"><strong>*\u00a0NO INCLUYE DISE\u00d1O DE LOGOTIPO.<\/strong><\/span><\/p>\n","protected":false},"excerpt":{"rendered":"<h5><strong>Tu dise\u00f1o totalmente Personalizado con tus colores, informaci\u00f3n y logotipo<\/strong><\/h5>\n<p><strong>Tama\u00f1os Disponibles:<\/strong><br \/>\n<em>&#8211;<\/em><em>Medidas 1.5 x 28 cm<br \/>\n<\/em><\/p>\n","protected":false},"featured_media":2443,"template":"","meta":{"_joinchat":[]},"product_brand":[],"product_cat":[54],"product_tag":[127,125,174],"class_list":{"0":"post-2439","1":"product","2":"type-product","3":"status-publish","4":"has-post-thumbnail","6":"product_cat-diseno-grafico","7":"product_tag-diseno","8":"product_tag-diseno-grafico","9":"product_tag-triptico-y-diptico","11":"first","12":"instock","13":"virtual","14":"purchasable","15":"product-type-simple"},"yoast_head":"<!-- This site is optimized with the Yoast SEO plugin v27.0 - https:\/\/yoast.com\/product\/yoast-seo-wordpress\/ -->\n<title>Servicio de Dise\u00f1o al Frente para Triptico y Diptico - KingPrint<\/title>\n<meta name=\"robots\" content=\"index, follow, max-snippet:-1, max-image-preview:large, max-video-preview:-1\" \/>\n<link rel=\"canonical\" href=\"https:\/\/kingprint.mx\/plataforma\/producto\/servicio-de-diseno-para-triptico-y-diptico\/\" \/>\n<meta property=\"og:locale\" content=\"es_ES\" \/>\n<meta property=\"og:type\" content=\"article\" \/>\n<meta property=\"og:title\" content=\"Servicio de Dise\u00f1o al Frente para Triptico y Diptico - KingPrint\" \/>\n<meta property=\"og:description\" content=\"Tu dise\u00f1o totalmente Personalizado con tus colores, informaci\u00f3n y logotipo Tama\u00f1os Disponibles: -Medidas 1.5 x 28 cm\" \/>\n<meta property=\"og:url\" content=\"https:\/\/kingprint.mx\/plataforma\/producto\/servicio-de-diseno-para-triptico-y-diptico\/\" \/>\n<meta property=\"og:site_name\" content=\"KingPrint\" \/>\n<meta property=\"article:publisher\" content=\"https:\/\/www.facebook.com\/thekingprint\" \/>\n<meta property=\"article:modified_time\" content=\"2019-09-19T16:35:48+00:00\" \/>\n<meta property=\"og:image\" content=\"https:\/\/kingprint.mx\/plataforma\/wp-content\/uploads\/2017\/08\/modern-brochure-with-warm-colors_1017-6296-1.jpg\" \/>\n\t<meta property=\"og:image:width\" content=\"626\" \/>\n\t<meta property=\"og:image:height\" content=\"626\" \/>\n\t<meta property=\"og:image:type\" content=\"image\/jpeg\" \/>\n<meta name=\"twitter:card\" content=\"summary_large_image\" \/>\n<meta name=\"twitter:site\" content=\"@KingPrintMex\" \/>\n<script type=\"application\/ld+json\" class=\"yoast-schema-graph\">{\"@context\":\"https:\/\/schema.org\",\"@graph\":[{\"@type\":\"WebPage\",\"@id\":\"https:\/\/kingprint.mx\/plataforma\/producto\/servicio-de-diseno-para-triptico-y-diptico\/\",\"url\":\"https:\/\/kingprint.mx\/plataforma\/producto\/servicio-de-diseno-para-triptico-y-diptico\/\",\"name\":\"Servicio de Dise\u00f1o al Frente para Triptico y Diptico - KingPrint\",\"isPartOf\":{\"@id\":\"https:\/\/kingprint.mx\/plataforma\/#website\"},\"primaryImageOfPage\":{\"@id\":\"https:\/\/kingprint.mx\/plataforma\/producto\/servicio-de-diseno-para-triptico-y-diptico\/#primaryimage\"},\"image\":{\"@id\":\"https:\/\/kingprint.mx\/plataforma\/producto\/servicio-de-diseno-para-triptico-y-diptico\/#primaryimage\"},\"thumbnailUrl\":\"https:\/\/kingprint.mx\/plataforma\/wp-content\/uploads\/2017\/08\/modern-brochure-with-warm-colors_1017-6296-1.jpg\",\"datePublished\":\"2017-07-24T16:52:20+00:00\",\"dateModified\":\"2019-09-19T16:35:48+00:00\",\"breadcrumb\":{\"@id\":\"https:\/\/kingprint.mx\/plataforma\/producto\/servicio-de-diseno-para-triptico-y-diptico\/#breadcrumb\"},\"inLanguage\":\"es\",\"potentialAction\":[{\"@type\":\"ReadAction\",\"target\":[\"https:\/\/kingprint.mx\/plataforma\/producto\/servicio-de-diseno-para-triptico-y-diptico\/\"]}]},{\"@type\":\"ImageObject\",\"inLanguage\":\"es\",\"@id\":\"https:\/\/kingprint.mx\/plataforma\/producto\/servicio-de-diseno-para-triptico-y-diptico\/#primaryimage\",\"url\":\"https:\/\/kingprint.mx\/plataforma\/wp-content\/uploads\/2017\/08\/modern-brochure-with-warm-colors_1017-6296-1.jpg\",\"contentUrl\":\"https:\/\/kingprint.mx\/plataforma\/wp-content\/uploads\/2017\/08\/modern-brochure-with-warm-colors_1017-6296-1.jpg\",\"width\":626,\"height\":626,\"caption\":\"Servicio de Dise\u00f1o para Triptico y Diptico\"},{\"@type\":\"BreadcrumbList\",\"@id\":\"https:\/\/kingprint.mx\/plataforma\/producto\/servicio-de-diseno-para-triptico-y-diptico\/#breadcrumb\",\"itemListElement\":[{\"@type\":\"ListItem\",\"position\":1,\"name\":\"Portada\",\"item\":\"https:\/\/kingprint.mx\/plataforma\/\"},{\"@type\":\"ListItem\",\"position\":2,\"name\":\"Tienda\",\"item\":\"https:\/\/kingprint.mx\/plataforma\/tienda\/\"},{\"@type\":\"ListItem\",\"position\":3,\"name\":\"Servicio de Dise\u00f1o al Frente para Triptico y Diptico\"}]},{\"@type\":\"WebSite\",\"@id\":\"https:\/\/kingprint.mx\/plataforma\/#website\",\"url\":\"https:\/\/kingprint.mx\/plataforma\/\",\"name\":\"KingPrint\",\"description\":\"Especialistas en: Cajas, Empaques, Stickers, Vinil, Serigraf\u00eda, Offset, Textiles y M\u00e1s.\",\"publisher\":{\"@id\":\"https:\/\/kingprint.mx\/plataforma\/#organization\"},\"potentialAction\":[{\"@type\":\"SearchAction\",\"target\":{\"@type\":\"EntryPoint\",\"urlTemplate\":\"https:\/\/kingprint.mx\/plataforma\/?s={search_term_string}\"},\"query-input\":{\"@type\":\"PropertyValueSpecification\",\"valueRequired\":true,\"valueName\":\"search_term_string\"}}],\"inLanguage\":\"es\"},{\"@type\":\"Organization\",\"@id\":\"https:\/\/kingprint.mx\/plataforma\/#organization\",\"name\":\"KingPrint\",\"url\":\"https:\/\/kingprint.mx\/plataforma\/\",\"logo\":{\"@type\":\"ImageObject\",\"inLanguage\":\"es\",\"@id\":\"https:\/\/kingprint.mx\/plataforma\/#\/schema\/logo\/image\/\",\"url\":\"https:\/\/kingprint.mx\/plataforma\/wp-content\/uploads\/2019\/11\/logomaps.png\",\"contentUrl\":\"https:\/\/kingprint.mx\/plataforma\/wp-content\/uploads\/2019\/11\/logomaps.png\",\"width\":315,\"height\":315,\"caption\":\"KingPrint\"},\"image\":{\"@id\":\"https:\/\/kingprint.mx\/plataforma\/#\/schema\/logo\/image\/\"},\"sameAs\":[\"https:\/\/www.facebook.com\/thekingprint\",\"https:\/\/x.com\/KingPrintMex\",\"https:\/\/www.instagram.com\/kingprintmx\/\",\"https:\/\/www.pinterest.com.mx\/kingprintmx\/\",\"https:\/\/www.youtube.com\/channel\/UCFXL84sx-XMcb2te5YV7dKQ\"]}]}<\/script>\n<!-- \/ Yoast SEO plugin. -->","yoast_head_json":{"title":"Servicio de Dise\u00f1o al Frente para Triptico y Diptico - KingPrint","robots":{"index":"index","follow":"follow","max-snippet":"max-snippet:-1","max-image-preview":"max-image-preview:large","max-video-preview":"max-video-preview:-1"},"canonical":"https:\/\/kingprint.mx\/plataforma\/producto\/servicio-de-diseno-para-triptico-y-diptico\/","og_locale":"es_ES","og_type":"article","og_title":"Servicio de Dise\u00f1o al Frente para Triptico y Diptico - KingPrint","og_description":"Tu dise\u00f1o totalmente Personalizado con tus colores, informaci\u00f3n y logotipo Tama\u00f1os Disponibles: -Medidas 1.5 x 28 cm","og_url":"https:\/\/kingprint.mx\/plataforma\/producto\/servicio-de-diseno-para-triptico-y-diptico\/","og_site_name":"KingPrint","article_publisher":"https:\/\/www.facebook.com\/thekingprint","article_modified_time":"2019-09-19T16:35:48+00:00","og_image":[{"width":626,"height":626,"url":"https:\/\/kingprint.mx\/plataforma\/wp-content\/uploads\/2017\/08\/modern-brochure-with-warm-colors_1017-6296-1.jpg","type":"image\/jpeg"}],"twitter_card":"summary_large_image","twitter_site":"@KingPrintMex","schema":{"@context":"https:\/\/schema.org","@graph":[{"@type":"WebPage","@id":"https:\/\/kingprint.mx\/plataforma\/producto\/servicio-de-diseno-para-triptico-y-diptico\/","url":"https:\/\/kingprint.mx\/plataforma\/producto\/servicio-de-diseno-para-triptico-y-diptico\/","name":"Servicio de Dise\u00f1o al Frente para Triptico y Diptico - KingPrint","isPartOf":{"@id":"https:\/\/kingprint.mx\/plataforma\/#website"},"primaryImageOfPage":{"@id":"https:\/\/kingprint.mx\/plataforma\/producto\/servicio-de-diseno-para-triptico-y-diptico\/#primaryimage"},"image":{"@id":"https:\/\/kingprint.mx\/plataforma\/producto\/servicio-de-diseno-para-triptico-y-diptico\/#primaryimage"},"thumbnailUrl":"https:\/\/kingprint.mx\/plataforma\/wp-content\/uploads\/2017\/08\/modern-brochure-with-warm-colors_1017-6296-1.jpg","datePublished":"2017-07-24T16:52:20+00:00","dateModified":"2019-09-19T16:35:48+00:00","breadcrumb":{"@id":"https:\/\/kingprint.mx\/plataforma\/producto\/servicio-de-diseno-para-triptico-y-diptico\/#breadcrumb"},"inLanguage":"es","potentialAction":[{"@type":"ReadAction","target":["https:\/\/kingprint.mx\/plataforma\/producto\/servicio-de-diseno-para-triptico-y-diptico\/"]}]},{"@type":"ImageObject","inLanguage":"es","@id":"https:\/\/kingprint.mx\/plataforma\/producto\/servicio-de-diseno-para-triptico-y-diptico\/#primaryimage","url":"https:\/\/kingprint.mx\/plataforma\/wp-content\/uploads\/2017\/08\/modern-brochure-with-warm-colors_1017-6296-1.jpg","contentUrl":"https:\/\/kingprint.mx\/plataforma\/wp-content\/uploads\/2017\/08\/modern-brochure-with-warm-colors_1017-6296-1.jpg","width":626,"height":626,"caption":"Servicio de Dise\u00f1o para Triptico y Diptico"},{"@type":"BreadcrumbList","@id":"https:\/\/kingprint.mx\/plataforma\/producto\/servicio-de-diseno-para-triptico-y-diptico\/#breadcrumb","itemListElement":[{"@type":"ListItem","position":1,"name":"Portada","item":"https:\/\/kingprint.mx\/plataforma\/"},{"@type":"ListItem","position":2,"name":"Tienda","item":"https:\/\/kingprint.mx\/plataforma\/tienda\/"},{"@type":"ListItem","position":3,"name":"Servicio de Dise\u00f1o al Frente para Triptico y Diptico"}]},{"@type":"WebSite","@id":"https:\/\/kingprint.mx\/plataforma\/#website","url":"https:\/\/kingprint.mx\/plataforma\/","name":"KingPrint","description":"Especialistas en: Cajas, Empaques, Stickers, Vinil, Serigraf\u00eda, Offset, Textiles y M\u00e1s.","publisher":{"@id":"https:\/\/kingprint.mx\/plataforma\/#organization"},"potentialAction":[{"@type":"SearchAction","target":{"@type":"EntryPoint","urlTemplate":"https:\/\/kingprint.mx\/plataforma\/?s={search_term_string}"},"query-input":{"@type":"PropertyValueSpecification","valueRequired":true,"valueName":"search_term_string"}}],"inLanguage":"es"},{"@type":"Organization","@id":"https:\/\/kingprint.mx\/plataforma\/#organization","name":"KingPrint","url":"https:\/\/kingprint.mx\/plataforma\/","logo":{"@type":"ImageObject","inLanguage":"es","@id":"https:\/\/kingprint.mx\/plataforma\/#\/schema\/logo\/image\/","url":"https:\/\/kingprint.mx\/plataforma\/wp-content\/uploads\/2019\/11\/logomaps.png","contentUrl":"https:\/\/kingprint.mx\/plataforma\/wp-content\/uploads\/2019\/11\/logomaps.png","width":315,"height":315,"caption":"KingPrint"},"image":{"@id":"https:\/\/kingprint.mx\/plataforma\/#\/schema\/logo\/image\/"},"sameAs":["https:\/\/www.facebook.com\/thekingprint","https:\/\/x.com\/KingPrintMex","https:\/\/www.instagram.com\/kingprintmx\/","https:\/\/www.pinterest.com.mx\/kingprintmx\/","https:\/\/www.youtube.com\/channel\/UCFXL84sx-XMcb2te5YV7dKQ"]}]}},"_links":{"self":[{"href":"https:\/\/kingprint.mx\/plataforma\/wp-json\/wp\/v2\/product\/2439","targetHints":{"allow":["GET"]}}],"collection":[{"href":"https:\/\/kingprint.mx\/plataforma\/wp-json\/wp\/v2\/product"}],"about":[{"href":"https:\/\/kingprint.mx\/plataforma\/wp-json\/wp\/v2\/types\/product"}],"wp:featuredmedia":[{"embeddable":true,"href":"https:\/\/kingprint.mx\/plataforma\/wp-json\/wp\/v2\/media\/2443"}],"wp:attachment":[{"href":"https:\/\/kingprint.mx\/plataforma\/wp-json\/wp\/v2\/media?parent=2439"}],"wp:term":[{"taxonomy":"product_brand","embeddable":true,"href":"https:\/\/kingprint.mx\/plataforma\/wp-json\/wp\/v2\/product_brand?post=2439"},{"taxonomy":"product_cat","embeddable":true,"href":"https:\/\/kingprint.mx\/plataforma\/wp-json\/wp\/v2\/product_cat?post=2439"},{"taxonomy":"product_tag","embeddable":true,"href":"https:\/\/kingprint.mx\/plataforma\/wp-json\/wp\/v2\/product_tag?post=2439"}],"curies":[{"name":"wp","href":"https:\/\/api.w.org\/{rel}","templated":true}]}}