{"id":4004,"date":"2017-08-10T22:14:42","date_gmt":"2017-08-10T22:14:42","guid":{"rendered":"https:\/\/kingprint.mx\/plataforma\/?post_type=product&#038;p=4004"},"modified":"2025-10-24T01:51:52","modified_gmt":"2025-10-24T01:51:52","slug":"manual-de-identidad-grafica-y-corporativa","status":"publish","type":"product","link":"https:\/\/kingprint.mx\/plataforma\/producto\/manual-de-identidad-grafica-y-corporativa\/","title":{"rendered":"Dise\u00f1o de Logo con Manual de Identidad Corporativa"},"content":{"rendered":"<p><em><strong>T\u00e9rminos y condiciones:<\/strong><\/em> Se entregar\u00e1n todos los archivos originales en su versi\u00f3n digital en diferentes formatos para un correcto uso, Tiempo de entrega: De 5 a 8 d\u00edas h\u00e1biles, Se realizan 6 Propuestas de logotipo con 3 retroalimentaciones y se dispone de 2 retroalimentaciones generales para la autorizaci\u00f3n y entrega de todo el manual, Si se requieren elementos adicionales se cotizar\u00e1n individualmente.<\/p>\n<p><span style=\"color: #ff0000;\"><em><strong>No incluye:<\/strong><\/em> Materiales Impresos (Los cuales se pueden cotizar de manera individual), Modificaciones en el Dise\u00f1o Editorial, Actualizaciones Gratuitas Despu\u00e9s De La Entrega Final.<\/span><\/p>\n","protected":false},"excerpt":{"rendered":"<p><strong>Elementos de Papeler\u00eda<\/strong><\/p>\n<p><em>Incluye:<\/em><br \/>\nElementos de Identidad Corporativa<br \/>\n1.1 El Logotipo<br \/>\n1.2 Introducci\u00f3n<br \/>\n1.3 Colores<br \/>\n1.4 Color con Fotograf\u00eda<br \/>\n1.5 Primera Tipograf\u00eda<br \/>\n1.6 Segunda Tipograf\u00eda<br \/>\n1.7 Usos Correctos e Incorrectos<\/p>\n<p><strong>Logotipo<\/strong><br \/>\n2.1 Introducci\u00f3n<br \/>\n2.2 Uso Correcto<br \/>\n2.3 Tama\u00f1os m\u00ednimos y espacio<br \/>\n2.4 Opciones de uso<br \/>\n2.5 Logotipos adicionales<br \/>\n2.6 Usos Correctos e Incorrectos<br \/>\n2.7 Sugerencia de posible uso<\/p>\n<p>3.1 Hoja Membretada<br \/>\n3.2 Tarjeta de Presentaci\u00f3n<br \/>\n3.3 Sobre<br \/>\n3.4 Folder<br \/>\n3.5 Usos Correctos e Incorrectos<\/p>\n<p><strong>Elementos adicionales<\/strong><br \/>\n4.1 Uso en Prendas de Vestir<br \/>\n4.2 Uso en promocionales<\/p>\n","protected":false},"featured_media":4097,"template":"","meta":{"_joinchat":[]},"product_brand":[],"product_cat":[54,150],"product_tag":[122,125,124,123,110,126],"class_list":{"0":"post-4004","1":"product","2":"type-product","3":"status-publish","4":"has-post-thumbnail","6":"product_cat-diseno-grafico","7":"product_cat-manuales","8":"product_tag-diseno-de-logotipo","9":"product_tag-diseno-grafico","10":"product_tag-manual-de-identidad-corporativa","11":"product_tag-manual-de-identidad-grafica","12":"product_tag-marcas","13":"product_tag-publicidad","15":"first","16":"instock","17":"virtual","18":"purchasable","19":"product-type-simple"},"yoast_head":"<!-- This site is optimized with the Yoast SEO plugin v27.0 - https:\/\/yoast.com\/product\/yoast-seo-wordpress\/ -->\n<title>Dise\u00f1o de Logo con Manual de Identidad Corporativa - KingPrint<\/title>\n<meta name=\"description\" content=\"Manual de identidad corporativa que establece uso correcto de elementos visuales de marca, incluyendo logotipo, tipograf\u00eda, paleta de colores y m\u00e1s.\" \/>\n<meta name=\"robots\" content=\"index, follow, max-snippet:-1, max-image-preview:large, max-video-preview:-1\" \/>\n<link rel=\"canonical\" href=\"https:\/\/kingprint.mx\/plataforma\/producto\/manual-de-identidad-grafica-y-corporativa\/\" \/>\n<meta property=\"og:locale\" content=\"es_ES\" \/>\n<meta property=\"og:type\" content=\"article\" \/>\n<meta property=\"og:title\" content=\"Identidad Corporativa\" \/>\n<meta property=\"og:description\" content=\"Manual de identidad corporativa que establece uso correcto de elementos visuales de marca, incluyendo logotipo, tipograf\u00eda, paleta de colores y m\u00e1s.\" \/>\n<meta property=\"og:url\" content=\"https:\/\/kingprint.mx\/plataforma\/producto\/manual-de-identidad-grafica-y-corporativa\/\" \/>\n<meta property=\"og:site_name\" content=\"KingPrint\" \/>\n<meta property=\"article:publisher\" content=\"https:\/\/www.facebook.com\/thekingprint\" \/>\n<meta property=\"article:modified_time\" content=\"2025-10-24T01:51:52+00:00\" \/>\n<meta property=\"og:image\" content=\"https:\/\/kingprint.mx\/plataforma\/wp-content\/uploads\/2017\/08\/12219b27482527.561c7dbaaf2fc.jpg\" \/>\n\t<meta property=\"og:image:width\" content=\"1100\" \/>\n\t<meta property=\"og:image:height\" content=\"700\" \/>\n\t<meta property=\"og:image:type\" content=\"image\/jpeg\" \/>\n<meta name=\"twitter:card\" content=\"summary_large_image\" \/>\n<meta name=\"twitter:title\" content=\"Identidad Corporativa\" \/>\n<meta name=\"twitter:description\" content=\"Manual de identidad corporativa que establece uso correcto de elementos visuales de marca, incluyendo logotipo, tipograf\u00eda, paleta de colores y m\u00e1s.\" \/>\n<meta name=\"twitter:image\" content=\"https:\/\/kingprint.mx\/plataforma\/wp-content\/uploads\/2017\/08\/12219b27482527.561c7dbaaf2fc.jpg\" \/>\n<meta name=\"twitter:site\" content=\"@KingPrintMex\" \/>\n<meta name=\"twitter:label1\" content=\"Tiempo de lectura\" \/>\n\t<meta name=\"twitter:data1\" content=\"1 minuto\" \/>\n<script type=\"application\/ld+json\" class=\"yoast-schema-graph\">{\"@context\":\"https:\/\/schema.org\",\"@graph\":[{\"@type\":\"WebPage\",\"@id\":\"https:\/\/kingprint.mx\/plataforma\/producto\/manual-de-identidad-grafica-y-corporativa\/\",\"url\":\"https:\/\/kingprint.mx\/plataforma\/producto\/manual-de-identidad-grafica-y-corporativa\/\",\"name\":\"Dise\u00f1o de Logo con Manual de Identidad Corporativa - KingPrint\",\"isPartOf\":{\"@id\":\"https:\/\/kingprint.mx\/plataforma\/#website\"},\"primaryImageOfPage\":{\"@id\":\"https:\/\/kingprint.mx\/plataforma\/producto\/manual-de-identidad-grafica-y-corporativa\/#primaryimage\"},\"image\":{\"@id\":\"https:\/\/kingprint.mx\/plataforma\/producto\/manual-de-identidad-grafica-y-corporativa\/#primaryimage\"},\"thumbnailUrl\":\"https:\/\/kingprint.mx\/plataforma\/wp-content\/uploads\/2017\/08\/12219b27482527.561c7dbaaf2fc.jpg\",\"datePublished\":\"2017-08-10T22:14:42+00:00\",\"dateModified\":\"2025-10-24T01:51:52+00:00\",\"description\":\"Manual de identidad corporativa que establece uso correcto de elementos visuales de marca, incluyendo logotipo, tipograf\u00eda, paleta de colores y m\u00e1s.\",\"breadcrumb\":{\"@id\":\"https:\/\/kingprint.mx\/plataforma\/producto\/manual-de-identidad-grafica-y-corporativa\/#breadcrumb\"},\"inLanguage\":\"es\",\"potentialAction\":[{\"@type\":\"ReadAction\",\"target\":[\"https:\/\/kingprint.mx\/plataforma\/producto\/manual-de-identidad-grafica-y-corporativa\/\"]}]},{\"@type\":\"ImageObject\",\"inLanguage\":\"es\",\"@id\":\"https:\/\/kingprint.mx\/plataforma\/producto\/manual-de-identidad-grafica-y-corporativa\/#primaryimage\",\"url\":\"https:\/\/kingprint.mx\/plataforma\/wp-content\/uploads\/2017\/08\/12219b27482527.561c7dbaaf2fc.jpg\",\"contentUrl\":\"https:\/\/kingprint.mx\/plataforma\/wp-content\/uploads\/2017\/08\/12219b27482527.561c7dbaaf2fc.jpg\",\"width\":1100,\"height\":700},{\"@type\":\"BreadcrumbList\",\"@id\":\"https:\/\/kingprint.mx\/plataforma\/producto\/manual-de-identidad-grafica-y-corporativa\/#breadcrumb\",\"itemListElement\":[{\"@type\":\"ListItem\",\"position\":1,\"name\":\"Portada\",\"item\":\"https:\/\/kingprint.mx\/plataforma\/\"},{\"@type\":\"ListItem\",\"position\":2,\"name\":\"Tienda\",\"item\":\"https:\/\/kingprint.mx\/plataforma\/tienda\/\"},{\"@type\":\"ListItem\",\"position\":3,\"name\":\"Dise\u00f1o de Logo con Manual de Identidad Corporativa\"}]},{\"@type\":\"WebSite\",\"@id\":\"https:\/\/kingprint.mx\/plataforma\/#website\",\"url\":\"https:\/\/kingprint.mx\/plataforma\/\",\"name\":\"KingPrint\",\"description\":\"Especialistas en: Cajas, Empaques, Stickers, Vinil, Serigraf\u00eda, Offset, Textiles y M\u00e1s.\",\"publisher\":{\"@id\":\"https:\/\/kingprint.mx\/plataforma\/#organization\"},\"potentialAction\":[{\"@type\":\"SearchAction\",\"target\":{\"@type\":\"EntryPoint\",\"urlTemplate\":\"https:\/\/kingprint.mx\/plataforma\/?s={search_term_string}\"},\"query-input\":{\"@type\":\"PropertyValueSpecification\",\"valueRequired\":true,\"valueName\":\"search_term_string\"}}],\"inLanguage\":\"es\"},{\"@type\":\"Organization\",\"@id\":\"https:\/\/kingprint.mx\/plataforma\/#organization\",\"name\":\"KingPrint\",\"url\":\"https:\/\/kingprint.mx\/plataforma\/\",\"logo\":{\"@type\":\"ImageObject\",\"inLanguage\":\"es\",\"@id\":\"https:\/\/kingprint.mx\/plataforma\/#\/schema\/logo\/image\/\",\"url\":\"https:\/\/kingprint.mx\/plataforma\/wp-content\/uploads\/2019\/11\/logomaps.png\",\"contentUrl\":\"https:\/\/kingprint.mx\/plataforma\/wp-content\/uploads\/2019\/11\/logomaps.png\",\"width\":315,\"height\":315,\"caption\":\"KingPrint\"},\"image\":{\"@id\":\"https:\/\/kingprint.mx\/plataforma\/#\/schema\/logo\/image\/\"},\"sameAs\":[\"https:\/\/www.facebook.com\/thekingprint\",\"https:\/\/x.com\/KingPrintMex\",\"https:\/\/www.instagram.com\/kingprintmx\/\",\"https:\/\/www.pinterest.com.mx\/kingprintmx\/\",\"https:\/\/www.youtube.com\/channel\/UCFXL84sx-XMcb2te5YV7dKQ\"]}]}<\/script>\n<!-- \/ Yoast SEO plugin. -->","yoast_head_json":{"title":"Dise\u00f1o de Logo con Manual de Identidad Corporativa - KingPrint","description":"Manual de identidad corporativa que establece uso correcto de elementos visuales de marca, incluyendo logotipo, tipograf\u00eda, paleta de colores y m\u00e1s.","robots":{"index":"index","follow":"follow","max-snippet":"max-snippet:-1","max-image-preview":"max-image-preview:large","max-video-preview":"max-video-preview:-1"},"canonical":"https:\/\/kingprint.mx\/plataforma\/producto\/manual-de-identidad-grafica-y-corporativa\/","og_locale":"es_ES","og_type":"article","og_title":"Identidad Corporativa","og_description":"Manual de identidad corporativa que establece uso correcto de elementos visuales de marca, incluyendo logotipo, tipograf\u00eda, paleta de colores y m\u00e1s.","og_url":"https:\/\/kingprint.mx\/plataforma\/producto\/manual-de-identidad-grafica-y-corporativa\/","og_site_name":"KingPrint","article_publisher":"https:\/\/www.facebook.com\/thekingprint","article_modified_time":"2025-10-24T01:51:52+00:00","og_image":[{"width":1100,"height":700,"url":"https:\/\/kingprint.mx\/plataforma\/wp-content\/uploads\/2017\/08\/12219b27482527.561c7dbaaf2fc.jpg","type":"image\/jpeg"}],"twitter_card":"summary_large_image","twitter_title":"Identidad Corporativa","twitter_description":"Manual de identidad corporativa que establece uso correcto de elementos visuales de marca, incluyendo logotipo, tipograf\u00eda, paleta de colores y m\u00e1s.","twitter_image":"https:\/\/kingprint.mx\/plataforma\/wp-content\/uploads\/2017\/08\/12219b27482527.561c7dbaaf2fc.jpg","twitter_site":"@KingPrintMex","twitter_misc":{"Tiempo de lectura":"1 minuto"},"schema":{"@context":"https:\/\/schema.org","@graph":[{"@type":"WebPage","@id":"https:\/\/kingprint.mx\/plataforma\/producto\/manual-de-identidad-grafica-y-corporativa\/","url":"https:\/\/kingprint.mx\/plataforma\/producto\/manual-de-identidad-grafica-y-corporativa\/","name":"Dise\u00f1o de Logo con Manual de Identidad Corporativa - KingPrint","isPartOf":{"@id":"https:\/\/kingprint.mx\/plataforma\/#website"},"primaryImageOfPage":{"@id":"https:\/\/kingprint.mx\/plataforma\/producto\/manual-de-identidad-grafica-y-corporativa\/#primaryimage"},"image":{"@id":"https:\/\/kingprint.mx\/plataforma\/producto\/manual-de-identidad-grafica-y-corporativa\/#primaryimage"},"thumbnailUrl":"https:\/\/kingprint.mx\/plataforma\/wp-content\/uploads\/2017\/08\/12219b27482527.561c7dbaaf2fc.jpg","datePublished":"2017-08-10T22:14:42+00:00","dateModified":"2025-10-24T01:51:52+00:00","description":"Manual de identidad corporativa que establece uso correcto de elementos visuales de marca, incluyendo logotipo, tipograf\u00eda, paleta de colores y m\u00e1s.","breadcrumb":{"@id":"https:\/\/kingprint.mx\/plataforma\/producto\/manual-de-identidad-grafica-y-corporativa\/#breadcrumb"},"inLanguage":"es","potentialAction":[{"@type":"ReadAction","target":["https:\/\/kingprint.mx\/plataforma\/producto\/manual-de-identidad-grafica-y-corporativa\/"]}]},{"@type":"ImageObject","inLanguage":"es","@id":"https:\/\/kingprint.mx\/plataforma\/producto\/manual-de-identidad-grafica-y-corporativa\/#primaryimage","url":"https:\/\/kingprint.mx\/plataforma\/wp-content\/uploads\/2017\/08\/12219b27482527.561c7dbaaf2fc.jpg","contentUrl":"https:\/\/kingprint.mx\/plataforma\/wp-content\/uploads\/2017\/08\/12219b27482527.561c7dbaaf2fc.jpg","width":1100,"height":700},{"@type":"BreadcrumbList","@id":"https:\/\/kingprint.mx\/plataforma\/producto\/manual-de-identidad-grafica-y-corporativa\/#breadcrumb","itemListElement":[{"@type":"ListItem","position":1,"name":"Portada","item":"https:\/\/kingprint.mx\/plataforma\/"},{"@type":"ListItem","position":2,"name":"Tienda","item":"https:\/\/kingprint.mx\/plataforma\/tienda\/"},{"@type":"ListItem","position":3,"name":"Dise\u00f1o de Logo con Manual de Identidad Corporativa"}]},{"@type":"WebSite","@id":"https:\/\/kingprint.mx\/plataforma\/#website","url":"https:\/\/kingprint.mx\/plataforma\/","name":"KingPrint","description":"Especialistas en: Cajas, Empaques, Stickers, Vinil, Serigraf\u00eda, Offset, Textiles y M\u00e1s.","publisher":{"@id":"https:\/\/kingprint.mx\/plataforma\/#organization"},"potentialAction":[{"@type":"SearchAction","target":{"@type":"EntryPoint","urlTemplate":"https:\/\/kingprint.mx\/plataforma\/?s={search_term_string}"},"query-input":{"@type":"PropertyValueSpecification","valueRequired":true,"valueName":"search_term_string"}}],"inLanguage":"es"},{"@type":"Organization","@id":"https:\/\/kingprint.mx\/plataforma\/#organization","name":"KingPrint","url":"https:\/\/kingprint.mx\/plataforma\/","logo":{"@type":"ImageObject","inLanguage":"es","@id":"https:\/\/kingprint.mx\/plataforma\/#\/schema\/logo\/image\/","url":"https:\/\/kingprint.mx\/plataforma\/wp-content\/uploads\/2019\/11\/logomaps.png","contentUrl":"https:\/\/kingprint.mx\/plataforma\/wp-content\/uploads\/2019\/11\/logomaps.png","width":315,"height":315,"caption":"KingPrint"},"image":{"@id":"https:\/\/kingprint.mx\/plataforma\/#\/schema\/logo\/image\/"},"sameAs":["https:\/\/www.facebook.com\/thekingprint","https:\/\/x.com\/KingPrintMex","https:\/\/www.instagram.com\/kingprintmx\/","https:\/\/www.pinterest.com.mx\/kingprintmx\/","https:\/\/www.youtube.com\/channel\/UCFXL84sx-XMcb2te5YV7dKQ"]}]}},"_links":{"self":[{"href":"https:\/\/kingprint.mx\/plataforma\/wp-json\/wp\/v2\/product\/4004","targetHints":{"allow":["GET"]}}],"collection":[{"href":"https:\/\/kingprint.mx\/plataforma\/wp-json\/wp\/v2\/product"}],"about":[{"href":"https:\/\/kingprint.mx\/plataforma\/wp-json\/wp\/v2\/types\/product"}],"wp:featuredmedia":[{"embeddable":true,"href":"https:\/\/kingprint.mx\/plataforma\/wp-json\/wp\/v2\/media\/4097"}],"wp:attachment":[{"href":"https:\/\/kingprint.mx\/plataforma\/wp-json\/wp\/v2\/media?parent=4004"}],"wp:term":[{"taxonomy":"product_brand","embeddable":true,"href":"https:\/\/kingprint.mx\/plataforma\/wp-json\/wp\/v2\/product_brand?post=4004"},{"taxonomy":"product_cat","embeddable":true,"href":"https:\/\/kingprint.mx\/plataforma\/wp-json\/wp\/v2\/product_cat?post=4004"},{"taxonomy":"product_tag","embeddable":true,"href":"https:\/\/kingprint.mx\/plataforma\/wp-json\/wp\/v2\/product_tag?post=4004"}],"curies":[{"name":"wp","href":"https:\/\/api.w.org\/{rel}","templated":true}]}}