{"id":6737,"date":"2018-03-22T20:35:22","date_gmt":"2018-03-22T20:35:22","guid":{"rendered":"https:\/\/kingprint.mx\/plataforma\/?post_type=product&#038;p=6737"},"modified":"2025-10-26T05:43:03","modified_gmt":"2025-10-26T05:43:03","slug":"1000-notas-14-de-carta-a-1-tinta-con-folio-y-papel-autocopiante","status":"publish","type":"product","link":"https:\/\/kingprint.mx\/plataforma\/producto\/1000-notas-14-de-carta-a-1-tinta-con-folio-y-papel-autocopiante\/","title":{"rendered":"1000 Notas 1\/4 de Carta a 1 tinta con folio y una copia en papel autocopiante"},"content":{"rendered":"<p><strong>Tiempo de Producci\u00f3n: 3 a 5 d\u00edas h\u00e1biles<\/strong>. Pedido M\u00ednimo 1000 Notas Con El Mismo Dise\u00f1o.<\/p>\n","protected":false},"excerpt":{"rendered":"<p><strong>Especificaciones:<\/strong><\/p>\n<ul>\n<li><strong><em>Medidas 10x14cm <\/em><\/strong><\/li>\n<li><strong><em>Impresi\u00f3n 1 tinta solo frente<\/em><\/strong><\/li>\n<li><strong><em>1 original y 1 copia (papel amarillo)<\/em><\/strong><\/li>\n<li><strong><em>Papel autocopiante<\/em><\/strong><\/li>\n<li><strong><em>Folio<\/em><\/strong><\/li>\n<\/ul>\n","protected":false},"featured_media":6740,"template":"","meta":{"_joinchat":[]},"product_brand":[],"product_cat":[36,60],"product_tag":[38],"class_list":{"0":"post-6737","1":"product","2":"type-product","3":"status-publish","4":"has-post-thumbnail","6":"product_cat-impresos","7":"product_cat-impresos-notas","8":"product_tag-offset","10":"first","11":"instock","12":"shipping-taxable","13":"purchasable","14":"product-type-simple"},"yoast_head":"<!-- This site is optimized with the Yoast SEO plugin v27.0 - https:\/\/yoast.com\/product\/yoast-seo-wordpress\/ -->\n<title>1000 Notas 1\/4 de Carta a 1 tinta con folio y una copia en papel autocopiante - KingPrint<\/title>\n<meta name=\"description\" content=\"Las notas tama\u00f1o un cuarto a 1 tinta son ideales para mensajes r\u00e1pidos y efectivos. Perfectas para apuntes, recordatorios o comunicaciones breves.\" \/>\n<meta name=\"robots\" content=\"index, follow, max-snippet:-1, max-image-preview:large, max-video-preview:-1\" \/>\n<link rel=\"canonical\" href=\"https:\/\/kingprint.mx\/plataforma\/producto\/1000-notas-14-de-carta-a-1-tinta-con-folio-y-papel-autocopiante\/\" \/>\n<meta property=\"og:locale\" content=\"es_ES\" \/>\n<meta property=\"og:type\" content=\"article\" \/>\n<meta property=\"og:title\" content=\"Notas Un Cuarto\" \/>\n<meta property=\"og:description\" content=\"Las notas tama\u00f1o un cuarto a 1 tinta son ideales para mensajes r\u00e1pidos y efectivos. Perfectas para apuntes, recordatorios o comunicaciones breves.\" \/>\n<meta property=\"og:url\" content=\"https:\/\/kingprint.mx\/plataforma\/producto\/1000-notas-14-de-carta-a-1-tinta-con-folio-y-papel-autocopiante\/\" \/>\n<meta property=\"og:site_name\" content=\"KingPrint\" \/>\n<meta property=\"article:publisher\" content=\"https:\/\/www.facebook.com\/thekingprint\" \/>\n<meta property=\"article:modified_time\" content=\"2025-10-26T05:43:03+00:00\" \/>\n<meta property=\"og:image\" content=\"https:\/\/kingprint.mx\/plataforma\/wp-content\/uploads\/2018\/03\/1Notas_1_4.jpg\" \/>\n\t<meta property=\"og:image:width\" content=\"500\" \/>\n\t<meta property=\"og:image:height\" content=\"500\" \/>\n\t<meta property=\"og:image:type\" content=\"image\/jpeg\" \/>\n<meta name=\"twitter:card\" content=\"summary_large_image\" \/>\n<meta name=\"twitter:title\" content=\"Notas Un Cuarto\" \/>\n<meta name=\"twitter:description\" content=\"Las notas tama\u00f1o un cuarto a 1 tinta son ideales para mensajes r\u00e1pidos y efectivos. Perfectas para apuntes, recordatorios o comunicaciones breves.\" \/>\n<meta name=\"twitter:image\" content=\"https:\/\/kingprint.mx\/plataforma\/wp-content\/uploads\/2018\/03\/1Notas_1_4.jpg\" \/>\n<meta name=\"twitter:site\" content=\"@KingPrintMex\" \/>\n<meta name=\"twitter:label1\" content=\"Tiempo de lectura\" \/>\n\t<meta name=\"twitter:data1\" content=\"1 minuto\" \/>\n<script type=\"application\/ld+json\" class=\"yoast-schema-graph\">{\"@context\":\"https:\/\/schema.org\",\"@graph\":[{\"@type\":\"WebPage\",\"@id\":\"https:\/\/kingprint.mx\/plataforma\/producto\/1000-notas-14-de-carta-a-1-tinta-con-folio-y-papel-autocopiante\/\",\"url\":\"https:\/\/kingprint.mx\/plataforma\/producto\/1000-notas-14-de-carta-a-1-tinta-con-folio-y-papel-autocopiante\/\",\"name\":\"1000 Notas 1\/4 de Carta a 1 tinta con folio y una copia en papel autocopiante - KingPrint\",\"isPartOf\":{\"@id\":\"https:\/\/kingprint.mx\/plataforma\/#website\"},\"primaryImageOfPage\":{\"@id\":\"https:\/\/kingprint.mx\/plataforma\/producto\/1000-notas-14-de-carta-a-1-tinta-con-folio-y-papel-autocopiante\/#primaryimage\"},\"image\":{\"@id\":\"https:\/\/kingprint.mx\/plataforma\/producto\/1000-notas-14-de-carta-a-1-tinta-con-folio-y-papel-autocopiante\/#primaryimage\"},\"thumbnailUrl\":\"https:\/\/kingprint.mx\/plataforma\/wp-content\/uploads\/2018\/03\/1_notas_1_4.jpg\",\"datePublished\":\"2018-03-22T20:35:22+00:00\",\"dateModified\":\"2025-10-26T05:43:03+00:00\",\"description\":\"Las notas tama\u00f1o un cuarto a 1 tinta son ideales para mensajes r\u00e1pidos y efectivos. Perfectas para apuntes, recordatorios o comunicaciones breves.\",\"breadcrumb\":{\"@id\":\"https:\/\/kingprint.mx\/plataforma\/producto\/1000-notas-14-de-carta-a-1-tinta-con-folio-y-papel-autocopiante\/#breadcrumb\"},\"inLanguage\":\"es\",\"potentialAction\":[{\"@type\":\"ReadAction\",\"target\":[\"https:\/\/kingprint.mx\/plataforma\/producto\/1000-notas-14-de-carta-a-1-tinta-con-folio-y-papel-autocopiante\/\"]}]},{\"@type\":\"ImageObject\",\"inLanguage\":\"es\",\"@id\":\"https:\/\/kingprint.mx\/plataforma\/producto\/1000-notas-14-de-carta-a-1-tinta-con-folio-y-papel-autocopiante\/#primaryimage\",\"url\":\"https:\/\/kingprint.mx\/plataforma\/wp-content\/uploads\/2018\/03\/1_notas_1_4.jpg\",\"contentUrl\":\"https:\/\/kingprint.mx\/plataforma\/wp-content\/uploads\/2018\/03\/1_notas_1_4.jpg\",\"width\":500,\"height\":500},{\"@type\":\"BreadcrumbList\",\"@id\":\"https:\/\/kingprint.mx\/plataforma\/producto\/1000-notas-14-de-carta-a-1-tinta-con-folio-y-papel-autocopiante\/#breadcrumb\",\"itemListElement\":[{\"@type\":\"ListItem\",\"position\":1,\"name\":\"Portada\",\"item\":\"https:\/\/kingprint.mx\/plataforma\/\"},{\"@type\":\"ListItem\",\"position\":2,\"name\":\"Tienda\",\"item\":\"https:\/\/kingprint.mx\/plataforma\/tienda\/\"},{\"@type\":\"ListItem\",\"position\":3,\"name\":\"1000 Notas 1\/4 de Carta a 1 tinta con folio y una copia en papel autocopiante\"}]},{\"@type\":\"WebSite\",\"@id\":\"https:\/\/kingprint.mx\/plataforma\/#website\",\"url\":\"https:\/\/kingprint.mx\/plataforma\/\",\"name\":\"KingPrint\",\"description\":\"Especialistas en: Cajas, Empaques, Stickers, Vinil, Serigraf\u00eda, Offset, Textiles y M\u00e1s.\",\"publisher\":{\"@id\":\"https:\/\/kingprint.mx\/plataforma\/#organization\"},\"potentialAction\":[{\"@type\":\"SearchAction\",\"target\":{\"@type\":\"EntryPoint\",\"urlTemplate\":\"https:\/\/kingprint.mx\/plataforma\/?s={search_term_string}\"},\"query-input\":{\"@type\":\"PropertyValueSpecification\",\"valueRequired\":true,\"valueName\":\"search_term_string\"}}],\"inLanguage\":\"es\"},{\"@type\":\"Organization\",\"@id\":\"https:\/\/kingprint.mx\/plataforma\/#organization\",\"name\":\"KingPrint\",\"url\":\"https:\/\/kingprint.mx\/plataforma\/\",\"logo\":{\"@type\":\"ImageObject\",\"inLanguage\":\"es\",\"@id\":\"https:\/\/kingprint.mx\/plataforma\/#\/schema\/logo\/image\/\",\"url\":\"https:\/\/kingprint.mx\/plataforma\/wp-content\/uploads\/2019\/11\/logomaps.png\",\"contentUrl\":\"https:\/\/kingprint.mx\/plataforma\/wp-content\/uploads\/2019\/11\/logomaps.png\",\"width\":315,\"height\":315,\"caption\":\"KingPrint\"},\"image\":{\"@id\":\"https:\/\/kingprint.mx\/plataforma\/#\/schema\/logo\/image\/\"},\"sameAs\":[\"https:\/\/www.facebook.com\/thekingprint\",\"https:\/\/x.com\/KingPrintMex\",\"https:\/\/www.instagram.com\/kingprintmx\/\",\"https:\/\/www.pinterest.com.mx\/kingprintmx\/\",\"https:\/\/www.youtube.com\/channel\/UCFXL84sx-XMcb2te5YV7dKQ\"]}]}<\/script>\n<!-- \/ Yoast SEO plugin. -->","yoast_head_json":{"title":"1000 Notas 1\/4 de Carta a 1 tinta con folio y una copia en papel autocopiante - KingPrint","description":"Las notas tama\u00f1o un cuarto a 1 tinta son ideales para mensajes r\u00e1pidos y efectivos. Perfectas para apuntes, recordatorios o comunicaciones breves.","robots":{"index":"index","follow":"follow","max-snippet":"max-snippet:-1","max-image-preview":"max-image-preview:large","max-video-preview":"max-video-preview:-1"},"canonical":"https:\/\/kingprint.mx\/plataforma\/producto\/1000-notas-14-de-carta-a-1-tinta-con-folio-y-papel-autocopiante\/","og_locale":"es_ES","og_type":"article","og_title":"Notas Un Cuarto","og_description":"Las notas tama\u00f1o un cuarto a 1 tinta son ideales para mensajes r\u00e1pidos y efectivos. Perfectas para apuntes, recordatorios o comunicaciones breves.","og_url":"https:\/\/kingprint.mx\/plataforma\/producto\/1000-notas-14-de-carta-a-1-tinta-con-folio-y-papel-autocopiante\/","og_site_name":"KingPrint","article_publisher":"https:\/\/www.facebook.com\/thekingprint","article_modified_time":"2025-10-26T05:43:03+00:00","og_image":[{"width":500,"height":500,"url":"https:\/\/kingprint.mx\/plataforma\/wp-content\/uploads\/2018\/03\/1Notas_1_4.jpg","type":"image\/jpeg"}],"twitter_card":"summary_large_image","twitter_title":"Notas Un Cuarto","twitter_description":"Las notas tama\u00f1o un cuarto a 1 tinta son ideales para mensajes r\u00e1pidos y efectivos. Perfectas para apuntes, recordatorios o comunicaciones breves.","twitter_image":"https:\/\/kingprint.mx\/plataforma\/wp-content\/uploads\/2018\/03\/1Notas_1_4.jpg","twitter_site":"@KingPrintMex","twitter_misc":{"Tiempo de lectura":"1 minuto"},"schema":{"@context":"https:\/\/schema.org","@graph":[{"@type":"WebPage","@id":"https:\/\/kingprint.mx\/plataforma\/producto\/1000-notas-14-de-carta-a-1-tinta-con-folio-y-papel-autocopiante\/","url":"https:\/\/kingprint.mx\/plataforma\/producto\/1000-notas-14-de-carta-a-1-tinta-con-folio-y-papel-autocopiante\/","name":"1000 Notas 1\/4 de Carta a 1 tinta con folio y una copia en papel autocopiante - KingPrint","isPartOf":{"@id":"https:\/\/kingprint.mx\/plataforma\/#website"},"primaryImageOfPage":{"@id":"https:\/\/kingprint.mx\/plataforma\/producto\/1000-notas-14-de-carta-a-1-tinta-con-folio-y-papel-autocopiante\/#primaryimage"},"image":{"@id":"https:\/\/kingprint.mx\/plataforma\/producto\/1000-notas-14-de-carta-a-1-tinta-con-folio-y-papel-autocopiante\/#primaryimage"},"thumbnailUrl":"https:\/\/kingprint.mx\/plataforma\/wp-content\/uploads\/2018\/03\/1_notas_1_4.jpg","datePublished":"2018-03-22T20:35:22+00:00","dateModified":"2025-10-26T05:43:03+00:00","description":"Las notas tama\u00f1o un cuarto a 1 tinta son ideales para mensajes r\u00e1pidos y efectivos. Perfectas para apuntes, recordatorios o comunicaciones breves.","breadcrumb":{"@id":"https:\/\/kingprint.mx\/plataforma\/producto\/1000-notas-14-de-carta-a-1-tinta-con-folio-y-papel-autocopiante\/#breadcrumb"},"inLanguage":"es","potentialAction":[{"@type":"ReadAction","target":["https:\/\/kingprint.mx\/plataforma\/producto\/1000-notas-14-de-carta-a-1-tinta-con-folio-y-papel-autocopiante\/"]}]},{"@type":"ImageObject","inLanguage":"es","@id":"https:\/\/kingprint.mx\/plataforma\/producto\/1000-notas-14-de-carta-a-1-tinta-con-folio-y-papel-autocopiante\/#primaryimage","url":"https:\/\/kingprint.mx\/plataforma\/wp-content\/uploads\/2018\/03\/1_notas_1_4.jpg","contentUrl":"https:\/\/kingprint.mx\/plataforma\/wp-content\/uploads\/2018\/03\/1_notas_1_4.jpg","width":500,"height":500},{"@type":"BreadcrumbList","@id":"https:\/\/kingprint.mx\/plataforma\/producto\/1000-notas-14-de-carta-a-1-tinta-con-folio-y-papel-autocopiante\/#breadcrumb","itemListElement":[{"@type":"ListItem","position":1,"name":"Portada","item":"https:\/\/kingprint.mx\/plataforma\/"},{"@type":"ListItem","position":2,"name":"Tienda","item":"https:\/\/kingprint.mx\/plataforma\/tienda\/"},{"@type":"ListItem","position":3,"name":"1000 Notas 1\/4 de Carta a 1 tinta con folio y una copia en papel autocopiante"}]},{"@type":"WebSite","@id":"https:\/\/kingprint.mx\/plataforma\/#website","url":"https:\/\/kingprint.mx\/plataforma\/","name":"KingPrint","description":"Especialistas en: Cajas, Empaques, Stickers, Vinil, Serigraf\u00eda, Offset, Textiles y M\u00e1s.","publisher":{"@id":"https:\/\/kingprint.mx\/plataforma\/#organization"},"potentialAction":[{"@type":"SearchAction","target":{"@type":"EntryPoint","urlTemplate":"https:\/\/kingprint.mx\/plataforma\/?s={search_term_string}"},"query-input":{"@type":"PropertyValueSpecification","valueRequired":true,"valueName":"search_term_string"}}],"inLanguage":"es"},{"@type":"Organization","@id":"https:\/\/kingprint.mx\/plataforma\/#organization","name":"KingPrint","url":"https:\/\/kingprint.mx\/plataforma\/","logo":{"@type":"ImageObject","inLanguage":"es","@id":"https:\/\/kingprint.mx\/plataforma\/#\/schema\/logo\/image\/","url":"https:\/\/kingprint.mx\/plataforma\/wp-content\/uploads\/2019\/11\/logomaps.png","contentUrl":"https:\/\/kingprint.mx\/plataforma\/wp-content\/uploads\/2019\/11\/logomaps.png","width":315,"height":315,"caption":"KingPrint"},"image":{"@id":"https:\/\/kingprint.mx\/plataforma\/#\/schema\/logo\/image\/"},"sameAs":["https:\/\/www.facebook.com\/thekingprint","https:\/\/x.com\/KingPrintMex","https:\/\/www.instagram.com\/kingprintmx\/","https:\/\/www.pinterest.com.mx\/kingprintmx\/","https:\/\/www.youtube.com\/channel\/UCFXL84sx-XMcb2te5YV7dKQ"]}]}},"_links":{"self":[{"href":"https:\/\/kingprint.mx\/plataforma\/wp-json\/wp\/v2\/product\/6737","targetHints":{"allow":["GET"]}}],"collection":[{"href":"https:\/\/kingprint.mx\/plataforma\/wp-json\/wp\/v2\/product"}],"about":[{"href":"https:\/\/kingprint.mx\/plataforma\/wp-json\/wp\/v2\/types\/product"}],"wp:featuredmedia":[{"embeddable":true,"href":"https:\/\/kingprint.mx\/plataforma\/wp-json\/wp\/v2\/media\/6740"}],"wp:attachment":[{"href":"https:\/\/kingprint.mx\/plataforma\/wp-json\/wp\/v2\/media?parent=6737"}],"wp:term":[{"taxonomy":"product_brand","embeddable":true,"href":"https:\/\/kingprint.mx\/plataforma\/wp-json\/wp\/v2\/product_brand?post=6737"},{"taxonomy":"product_cat","embeddable":true,"href":"https:\/\/kingprint.mx\/plataforma\/wp-json\/wp\/v2\/product_cat?post=6737"},{"taxonomy":"product_tag","embeddable":true,"href":"https:\/\/kingprint.mx\/plataforma\/wp-json\/wp\/v2\/product_tag?post=6737"}],"curies":[{"name":"wp","href":"https:\/\/api.w.org\/{rel}","templated":true}]}}