{"id":7919,"date":"2018-08-14T17:36:41","date_gmt":"2018-08-14T17:36:41","guid":{"rendered":"https:\/\/kingprint.mx\/plataforma\/?post_type=product&#038;p=7919"},"modified":"2025-11-06T05:01:47","modified_gmt":"2025-11-06T05:01:47","slug":"250-bolsas-kraft-1-6-con-impresion-a-1-tinta","status":"publish","type":"product","link":"https:\/\/kingprint.mx\/plataforma\/producto\/250-bolsas-kraft-1-6-con-impresion-a-1-tinta\/","title":{"rendered":"250 Bolsas Kraft 1\/6 con impresi\u00f3n a 1 tinta"},"content":{"rendered":"<p><em><span style=\"color: #ff0000;\"><span style=\"color: #ff0000;\"><b>Precio basado en 500 unidades con el mismo dise\u00f1o<\/b><\/span><\/span><\/em><\/p>\n<p><em><span style=\"color: #ff0000;\"><span style=\"color: #ff0000;\"><b>Tiempo de producci\u00f3n de 5 a 7 d\u00edas h\u00e1biles<\/b><\/span><\/span><\/em><\/p>\n","protected":false},"excerpt":{"rendered":"<p><strong>Medidas: 30 x 18 x 41 cm.<\/strong><br \/>\n<strong>N\u00b01\/6<\/strong><br \/>\n<strong>Se entregan o env\u00edan en Paquete de 250 piezas<\/strong><br \/>\n<strong><em>Impresi\u00f3n a 1 tinta por 1 lado con t\u00e9cnica de Serigraf\u00eda.<\/em><\/strong><\/p>\n","protected":false},"featured_media":10663,"template":"","meta":{"_joinchat":[]},"product_brand":[],"product_cat":[350,389,451,351,450],"product_tag":[352,353,354,355,356],"class_list":{"0":"post-7919","1":"product","2":"type-product","3":"status-publish","4":"has-post-thumbnail","6":"product_cat-bolsas","7":"product_cat-complemento","8":"product_cat-con-impresion-bolsas","9":"product_cat-de-papel","10":"product_cat-paquete-de-500","11":"product_tag-bolsas","12":"product_tag-bolsas-de-papel","13":"product_tag-bolsas-de-papel-impresas","14":"product_tag-bolsas-de-papel-serigrafia","15":"product_tag-bolsas-serigrafia","17":"first","18":"instock","19":"shipping-taxable","20":"purchasable","21":"product-type-simple"},"yoast_head":"<!-- This site is optimized with the Yoast SEO plugin v27.0 - https:\/\/yoast.com\/product\/yoast-seo-wordpress\/ -->\n<title>250 Bolsas Kraft 1\/6 con impresi\u00f3n a 1 tinta - KingPrint<\/title>\n<meta name=\"robots\" content=\"index, follow, max-snippet:-1, max-image-preview:large, max-video-preview:-1\" \/>\n<link rel=\"canonical\" href=\"https:\/\/kingprint.mx\/plataforma\/producto\/250-bolsas-kraft-1-6-con-impresion-a-1-tinta\/\" \/>\n<meta property=\"og:locale\" content=\"es_ES\" \/>\n<meta property=\"og:type\" content=\"article\" \/>\n<meta property=\"og:title\" content=\"250 Bolsas Kraft 1\/6 con impresi\u00f3n a 1 tinta - KingPrint\" \/>\n<meta property=\"og:description\" content=\"Medidas: 30 x 18 x 41 cm. N\u00b01\/6 Se entregan o env\u00edan en Paquete de 250 piezas Impresi\u00f3n a 1 tinta por 1 lado con t\u00e9cnica de Serigraf\u00eda.\" \/>\n<meta property=\"og:url\" content=\"https:\/\/kingprint.mx\/plataforma\/producto\/250-bolsas-kraft-1-6-con-impresion-a-1-tinta\/\" \/>\n<meta property=\"og:site_name\" content=\"KingPrint\" \/>\n<meta property=\"article:publisher\" content=\"https:\/\/www.facebook.com\/thekingprint\" \/>\n<meta property=\"article:modified_time\" content=\"2025-11-06T05:01:47+00:00\" \/>\n<meta property=\"og:image\" content=\"https:\/\/kingprint.mx\/plataforma\/wp-content\/uploads\/2018\/08\/1sexto-despensa-i.png\" \/>\n\t<meta property=\"og:image:width\" content=\"600\" \/>\n\t<meta property=\"og:image:height\" content=\"830\" \/>\n\t<meta property=\"og:image:type\" content=\"image\/png\" \/>\n<meta name=\"twitter:card\" content=\"summary_large_image\" \/>\n<meta name=\"twitter:site\" content=\"@KingPrintMex\" \/>\n<meta name=\"twitter:label1\" content=\"Tiempo de lectura\" \/>\n\t<meta name=\"twitter:data1\" content=\"1 minuto\" \/>\n<script type=\"application\/ld+json\" class=\"yoast-schema-graph\">{\"@context\":\"https:\/\/schema.org\",\"@graph\":[{\"@type\":\"WebPage\",\"@id\":\"https:\/\/kingprint.mx\/plataforma\/producto\/250-bolsas-kraft-1-6-con-impresion-a-1-tinta\/\",\"url\":\"https:\/\/kingprint.mx\/plataforma\/producto\/250-bolsas-kraft-1-6-con-impresion-a-1-tinta\/\",\"name\":\"250 Bolsas Kraft 1\/6 con impresi\u00f3n a 1 tinta - KingPrint\",\"isPartOf\":{\"@id\":\"https:\/\/kingprint.mx\/plataforma\/#website\"},\"primaryImageOfPage\":{\"@id\":\"https:\/\/kingprint.mx\/plataforma\/producto\/250-bolsas-kraft-1-6-con-impresion-a-1-tinta\/#primaryimage\"},\"image\":{\"@id\":\"https:\/\/kingprint.mx\/plataforma\/producto\/250-bolsas-kraft-1-6-con-impresion-a-1-tinta\/#primaryimage\"},\"thumbnailUrl\":\"https:\/\/kingprint.mx\/plataforma\/wp-content\/uploads\/2018\/08\/1sexto-despensa-i.png\",\"datePublished\":\"2018-08-14T17:36:41+00:00\",\"dateModified\":\"2025-11-06T05:01:47+00:00\",\"breadcrumb\":{\"@id\":\"https:\/\/kingprint.mx\/plataforma\/producto\/250-bolsas-kraft-1-6-con-impresion-a-1-tinta\/#breadcrumb\"},\"inLanguage\":\"es\",\"potentialAction\":[{\"@type\":\"ReadAction\",\"target\":[\"https:\/\/kingprint.mx\/plataforma\/producto\/250-bolsas-kraft-1-6-con-impresion-a-1-tinta\/\"]}]},{\"@type\":\"ImageObject\",\"inLanguage\":\"es\",\"@id\":\"https:\/\/kingprint.mx\/plataforma\/producto\/250-bolsas-kraft-1-6-con-impresion-a-1-tinta\/#primaryimage\",\"url\":\"https:\/\/kingprint.mx\/plataforma\/wp-content\/uploads\/2018\/08\/1sexto-despensa-i.png\",\"contentUrl\":\"https:\/\/kingprint.mx\/plataforma\/wp-content\/uploads\/2018\/08\/1sexto-despensa-i.png\",\"width\":600,\"height\":830},{\"@type\":\"BreadcrumbList\",\"@id\":\"https:\/\/kingprint.mx\/plataforma\/producto\/250-bolsas-kraft-1-6-con-impresion-a-1-tinta\/#breadcrumb\",\"itemListElement\":[{\"@type\":\"ListItem\",\"position\":1,\"name\":\"Portada\",\"item\":\"https:\/\/kingprint.mx\/plataforma\/\"},{\"@type\":\"ListItem\",\"position\":2,\"name\":\"Tienda\",\"item\":\"https:\/\/kingprint.mx\/plataforma\/tienda\/\"},{\"@type\":\"ListItem\",\"position\":3,\"name\":\"250 Bolsas Kraft 1\/6 con impresi\u00f3n a 1 tinta\"}]},{\"@type\":\"WebSite\",\"@id\":\"https:\/\/kingprint.mx\/plataforma\/#website\",\"url\":\"https:\/\/kingprint.mx\/plataforma\/\",\"name\":\"KingPrint\",\"description\":\"Especialistas en: Cajas, Empaques, Stickers, Vinil, Serigraf\u00eda, Offset, Textiles y M\u00e1s.\",\"publisher\":{\"@id\":\"https:\/\/kingprint.mx\/plataforma\/#organization\"},\"potentialAction\":[{\"@type\":\"SearchAction\",\"target\":{\"@type\":\"EntryPoint\",\"urlTemplate\":\"https:\/\/kingprint.mx\/plataforma\/?s={search_term_string}\"},\"query-input\":{\"@type\":\"PropertyValueSpecification\",\"valueRequired\":true,\"valueName\":\"search_term_string\"}}],\"inLanguage\":\"es\"},{\"@type\":\"Organization\",\"@id\":\"https:\/\/kingprint.mx\/plataforma\/#organization\",\"name\":\"KingPrint\",\"url\":\"https:\/\/kingprint.mx\/plataforma\/\",\"logo\":{\"@type\":\"ImageObject\",\"inLanguage\":\"es\",\"@id\":\"https:\/\/kingprint.mx\/plataforma\/#\/schema\/logo\/image\/\",\"url\":\"https:\/\/kingprint.mx\/plataforma\/wp-content\/uploads\/2019\/11\/logomaps.png\",\"contentUrl\":\"https:\/\/kingprint.mx\/plataforma\/wp-content\/uploads\/2019\/11\/logomaps.png\",\"width\":315,\"height\":315,\"caption\":\"KingPrint\"},\"image\":{\"@id\":\"https:\/\/kingprint.mx\/plataforma\/#\/schema\/logo\/image\/\"},\"sameAs\":[\"https:\/\/www.facebook.com\/thekingprint\",\"https:\/\/x.com\/KingPrintMex\",\"https:\/\/www.instagram.com\/kingprintmx\/\",\"https:\/\/www.pinterest.com.mx\/kingprintmx\/\",\"https:\/\/www.youtube.com\/channel\/UCFXL84sx-XMcb2te5YV7dKQ\"]}]}<\/script>\n<!-- \/ Yoast SEO plugin. -->","yoast_head_json":{"title":"250 Bolsas Kraft 1\/6 con impresi\u00f3n a 1 tinta - KingPrint","robots":{"index":"index","follow":"follow","max-snippet":"max-snippet:-1","max-image-preview":"max-image-preview:large","max-video-preview":"max-video-preview:-1"},"canonical":"https:\/\/kingprint.mx\/plataforma\/producto\/250-bolsas-kraft-1-6-con-impresion-a-1-tinta\/","og_locale":"es_ES","og_type":"article","og_title":"250 Bolsas Kraft 1\/6 con impresi\u00f3n a 1 tinta - KingPrint","og_description":"Medidas: 30 x 18 x 41 cm. N\u00b01\/6 Se entregan o env\u00edan en Paquete de 250 piezas Impresi\u00f3n a 1 tinta por 1 lado con t\u00e9cnica de Serigraf\u00eda.","og_url":"https:\/\/kingprint.mx\/plataforma\/producto\/250-bolsas-kraft-1-6-con-impresion-a-1-tinta\/","og_site_name":"KingPrint","article_publisher":"https:\/\/www.facebook.com\/thekingprint","article_modified_time":"2025-11-06T05:01:47+00:00","og_image":[{"width":600,"height":830,"url":"https:\/\/kingprint.mx\/plataforma\/wp-content\/uploads\/2018\/08\/1sexto-despensa-i.png","type":"image\/png"}],"twitter_card":"summary_large_image","twitter_site":"@KingPrintMex","twitter_misc":{"Tiempo de lectura":"1 minuto"},"schema":{"@context":"https:\/\/schema.org","@graph":[{"@type":"WebPage","@id":"https:\/\/kingprint.mx\/plataforma\/producto\/250-bolsas-kraft-1-6-con-impresion-a-1-tinta\/","url":"https:\/\/kingprint.mx\/plataforma\/producto\/250-bolsas-kraft-1-6-con-impresion-a-1-tinta\/","name":"250 Bolsas Kraft 1\/6 con impresi\u00f3n a 1 tinta - KingPrint","isPartOf":{"@id":"https:\/\/kingprint.mx\/plataforma\/#website"},"primaryImageOfPage":{"@id":"https:\/\/kingprint.mx\/plataforma\/producto\/250-bolsas-kraft-1-6-con-impresion-a-1-tinta\/#primaryimage"},"image":{"@id":"https:\/\/kingprint.mx\/plataforma\/producto\/250-bolsas-kraft-1-6-con-impresion-a-1-tinta\/#primaryimage"},"thumbnailUrl":"https:\/\/kingprint.mx\/plataforma\/wp-content\/uploads\/2018\/08\/1sexto-despensa-i.png","datePublished":"2018-08-14T17:36:41+00:00","dateModified":"2025-11-06T05:01:47+00:00","breadcrumb":{"@id":"https:\/\/kingprint.mx\/plataforma\/producto\/250-bolsas-kraft-1-6-con-impresion-a-1-tinta\/#breadcrumb"},"inLanguage":"es","potentialAction":[{"@type":"ReadAction","target":["https:\/\/kingprint.mx\/plataforma\/producto\/250-bolsas-kraft-1-6-con-impresion-a-1-tinta\/"]}]},{"@type":"ImageObject","inLanguage":"es","@id":"https:\/\/kingprint.mx\/plataforma\/producto\/250-bolsas-kraft-1-6-con-impresion-a-1-tinta\/#primaryimage","url":"https:\/\/kingprint.mx\/plataforma\/wp-content\/uploads\/2018\/08\/1sexto-despensa-i.png","contentUrl":"https:\/\/kingprint.mx\/plataforma\/wp-content\/uploads\/2018\/08\/1sexto-despensa-i.png","width":600,"height":830},{"@type":"BreadcrumbList","@id":"https:\/\/kingprint.mx\/plataforma\/producto\/250-bolsas-kraft-1-6-con-impresion-a-1-tinta\/#breadcrumb","itemListElement":[{"@type":"ListItem","position":1,"name":"Portada","item":"https:\/\/kingprint.mx\/plataforma\/"},{"@type":"ListItem","position":2,"name":"Tienda","item":"https:\/\/kingprint.mx\/plataforma\/tienda\/"},{"@type":"ListItem","position":3,"name":"250 Bolsas Kraft 1\/6 con impresi\u00f3n a 1 tinta"}]},{"@type":"WebSite","@id":"https:\/\/kingprint.mx\/plataforma\/#website","url":"https:\/\/kingprint.mx\/plataforma\/","name":"KingPrint","description":"Especialistas en: Cajas, Empaques, Stickers, Vinil, Serigraf\u00eda, Offset, Textiles y M\u00e1s.","publisher":{"@id":"https:\/\/kingprint.mx\/plataforma\/#organization"},"potentialAction":[{"@type":"SearchAction","target":{"@type":"EntryPoint","urlTemplate":"https:\/\/kingprint.mx\/plataforma\/?s={search_term_string}"},"query-input":{"@type":"PropertyValueSpecification","valueRequired":true,"valueName":"search_term_string"}}],"inLanguage":"es"},{"@type":"Organization","@id":"https:\/\/kingprint.mx\/plataforma\/#organization","name":"KingPrint","url":"https:\/\/kingprint.mx\/plataforma\/","logo":{"@type":"ImageObject","inLanguage":"es","@id":"https:\/\/kingprint.mx\/plataforma\/#\/schema\/logo\/image\/","url":"https:\/\/kingprint.mx\/plataforma\/wp-content\/uploads\/2019\/11\/logomaps.png","contentUrl":"https:\/\/kingprint.mx\/plataforma\/wp-content\/uploads\/2019\/11\/logomaps.png","width":315,"height":315,"caption":"KingPrint"},"image":{"@id":"https:\/\/kingprint.mx\/plataforma\/#\/schema\/logo\/image\/"},"sameAs":["https:\/\/www.facebook.com\/thekingprint","https:\/\/x.com\/KingPrintMex","https:\/\/www.instagram.com\/kingprintmx\/","https:\/\/www.pinterest.com.mx\/kingprintmx\/","https:\/\/www.youtube.com\/channel\/UCFXL84sx-XMcb2te5YV7dKQ"]}]}},"_links":{"self":[{"href":"https:\/\/kingprint.mx\/plataforma\/wp-json\/wp\/v2\/product\/7919","targetHints":{"allow":["GET"]}}],"collection":[{"href":"https:\/\/kingprint.mx\/plataforma\/wp-json\/wp\/v2\/product"}],"about":[{"href":"https:\/\/kingprint.mx\/plataforma\/wp-json\/wp\/v2\/types\/product"}],"wp:featuredmedia":[{"embeddable":true,"href":"https:\/\/kingprint.mx\/plataforma\/wp-json\/wp\/v2\/media\/10663"}],"wp:attachment":[{"href":"https:\/\/kingprint.mx\/plataforma\/wp-json\/wp\/v2\/media?parent=7919"}],"wp:term":[{"taxonomy":"product_brand","embeddable":true,"href":"https:\/\/kingprint.mx\/plataforma\/wp-json\/wp\/v2\/product_brand?post=7919"},{"taxonomy":"product_cat","embeddable":true,"href":"https:\/\/kingprint.mx\/plataforma\/wp-json\/wp\/v2\/product_cat?post=7919"},{"taxonomy":"product_tag","embeddable":true,"href":"https:\/\/kingprint.mx\/plataforma\/wp-json\/wp\/v2\/product_tag?post=7919"}],"curies":[{"name":"wp","href":"https:\/\/api.w.org\/{rel}","templated":true}]}}