{"id":7962,"date":"2018-09-05T17:39:51","date_gmt":"2018-09-05T17:39:51","guid":{"rendered":"https:\/\/kingprint.mx\/plataforma\/?post_type=product&#038;p=7962"},"modified":"2018-09-05T18:19:39","modified_gmt":"2018-09-05T18:19:39","slug":"caja-de-tazas-magicas-de-11oz-cilindricas","status":"publish","type":"product","link":"https:\/\/kingprint.mx\/plataforma\/producto\/caja-de-tazas-magicas-de-11oz-cilindricas\/","title":{"rendered":"Caja con 36 Tazas m\u00e1gicas de 11oz cil\u00edndricas"},"content":{"rendered":"<p><span style=\"color: #ff0000;\"><strong><em>T<\/em><\/strong><strong><em>iempo de entrega de 3 a 5 d\u00edas h\u00e1biles, no incluye personalizaci\u00f3n.<br \/>\n<\/em><\/strong><\/span><\/p>\n","protected":false},"excerpt":{"rendered":"<p>Especificaciones:<\/p>\n<ul>\n<li>Cer\u00e1mica resistente de alta calidad.<\/li>\n<li>Lista para sublimar.<\/li>\n<li>Disponible en color negro mate<\/li>\n<li>Caja con 36 tazas magicas<\/li>\n<li>Se entregan en caja<\/li>\n<\/ul>\n","protected":false},"featured_media":7963,"template":"","meta":{"_joinchat":[]},"product_brand":[],"product_cat":[46,341],"product_tag":[338,340,339],"class_list":{"0":"post-7962","1":"product","2":"type-product","3":"status-publish","4":"has-post-thumbnail","6":"product_cat-sublimacion","7":"product_cat-suministros","8":"product_tag-blanks-para-sublimar","9":"product_tag-sublimacion","10":"product_tag-suministros","12":"first","13":"instock","14":"shipping-taxable","15":"purchasable","16":"product-type-simple"},"yoast_head":"<!-- This site is optimized with the Yoast SEO plugin v27.0 - https:\/\/yoast.com\/product\/yoast-seo-wordpress\/ -->\n<title>Caja con 36 Tazas m\u00e1gicas de 11oz cil\u00edndricas - KingPrint<\/title>\n<meta name=\"robots\" content=\"index, follow, max-snippet:-1, max-image-preview:large, max-video-preview:-1\" \/>\n<link rel=\"canonical\" href=\"https:\/\/kingprint.mx\/plataforma\/producto\/caja-de-tazas-magicas-de-11oz-cilindricas\/\" \/>\n<meta property=\"og:locale\" content=\"es_ES\" \/>\n<meta property=\"og:type\" content=\"article\" \/>\n<meta property=\"og:title\" content=\"Caja con 36 Tazas m\u00e1gicas de 11oz cil\u00edndricas - KingPrint\" \/>\n<meta property=\"og:description\" content=\"Especificaciones:   Cer\u00e1mica resistente de alta calidad.  Lista para sublimar.  Disponible en color negro mate  Caja con 36 tazas magicas  Se entregan en caja\" \/>\n<meta property=\"og:url\" content=\"https:\/\/kingprint.mx\/plataforma\/producto\/caja-de-tazas-magicas-de-11oz-cilindricas\/\" \/>\n<meta property=\"og:site_name\" content=\"KingPrint\" \/>\n<meta property=\"article:publisher\" content=\"https:\/\/www.facebook.com\/thekingprint\" \/>\n<meta property=\"article:modified_time\" content=\"2018-09-05T18:19:39+00:00\" \/>\n<meta property=\"og:image\" content=\"https:\/\/kingprint.mx\/plataforma\/wp-content\/uploads\/2018\/09\/caja-con-36-tazas-magicas.jpg\" \/>\n\t<meta property=\"og:image:width\" content=\"599\" \/>\n\t<meta property=\"og:image:height\" content=\"334\" \/>\n\t<meta property=\"og:image:type\" content=\"image\/jpeg\" \/>\n<meta name=\"twitter:card\" content=\"summary_large_image\" \/>\n<meta name=\"twitter:site\" content=\"@KingPrintMex\" \/>\n<script type=\"application\/ld+json\" class=\"yoast-schema-graph\">{\"@context\":\"https:\/\/schema.org\",\"@graph\":[{\"@type\":\"WebPage\",\"@id\":\"https:\/\/kingprint.mx\/plataforma\/producto\/caja-de-tazas-magicas-de-11oz-cilindricas\/\",\"url\":\"https:\/\/kingprint.mx\/plataforma\/producto\/caja-de-tazas-magicas-de-11oz-cilindricas\/\",\"name\":\"Caja con 36 Tazas m\u00e1gicas de 11oz cil\u00edndricas - KingPrint\",\"isPartOf\":{\"@id\":\"https:\/\/kingprint.mx\/plataforma\/#website\"},\"primaryImageOfPage\":{\"@id\":\"https:\/\/kingprint.mx\/plataforma\/producto\/caja-de-tazas-magicas-de-11oz-cilindricas\/#primaryimage\"},\"image\":{\"@id\":\"https:\/\/kingprint.mx\/plataforma\/producto\/caja-de-tazas-magicas-de-11oz-cilindricas\/#primaryimage\"},\"thumbnailUrl\":\"https:\/\/kingprint.mx\/plataforma\/wp-content\/uploads\/2018\/09\/caja-con-36-tazas-magicas.jpg\",\"datePublished\":\"2018-09-05T17:39:51+00:00\",\"dateModified\":\"2018-09-05T18:19:39+00:00\",\"breadcrumb\":{\"@id\":\"https:\/\/kingprint.mx\/plataforma\/producto\/caja-de-tazas-magicas-de-11oz-cilindricas\/#breadcrumb\"},\"inLanguage\":\"es\",\"potentialAction\":[{\"@type\":\"ReadAction\",\"target\":[\"https:\/\/kingprint.mx\/plataforma\/producto\/caja-de-tazas-magicas-de-11oz-cilindricas\/\"]}]},{\"@type\":\"ImageObject\",\"inLanguage\":\"es\",\"@id\":\"https:\/\/kingprint.mx\/plataforma\/producto\/caja-de-tazas-magicas-de-11oz-cilindricas\/#primaryimage\",\"url\":\"https:\/\/kingprint.mx\/plataforma\/wp-content\/uploads\/2018\/09\/caja-con-36-tazas-magicas.jpg\",\"contentUrl\":\"https:\/\/kingprint.mx\/plataforma\/wp-content\/uploads\/2018\/09\/caja-con-36-tazas-magicas.jpg\",\"width\":599,\"height\":334},{\"@type\":\"BreadcrumbList\",\"@id\":\"https:\/\/kingprint.mx\/plataforma\/producto\/caja-de-tazas-magicas-de-11oz-cilindricas\/#breadcrumb\",\"itemListElement\":[{\"@type\":\"ListItem\",\"position\":1,\"name\":\"Portada\",\"item\":\"https:\/\/kingprint.mx\/plataforma\/\"},{\"@type\":\"ListItem\",\"position\":2,\"name\":\"Tienda\",\"item\":\"https:\/\/kingprint.mx\/plataforma\/tienda\/\"},{\"@type\":\"ListItem\",\"position\":3,\"name\":\"Caja con 36 Tazas m\u00e1gicas de 11oz cil\u00edndricas\"}]},{\"@type\":\"WebSite\",\"@id\":\"https:\/\/kingprint.mx\/plataforma\/#website\",\"url\":\"https:\/\/kingprint.mx\/plataforma\/\",\"name\":\"KingPrint\",\"description\":\"Especialistas en: Cajas, Empaques, Stickers, Vinil, Serigraf\u00eda, Offset, Textiles y M\u00e1s.\",\"publisher\":{\"@id\":\"https:\/\/kingprint.mx\/plataforma\/#organization\"},\"potentialAction\":[{\"@type\":\"SearchAction\",\"target\":{\"@type\":\"EntryPoint\",\"urlTemplate\":\"https:\/\/kingprint.mx\/plataforma\/?s={search_term_string}\"},\"query-input\":{\"@type\":\"PropertyValueSpecification\",\"valueRequired\":true,\"valueName\":\"search_term_string\"}}],\"inLanguage\":\"es\"},{\"@type\":\"Organization\",\"@id\":\"https:\/\/kingprint.mx\/plataforma\/#organization\",\"name\":\"KingPrint\",\"url\":\"https:\/\/kingprint.mx\/plataforma\/\",\"logo\":{\"@type\":\"ImageObject\",\"inLanguage\":\"es\",\"@id\":\"https:\/\/kingprint.mx\/plataforma\/#\/schema\/logo\/image\/\",\"url\":\"https:\/\/kingprint.mx\/plataforma\/wp-content\/uploads\/2019\/11\/logomaps.png\",\"contentUrl\":\"https:\/\/kingprint.mx\/plataforma\/wp-content\/uploads\/2019\/11\/logomaps.png\",\"width\":315,\"height\":315,\"caption\":\"KingPrint\"},\"image\":{\"@id\":\"https:\/\/kingprint.mx\/plataforma\/#\/schema\/logo\/image\/\"},\"sameAs\":[\"https:\/\/www.facebook.com\/thekingprint\",\"https:\/\/x.com\/KingPrintMex\",\"https:\/\/www.instagram.com\/kingprintmx\/\",\"https:\/\/www.pinterest.com.mx\/kingprintmx\/\",\"https:\/\/www.youtube.com\/channel\/UCFXL84sx-XMcb2te5YV7dKQ\"]}]}<\/script>\n<!-- \/ Yoast SEO plugin. -->","yoast_head_json":{"title":"Caja con 36 Tazas m\u00e1gicas de 11oz cil\u00edndricas - KingPrint","robots":{"index":"index","follow":"follow","max-snippet":"max-snippet:-1","max-image-preview":"max-image-preview:large","max-video-preview":"max-video-preview:-1"},"canonical":"https:\/\/kingprint.mx\/plataforma\/producto\/caja-de-tazas-magicas-de-11oz-cilindricas\/","og_locale":"es_ES","og_type":"article","og_title":"Caja con 36 Tazas m\u00e1gicas de 11oz cil\u00edndricas - KingPrint","og_description":"Especificaciones:   Cer\u00e1mica resistente de alta calidad.  Lista para sublimar.  Disponible en color negro mate  Caja con 36 tazas magicas  Se entregan en caja","og_url":"https:\/\/kingprint.mx\/plataforma\/producto\/caja-de-tazas-magicas-de-11oz-cilindricas\/","og_site_name":"KingPrint","article_publisher":"https:\/\/www.facebook.com\/thekingprint","article_modified_time":"2018-09-05T18:19:39+00:00","og_image":[{"width":599,"height":334,"url":"https:\/\/kingprint.mx\/plataforma\/wp-content\/uploads\/2018\/09\/caja-con-36-tazas-magicas.jpg","type":"image\/jpeg"}],"twitter_card":"summary_large_image","twitter_site":"@KingPrintMex","schema":{"@context":"https:\/\/schema.org","@graph":[{"@type":"WebPage","@id":"https:\/\/kingprint.mx\/plataforma\/producto\/caja-de-tazas-magicas-de-11oz-cilindricas\/","url":"https:\/\/kingprint.mx\/plataforma\/producto\/caja-de-tazas-magicas-de-11oz-cilindricas\/","name":"Caja con 36 Tazas m\u00e1gicas de 11oz cil\u00edndricas - KingPrint","isPartOf":{"@id":"https:\/\/kingprint.mx\/plataforma\/#website"},"primaryImageOfPage":{"@id":"https:\/\/kingprint.mx\/plataforma\/producto\/caja-de-tazas-magicas-de-11oz-cilindricas\/#primaryimage"},"image":{"@id":"https:\/\/kingprint.mx\/plataforma\/producto\/caja-de-tazas-magicas-de-11oz-cilindricas\/#primaryimage"},"thumbnailUrl":"https:\/\/kingprint.mx\/plataforma\/wp-content\/uploads\/2018\/09\/caja-con-36-tazas-magicas.jpg","datePublished":"2018-09-05T17:39:51+00:00","dateModified":"2018-09-05T18:19:39+00:00","breadcrumb":{"@id":"https:\/\/kingprint.mx\/plataforma\/producto\/caja-de-tazas-magicas-de-11oz-cilindricas\/#breadcrumb"},"inLanguage":"es","potentialAction":[{"@type":"ReadAction","target":["https:\/\/kingprint.mx\/plataforma\/producto\/caja-de-tazas-magicas-de-11oz-cilindricas\/"]}]},{"@type":"ImageObject","inLanguage":"es","@id":"https:\/\/kingprint.mx\/plataforma\/producto\/caja-de-tazas-magicas-de-11oz-cilindricas\/#primaryimage","url":"https:\/\/kingprint.mx\/plataforma\/wp-content\/uploads\/2018\/09\/caja-con-36-tazas-magicas.jpg","contentUrl":"https:\/\/kingprint.mx\/plataforma\/wp-content\/uploads\/2018\/09\/caja-con-36-tazas-magicas.jpg","width":599,"height":334},{"@type":"BreadcrumbList","@id":"https:\/\/kingprint.mx\/plataforma\/producto\/caja-de-tazas-magicas-de-11oz-cilindricas\/#breadcrumb","itemListElement":[{"@type":"ListItem","position":1,"name":"Portada","item":"https:\/\/kingprint.mx\/plataforma\/"},{"@type":"ListItem","position":2,"name":"Tienda","item":"https:\/\/kingprint.mx\/plataforma\/tienda\/"},{"@type":"ListItem","position":3,"name":"Caja con 36 Tazas m\u00e1gicas de 11oz cil\u00edndricas"}]},{"@type":"WebSite","@id":"https:\/\/kingprint.mx\/plataforma\/#website","url":"https:\/\/kingprint.mx\/plataforma\/","name":"KingPrint","description":"Especialistas en: Cajas, Empaques, Stickers, Vinil, Serigraf\u00eda, Offset, Textiles y M\u00e1s.","publisher":{"@id":"https:\/\/kingprint.mx\/plataforma\/#organization"},"potentialAction":[{"@type":"SearchAction","target":{"@type":"EntryPoint","urlTemplate":"https:\/\/kingprint.mx\/plataforma\/?s={search_term_string}"},"query-input":{"@type":"PropertyValueSpecification","valueRequired":true,"valueName":"search_term_string"}}],"inLanguage":"es"},{"@type":"Organization","@id":"https:\/\/kingprint.mx\/plataforma\/#organization","name":"KingPrint","url":"https:\/\/kingprint.mx\/plataforma\/","logo":{"@type":"ImageObject","inLanguage":"es","@id":"https:\/\/kingprint.mx\/plataforma\/#\/schema\/logo\/image\/","url":"https:\/\/kingprint.mx\/plataforma\/wp-content\/uploads\/2019\/11\/logomaps.png","contentUrl":"https:\/\/kingprint.mx\/plataforma\/wp-content\/uploads\/2019\/11\/logomaps.png","width":315,"height":315,"caption":"KingPrint"},"image":{"@id":"https:\/\/kingprint.mx\/plataforma\/#\/schema\/logo\/image\/"},"sameAs":["https:\/\/www.facebook.com\/thekingprint","https:\/\/x.com\/KingPrintMex","https:\/\/www.instagram.com\/kingprintmx\/","https:\/\/www.pinterest.com.mx\/kingprintmx\/","https:\/\/www.youtube.com\/channel\/UCFXL84sx-XMcb2te5YV7dKQ"]}]}},"_links":{"self":[{"href":"https:\/\/kingprint.mx\/plataforma\/wp-json\/wp\/v2\/product\/7962","targetHints":{"allow":["GET"]}}],"collection":[{"href":"https:\/\/kingprint.mx\/plataforma\/wp-json\/wp\/v2\/product"}],"about":[{"href":"https:\/\/kingprint.mx\/plataforma\/wp-json\/wp\/v2\/types\/product"}],"wp:featuredmedia":[{"embeddable":true,"href":"https:\/\/kingprint.mx\/plataforma\/wp-json\/wp\/v2\/media\/7963"}],"wp:attachment":[{"href":"https:\/\/kingprint.mx\/plataforma\/wp-json\/wp\/v2\/media?parent=7962"}],"wp:term":[{"taxonomy":"product_brand","embeddable":true,"href":"https:\/\/kingprint.mx\/plataforma\/wp-json\/wp\/v2\/product_brand?post=7962"},{"taxonomy":"product_cat","embeddable":true,"href":"https:\/\/kingprint.mx\/plataforma\/wp-json\/wp\/v2\/product_cat?post=7962"},{"taxonomy":"product_tag","embeddable":true,"href":"https:\/\/kingprint.mx\/plataforma\/wp-json\/wp\/v2\/product_tag?post=7962"}],"curies":[{"name":"wp","href":"https:\/\/api.w.org\/{rel}","templated":true}]}}