{"id":8663,"date":"2019-09-25T23:48:41","date_gmt":"2019-09-25T23:48:41","guid":{"rendered":"https:\/\/kingprint.mx\/plataforma\/?post_type=product&#038;p=8663"},"modified":"2025-10-26T07:36:38","modified_gmt":"2025-10-26T07:36:38","slug":"500-folders-en-impresion-a-color-con-barniz-uv-brillante","status":"publish","type":"product","link":"https:\/\/kingprint.mx\/plataforma\/producto\/500-folders-en-impresion-a-color-con-barniz-uv-brillante\/","title":{"rendered":"500 Folders en Impresi\u00f3n a Color con Barniz UV Brillante"},"content":{"rendered":"<p><em><span style=\"color: #ff0000;\">Pedido m\u00ednimo de 500 folders con el mismo dise\u00f1o, Tiempo de Producci\u00f3n de 3 a 5 d\u00edas h\u00e1biles<\/span><\/em><\/p>\n","protected":false},"excerpt":{"rendered":"<p>-Impresi\u00f3n OFFSET a Todo Color al frente<br \/>\n-Tama\u00f1o Carta<br \/>\n-Con Solapa y Pleca<\/p>\n","protected":false},"featured_media":4138,"template":"","meta":{"_joinchat":[]},"product_brand":[],"product_cat":[365,36],"product_tag":[140,367,366,142],"class_list":{"0":"post-8663","1":"product","2":"type-product","3":"status-publish","4":"has-post-thumbnail","6":"product_cat-folder","7":"product_cat-impresos","8":"product_tag-folder","9":"product_tag-folder-economico","10":"product_tag-folder-offset","11":"product_tag-folders","13":"first","14":"instock","15":"shipping-taxable","16":"purchasable","17":"product-type-simple"},"yoast_head":"<!-- This site is optimized with the Yoast SEO plugin v27.0 - https:\/\/yoast.com\/product\/yoast-seo-wordpress\/ -->\n<title>500 Folders en Impresi\u00f3n a Color con Barniz UV Brillante - KingPrint<\/title>\n<meta name=\"description\" content=\"Compra folders personalizados para organizar y presentar documentos con estilo. Material resistente, gran impresi\u00f3n y dise\u00f1o pr\u00e1ctico.\" \/>\n<meta name=\"robots\" content=\"index, follow, max-snippet:-1, max-image-preview:large, max-video-preview:-1\" \/>\n<link rel=\"canonical\" href=\"https:\/\/kingprint.mx\/plataforma\/producto\/500-folders-en-impresion-a-color-con-barniz-uv-brillante\/\" \/>\n<meta property=\"og:locale\" content=\"es_ES\" \/>\n<meta property=\"og:type\" content=\"article\" \/>\n<meta property=\"og:title\" content=\"folders personalizados\" \/>\n<meta property=\"og:description\" content=\"Compra folders personalizados para organizar y presentar documentos con estilo. Material resistente, gran impresi\u00f3n y dise\u00f1o pr\u00e1ctico.\" \/>\n<meta property=\"og:url\" content=\"https:\/\/kingprint.mx\/plataforma\/producto\/500-folders-en-impresion-a-color-con-barniz-uv-brillante\/\" \/>\n<meta property=\"og:site_name\" content=\"KingPrint\" \/>\n<meta property=\"article:publisher\" content=\"https:\/\/www.facebook.com\/thekingprint\" \/>\n<meta property=\"article:modified_time\" content=\"2025-10-26T07:36:38+00:00\" \/>\n<meta property=\"og:image\" content=\"https:\/\/kingprint.mx\/plataforma\/wp-content\/uploads\/2017\/08\/FolderDigital2.png\" \/>\n\t<meta property=\"og:image:width\" content=\"500\" \/>\n\t<meta property=\"og:image:height\" content=\"500\" \/>\n\t<meta property=\"og:image:type\" content=\"image\/png\" \/>\n<meta name=\"twitter:card\" content=\"summary_large_image\" \/>\n<meta name=\"twitter:title\" content=\"folders personalizados\" \/>\n<meta name=\"twitter:description\" content=\"Compra folders personalizados para organizar y presentar documentos con estilo. Material resistente, gran impresi\u00f3n y dise\u00f1o pr\u00e1ctico.\" \/>\n<meta name=\"twitter:image\" content=\"https:\/\/kingprint.mx\/plataforma\/wp-content\/uploads\/2017\/08\/FolderDigital2.png\" \/>\n<meta name=\"twitter:site\" content=\"@KingPrintMex\" \/>\n<meta name=\"twitter:label1\" content=\"Tiempo de lectura\" \/>\n\t<meta name=\"twitter:data1\" content=\"1 minuto\" \/>\n<script type=\"application\/ld+json\" class=\"yoast-schema-graph\">{\"@context\":\"https:\/\/schema.org\",\"@graph\":[{\"@type\":\"WebPage\",\"@id\":\"https:\/\/kingprint.mx\/plataforma\/producto\/500-folders-en-impresion-a-color-con-barniz-uv-brillante\/\",\"url\":\"https:\/\/kingprint.mx\/plataforma\/producto\/500-folders-en-impresion-a-color-con-barniz-uv-brillante\/\",\"name\":\"500 Folders en Impresi\u00f3n a Color con Barniz UV Brillante - KingPrint\",\"isPartOf\":{\"@id\":\"https:\/\/kingprint.mx\/plataforma\/#website\"},\"primaryImageOfPage\":{\"@id\":\"https:\/\/kingprint.mx\/plataforma\/producto\/500-folders-en-impresion-a-color-con-barniz-uv-brillante\/#primaryimage\"},\"image\":{\"@id\":\"https:\/\/kingprint.mx\/plataforma\/producto\/500-folders-en-impresion-a-color-con-barniz-uv-brillante\/#primaryimage\"},\"thumbnailUrl\":\"https:\/\/kingprint.mx\/plataforma\/wp-content\/uploads\/2017\/08\/FolderDigital2.png\",\"datePublished\":\"2019-09-25T23:48:41+00:00\",\"dateModified\":\"2025-10-26T07:36:38+00:00\",\"description\":\"Compra folders personalizados para organizar y presentar documentos con estilo. Material resistente, gran impresi\u00f3n y dise\u00f1o pr\u00e1ctico.\",\"breadcrumb\":{\"@id\":\"https:\/\/kingprint.mx\/plataforma\/producto\/500-folders-en-impresion-a-color-con-barniz-uv-brillante\/#breadcrumb\"},\"inLanguage\":\"es\",\"potentialAction\":[{\"@type\":\"ReadAction\",\"target\":[\"https:\/\/kingprint.mx\/plataforma\/producto\/500-folders-en-impresion-a-color-con-barniz-uv-brillante\/\"]}]},{\"@type\":\"ImageObject\",\"inLanguage\":\"es\",\"@id\":\"https:\/\/kingprint.mx\/plataforma\/producto\/500-folders-en-impresion-a-color-con-barniz-uv-brillante\/#primaryimage\",\"url\":\"https:\/\/kingprint.mx\/plataforma\/wp-content\/uploads\/2017\/08\/FolderDigital2.png\",\"contentUrl\":\"https:\/\/kingprint.mx\/plataforma\/wp-content\/uploads\/2017\/08\/FolderDigital2.png\",\"width\":500,\"height\":500},{\"@type\":\"BreadcrumbList\",\"@id\":\"https:\/\/kingprint.mx\/plataforma\/producto\/500-folders-en-impresion-a-color-con-barniz-uv-brillante\/#breadcrumb\",\"itemListElement\":[{\"@type\":\"ListItem\",\"position\":1,\"name\":\"Portada\",\"item\":\"https:\/\/kingprint.mx\/plataforma\/\"},{\"@type\":\"ListItem\",\"position\":2,\"name\":\"Tienda\",\"item\":\"https:\/\/kingprint.mx\/plataforma\/tienda\/\"},{\"@type\":\"ListItem\",\"position\":3,\"name\":\"500 Folders en Impresi\u00f3n a Color con Barniz UV Brillante\"}]},{\"@type\":\"WebSite\",\"@id\":\"https:\/\/kingprint.mx\/plataforma\/#website\",\"url\":\"https:\/\/kingprint.mx\/plataforma\/\",\"name\":\"KingPrint\",\"description\":\"Especialistas en: Cajas, Empaques, Stickers, Vinil, Serigraf\u00eda, Offset, Textiles y M\u00e1s.\",\"publisher\":{\"@id\":\"https:\/\/kingprint.mx\/plataforma\/#organization\"},\"potentialAction\":[{\"@type\":\"SearchAction\",\"target\":{\"@type\":\"EntryPoint\",\"urlTemplate\":\"https:\/\/kingprint.mx\/plataforma\/?s={search_term_string}\"},\"query-input\":{\"@type\":\"PropertyValueSpecification\",\"valueRequired\":true,\"valueName\":\"search_term_string\"}}],\"inLanguage\":\"es\"},{\"@type\":\"Organization\",\"@id\":\"https:\/\/kingprint.mx\/plataforma\/#organization\",\"name\":\"KingPrint\",\"url\":\"https:\/\/kingprint.mx\/plataforma\/\",\"logo\":{\"@type\":\"ImageObject\",\"inLanguage\":\"es\",\"@id\":\"https:\/\/kingprint.mx\/plataforma\/#\/schema\/logo\/image\/\",\"url\":\"https:\/\/kingprint.mx\/plataforma\/wp-content\/uploads\/2019\/11\/logomaps.png\",\"contentUrl\":\"https:\/\/kingprint.mx\/plataforma\/wp-content\/uploads\/2019\/11\/logomaps.png\",\"width\":315,\"height\":315,\"caption\":\"KingPrint\"},\"image\":{\"@id\":\"https:\/\/kingprint.mx\/plataforma\/#\/schema\/logo\/image\/\"},\"sameAs\":[\"https:\/\/www.facebook.com\/thekingprint\",\"https:\/\/x.com\/KingPrintMex\",\"https:\/\/www.instagram.com\/kingprintmx\/\",\"https:\/\/www.pinterest.com.mx\/kingprintmx\/\",\"https:\/\/www.youtube.com\/channel\/UCFXL84sx-XMcb2te5YV7dKQ\"]}]}<\/script>\n<!-- \/ Yoast SEO plugin. -->","yoast_head_json":{"title":"500 Folders en Impresi\u00f3n a Color con Barniz UV Brillante - KingPrint","description":"Compra folders personalizados para organizar y presentar documentos con estilo. Material resistente, gran impresi\u00f3n y dise\u00f1o pr\u00e1ctico.","robots":{"index":"index","follow":"follow","max-snippet":"max-snippet:-1","max-image-preview":"max-image-preview:large","max-video-preview":"max-video-preview:-1"},"canonical":"https:\/\/kingprint.mx\/plataforma\/producto\/500-folders-en-impresion-a-color-con-barniz-uv-brillante\/","og_locale":"es_ES","og_type":"article","og_title":"folders personalizados","og_description":"Compra folders personalizados para organizar y presentar documentos con estilo. Material resistente, gran impresi\u00f3n y dise\u00f1o pr\u00e1ctico.","og_url":"https:\/\/kingprint.mx\/plataforma\/producto\/500-folders-en-impresion-a-color-con-barniz-uv-brillante\/","og_site_name":"KingPrint","article_publisher":"https:\/\/www.facebook.com\/thekingprint","article_modified_time":"2025-10-26T07:36:38+00:00","og_image":[{"width":500,"height":500,"url":"https:\/\/kingprint.mx\/plataforma\/wp-content\/uploads\/2017\/08\/FolderDigital2.png","type":"image\/png"}],"twitter_card":"summary_large_image","twitter_title":"folders personalizados","twitter_description":"Compra folders personalizados para organizar y presentar documentos con estilo. Material resistente, gran impresi\u00f3n y dise\u00f1o pr\u00e1ctico.","twitter_image":"https:\/\/kingprint.mx\/plataforma\/wp-content\/uploads\/2017\/08\/FolderDigital2.png","twitter_site":"@KingPrintMex","twitter_misc":{"Tiempo de lectura":"1 minuto"},"schema":{"@context":"https:\/\/schema.org","@graph":[{"@type":"WebPage","@id":"https:\/\/kingprint.mx\/plataforma\/producto\/500-folders-en-impresion-a-color-con-barniz-uv-brillante\/","url":"https:\/\/kingprint.mx\/plataforma\/producto\/500-folders-en-impresion-a-color-con-barniz-uv-brillante\/","name":"500 Folders en Impresi\u00f3n a Color con Barniz UV Brillante - KingPrint","isPartOf":{"@id":"https:\/\/kingprint.mx\/plataforma\/#website"},"primaryImageOfPage":{"@id":"https:\/\/kingprint.mx\/plataforma\/producto\/500-folders-en-impresion-a-color-con-barniz-uv-brillante\/#primaryimage"},"image":{"@id":"https:\/\/kingprint.mx\/plataforma\/producto\/500-folders-en-impresion-a-color-con-barniz-uv-brillante\/#primaryimage"},"thumbnailUrl":"https:\/\/kingprint.mx\/plataforma\/wp-content\/uploads\/2017\/08\/FolderDigital2.png","datePublished":"2019-09-25T23:48:41+00:00","dateModified":"2025-10-26T07:36:38+00:00","description":"Compra folders personalizados para organizar y presentar documentos con estilo. Material resistente, gran impresi\u00f3n y dise\u00f1o pr\u00e1ctico.","breadcrumb":{"@id":"https:\/\/kingprint.mx\/plataforma\/producto\/500-folders-en-impresion-a-color-con-barniz-uv-brillante\/#breadcrumb"},"inLanguage":"es","potentialAction":[{"@type":"ReadAction","target":["https:\/\/kingprint.mx\/plataforma\/producto\/500-folders-en-impresion-a-color-con-barniz-uv-brillante\/"]}]},{"@type":"ImageObject","inLanguage":"es","@id":"https:\/\/kingprint.mx\/plataforma\/producto\/500-folders-en-impresion-a-color-con-barniz-uv-brillante\/#primaryimage","url":"https:\/\/kingprint.mx\/plataforma\/wp-content\/uploads\/2017\/08\/FolderDigital2.png","contentUrl":"https:\/\/kingprint.mx\/plataforma\/wp-content\/uploads\/2017\/08\/FolderDigital2.png","width":500,"height":500},{"@type":"BreadcrumbList","@id":"https:\/\/kingprint.mx\/plataforma\/producto\/500-folders-en-impresion-a-color-con-barniz-uv-brillante\/#breadcrumb","itemListElement":[{"@type":"ListItem","position":1,"name":"Portada","item":"https:\/\/kingprint.mx\/plataforma\/"},{"@type":"ListItem","position":2,"name":"Tienda","item":"https:\/\/kingprint.mx\/plataforma\/tienda\/"},{"@type":"ListItem","position":3,"name":"500 Folders en Impresi\u00f3n a Color con Barniz UV Brillante"}]},{"@type":"WebSite","@id":"https:\/\/kingprint.mx\/plataforma\/#website","url":"https:\/\/kingprint.mx\/plataforma\/","name":"KingPrint","description":"Especialistas en: Cajas, Empaques, Stickers, Vinil, Serigraf\u00eda, Offset, Textiles y M\u00e1s.","publisher":{"@id":"https:\/\/kingprint.mx\/plataforma\/#organization"},"potentialAction":[{"@type":"SearchAction","target":{"@type":"EntryPoint","urlTemplate":"https:\/\/kingprint.mx\/plataforma\/?s={search_term_string}"},"query-input":{"@type":"PropertyValueSpecification","valueRequired":true,"valueName":"search_term_string"}}],"inLanguage":"es"},{"@type":"Organization","@id":"https:\/\/kingprint.mx\/plataforma\/#organization","name":"KingPrint","url":"https:\/\/kingprint.mx\/plataforma\/","logo":{"@type":"ImageObject","inLanguage":"es","@id":"https:\/\/kingprint.mx\/plataforma\/#\/schema\/logo\/image\/","url":"https:\/\/kingprint.mx\/plataforma\/wp-content\/uploads\/2019\/11\/logomaps.png","contentUrl":"https:\/\/kingprint.mx\/plataforma\/wp-content\/uploads\/2019\/11\/logomaps.png","width":315,"height":315,"caption":"KingPrint"},"image":{"@id":"https:\/\/kingprint.mx\/plataforma\/#\/schema\/logo\/image\/"},"sameAs":["https:\/\/www.facebook.com\/thekingprint","https:\/\/x.com\/KingPrintMex","https:\/\/www.instagram.com\/kingprintmx\/","https:\/\/www.pinterest.com.mx\/kingprintmx\/","https:\/\/www.youtube.com\/channel\/UCFXL84sx-XMcb2te5YV7dKQ"]}]}},"_links":{"self":[{"href":"https:\/\/kingprint.mx\/plataforma\/wp-json\/wp\/v2\/product\/8663","targetHints":{"allow":["GET"]}}],"collection":[{"href":"https:\/\/kingprint.mx\/plataforma\/wp-json\/wp\/v2\/product"}],"about":[{"href":"https:\/\/kingprint.mx\/plataforma\/wp-json\/wp\/v2\/types\/product"}],"wp:featuredmedia":[{"embeddable":true,"href":"https:\/\/kingprint.mx\/plataforma\/wp-json\/wp\/v2\/media\/4138"}],"wp:attachment":[{"href":"https:\/\/kingprint.mx\/plataforma\/wp-json\/wp\/v2\/media?parent=8663"}],"wp:term":[{"taxonomy":"product_brand","embeddable":true,"href":"https:\/\/kingprint.mx\/plataforma\/wp-json\/wp\/v2\/product_brand?post=8663"},{"taxonomy":"product_cat","embeddable":true,"href":"https:\/\/kingprint.mx\/plataforma\/wp-json\/wp\/v2\/product_cat?post=8663"},{"taxonomy":"product_tag","embeddable":true,"href":"https:\/\/kingprint.mx\/plataforma\/wp-json\/wp\/v2\/product_tag?post=8663"}],"curies":[{"name":"wp","href":"https:\/\/api.w.org\/{rel}","templated":true}]}}