{"id":9015,"date":"2019-10-16T22:30:29","date_gmt":"2019-10-16T22:30:29","guid":{"rendered":"https:\/\/kingprint.mx\/plataforma\/?post_type=product&#038;p=9015"},"modified":"2025-11-08T05:49:35","modified_gmt":"2025-11-08T05:49:35","slug":"100-cajas-para-pizza-mediana-con-impresion","status":"publish","type":"product","link":"https:\/\/kingprint.mx\/plataforma\/producto\/100-cajas-para-pizza-mediana-con-impresion\/","title":{"rendered":"100 Cajas para Pizza Mediana con Impresi\u00f3n"},"content":{"rendered":"<p>Tiempo de producci\u00f3n de 5 a 8 d\u00edas h\u00e1biles, Incluye Personalizaci\u00f3n de dise\u00f1o, Precio basado en 100 cajas con el mismo dise\u00f1o, Incluye impresi\u00f3n de 21X28 CM M\u00e1ximo, para otras \u00e1reas de impresi\u00f3n consultar costo, para caja prefabricada no se manejan plastas<\/p>\n","protected":false},"excerpt":{"rendered":"<p><strong><b>Impresi\u00f3n a 1 tinta con t\u00e9cnica de Serigraf\u00eda en Tapa<\/b><br \/>\nSe entregan extendidas Y\/o sin armar<br \/>\nColor: Cafe<\/p>\n<p><em><b>Si no cuenta con el dise\u00f1o nosotros le podemos ayudar.<\/b><\/em><\/p>\n","protected":false},"featured_media":9017,"template":"","meta":{"_joinchat":[]},"product_brand":[],"product_cat":[376,375,393,385,419],"product_tag":[416,420,421,382,381,384,380,401,404,403,415,418,417,398],"class_list":{"0":"post-9015","1":"product","2":"type-product","3":"status-publish","4":"has-post-thumbnail","6":"product_cat-alimentos","7":"product_cat-cajas","8":"product_cat-con-impresion","9":"product_cat-de-carton","10":"product_cat-para-pizza","11":"product_tag-caja-para-pizza","12":"product_tag-caja-para-pizza-con-impresion","13":"product_tag-caja-para-pizza-impresa","14":"product_tag-caja-personalizada","15":"product_tag-cajas-de-carton","16":"product_tag-cajas-economicas","17":"product_tag-cajas-para-alimentos","18":"product_tag-cajas-para-comida-para-llevar","19":"product_tag-cajas-para-microondas","20":"product_tag-cajas-para-pastas","21":"product_tag-cajas-para-pizza","22":"product_tag-diseno-caja-pizza","23":"product_tag-diseno-de-cajas-de-pizza","24":"product_tag-productos-de-carton","26":"first","27":"instock","28":"shipping-taxable","29":"purchasable","30":"product-type-simple"},"yoast_head":"<!-- This site is optimized with the Yoast SEO plugin v27.0 - https:\/\/yoast.com\/product\/yoast-seo-wordpress\/ -->\n<title>100 Cajas para Pizza Mediana con Impresi\u00f3n - KingPrint<\/title>\n<meta name=\"description\" content=\"Cajas de pizza personalizadas con impresi\u00f3n. Dise\u00f1a tu caja con tu logo, imagen o mensaje. Ideal para pizzer\u00edas y eventos Haz que tu marca destaque.\" \/>\n<meta name=\"robots\" content=\"index, follow, max-snippet:-1, max-image-preview:large, max-video-preview:-1\" \/>\n<link rel=\"canonical\" href=\"https:\/\/kingprint.mx\/plataforma\/producto\/100-cajas-para-pizza-mediana-con-impresion\/\" \/>\n<meta property=\"og:locale\" content=\"es_ES\" \/>\n<meta property=\"og:type\" content=\"article\" \/>\n<meta property=\"og:title\" content=\"Caja de pizza personalizada\" \/>\n<meta property=\"og:description\" content=\"Cajas de pizza personalizadas con impresi\u00f3n. Dise\u00f1a tu caja con tu logo, imagen o mensaje. Ideal para pizzer\u00edas y eventos Haz que tu marca destaque.\" \/>\n<meta property=\"og:url\" content=\"https:\/\/kingprint.mx\/plataforma\/producto\/100-cajas-para-pizza-mediana-con-impresion\/\" \/>\n<meta property=\"og:site_name\" content=\"KingPrint\" \/>\n<meta property=\"article:publisher\" content=\"https:\/\/www.facebook.com\/thekingprint\" \/>\n<meta property=\"article:modified_time\" content=\"2025-11-08T05:49:35+00:00\" \/>\n<meta property=\"og:image\" content=\"https:\/\/kingprint.mx\/plataforma\/wp-content\/uploads\/2019\/10\/5808-C.jpg\" \/>\n\t<meta property=\"og:image:width\" content=\"2448\" \/>\n\t<meta property=\"og:image:height\" content=\"2448\" \/>\n\t<meta property=\"og:image:type\" content=\"image\/jpeg\" \/>\n<meta name=\"twitter:card\" content=\"summary_large_image\" \/>\n<meta name=\"twitter:title\" content=\"Caja de pizza personalizada\" \/>\n<meta name=\"twitter:description\" content=\"Cajas de pizza personalizadas con impresi\u00f3n. Dise\u00f1a tu caja con tu logo, imagen o mensaje. Ideal para pizzer\u00edas y eventos Haz que tu marca destaque.\" \/>\n<meta name=\"twitter:image\" content=\"https:\/\/kingprint.mx\/plataforma\/wp-content\/uploads\/2019\/10\/5808-C.jpg\" \/>\n<meta name=\"twitter:site\" content=\"@KingPrintMex\" \/>\n<meta name=\"twitter:label1\" content=\"Tiempo de lectura\" \/>\n\t<meta name=\"twitter:data1\" content=\"1 minuto\" \/>\n<script type=\"application\/ld+json\" class=\"yoast-schema-graph\">{\"@context\":\"https:\/\/schema.org\",\"@graph\":[{\"@type\":\"WebPage\",\"@id\":\"https:\/\/kingprint.mx\/plataforma\/producto\/100-cajas-para-pizza-mediana-con-impresion\/\",\"url\":\"https:\/\/kingprint.mx\/plataforma\/producto\/100-cajas-para-pizza-mediana-con-impresion\/\",\"name\":\"100 Cajas para Pizza Mediana con Impresi\u00f3n - KingPrint\",\"isPartOf\":{\"@id\":\"https:\/\/kingprint.mx\/plataforma\/#website\"},\"primaryImageOfPage\":{\"@id\":\"https:\/\/kingprint.mx\/plataforma\/producto\/100-cajas-para-pizza-mediana-con-impresion\/#primaryimage\"},\"image\":{\"@id\":\"https:\/\/kingprint.mx\/plataforma\/producto\/100-cajas-para-pizza-mediana-con-impresion\/#primaryimage\"},\"thumbnailUrl\":\"https:\/\/kingprint.mx\/plataforma\/wp-content\/uploads\/2019\/10\/5808-C.jpg\",\"datePublished\":\"2019-10-16T22:30:29+00:00\",\"dateModified\":\"2025-11-08T05:49:35+00:00\",\"description\":\"Cajas de pizza personalizadas con impresi\u00f3n. Dise\u00f1a tu caja con tu logo, imagen o mensaje. Ideal para pizzer\u00edas y eventos Haz que tu marca destaque.\",\"breadcrumb\":{\"@id\":\"https:\/\/kingprint.mx\/plataforma\/producto\/100-cajas-para-pizza-mediana-con-impresion\/#breadcrumb\"},\"inLanguage\":\"es\",\"potentialAction\":[{\"@type\":\"ReadAction\",\"target\":[\"https:\/\/kingprint.mx\/plataforma\/producto\/100-cajas-para-pizza-mediana-con-impresion\/\"]}]},{\"@type\":\"ImageObject\",\"inLanguage\":\"es\",\"@id\":\"https:\/\/kingprint.mx\/plataforma\/producto\/100-cajas-para-pizza-mediana-con-impresion\/#primaryimage\",\"url\":\"https:\/\/kingprint.mx\/plataforma\/wp-content\/uploads\/2019\/10\/5808-C.jpg\",\"contentUrl\":\"https:\/\/kingprint.mx\/plataforma\/wp-content\/uploads\/2019\/10\/5808-C.jpg\",\"width\":2448,\"height\":2448},{\"@type\":\"BreadcrumbList\",\"@id\":\"https:\/\/kingprint.mx\/plataforma\/producto\/100-cajas-para-pizza-mediana-con-impresion\/#breadcrumb\",\"itemListElement\":[{\"@type\":\"ListItem\",\"position\":1,\"name\":\"Portada\",\"item\":\"https:\/\/kingprint.mx\/plataforma\/\"},{\"@type\":\"ListItem\",\"position\":2,\"name\":\"Tienda\",\"item\":\"https:\/\/kingprint.mx\/plataforma\/tienda\/\"},{\"@type\":\"ListItem\",\"position\":3,\"name\":\"100 Cajas para Pizza Mediana con Impresi\u00f3n\"}]},{\"@type\":\"WebSite\",\"@id\":\"https:\/\/kingprint.mx\/plataforma\/#website\",\"url\":\"https:\/\/kingprint.mx\/plataforma\/\",\"name\":\"KingPrint\",\"description\":\"Especialistas en: Cajas, Empaques, Stickers, Vinil, Serigraf\u00eda, Offset, Textiles y M\u00e1s.\",\"publisher\":{\"@id\":\"https:\/\/kingprint.mx\/plataforma\/#organization\"},\"potentialAction\":[{\"@type\":\"SearchAction\",\"target\":{\"@type\":\"EntryPoint\",\"urlTemplate\":\"https:\/\/kingprint.mx\/plataforma\/?s={search_term_string}\"},\"query-input\":{\"@type\":\"PropertyValueSpecification\",\"valueRequired\":true,\"valueName\":\"search_term_string\"}}],\"inLanguage\":\"es\"},{\"@type\":\"Organization\",\"@id\":\"https:\/\/kingprint.mx\/plataforma\/#organization\",\"name\":\"KingPrint\",\"url\":\"https:\/\/kingprint.mx\/plataforma\/\",\"logo\":{\"@type\":\"ImageObject\",\"inLanguage\":\"es\",\"@id\":\"https:\/\/kingprint.mx\/plataforma\/#\/schema\/logo\/image\/\",\"url\":\"https:\/\/kingprint.mx\/plataforma\/wp-content\/uploads\/2019\/11\/logomaps.png\",\"contentUrl\":\"https:\/\/kingprint.mx\/plataforma\/wp-content\/uploads\/2019\/11\/logomaps.png\",\"width\":315,\"height\":315,\"caption\":\"KingPrint\"},\"image\":{\"@id\":\"https:\/\/kingprint.mx\/plataforma\/#\/schema\/logo\/image\/\"},\"sameAs\":[\"https:\/\/www.facebook.com\/thekingprint\",\"https:\/\/x.com\/KingPrintMex\",\"https:\/\/www.instagram.com\/kingprintmx\/\",\"https:\/\/www.pinterest.com.mx\/kingprintmx\/\",\"https:\/\/www.youtube.com\/channel\/UCFXL84sx-XMcb2te5YV7dKQ\"]}]}<\/script>\n<!-- \/ Yoast SEO plugin. -->","yoast_head_json":{"title":"100 Cajas para Pizza Mediana con Impresi\u00f3n - KingPrint","description":"Cajas de pizza personalizadas con impresi\u00f3n. Dise\u00f1a tu caja con tu logo, imagen o mensaje. Ideal para pizzer\u00edas y eventos Haz que tu marca destaque.","robots":{"index":"index","follow":"follow","max-snippet":"max-snippet:-1","max-image-preview":"max-image-preview:large","max-video-preview":"max-video-preview:-1"},"canonical":"https:\/\/kingprint.mx\/plataforma\/producto\/100-cajas-para-pizza-mediana-con-impresion\/","og_locale":"es_ES","og_type":"article","og_title":"Caja de pizza personalizada","og_description":"Cajas de pizza personalizadas con impresi\u00f3n. Dise\u00f1a tu caja con tu logo, imagen o mensaje. Ideal para pizzer\u00edas y eventos Haz que tu marca destaque.","og_url":"https:\/\/kingprint.mx\/plataforma\/producto\/100-cajas-para-pizza-mediana-con-impresion\/","og_site_name":"KingPrint","article_publisher":"https:\/\/www.facebook.com\/thekingprint","article_modified_time":"2025-11-08T05:49:35+00:00","og_image":[{"width":2448,"height":2448,"url":"https:\/\/kingprint.mx\/plataforma\/wp-content\/uploads\/2019\/10\/5808-C.jpg","type":"image\/jpeg"}],"twitter_card":"summary_large_image","twitter_title":"Caja de pizza personalizada","twitter_description":"Cajas de pizza personalizadas con impresi\u00f3n. Dise\u00f1a tu caja con tu logo, imagen o mensaje. Ideal para pizzer\u00edas y eventos Haz que tu marca destaque.","twitter_image":"https:\/\/kingprint.mx\/plataforma\/wp-content\/uploads\/2019\/10\/5808-C.jpg","twitter_site":"@KingPrintMex","twitter_misc":{"Tiempo de lectura":"1 minuto"},"schema":{"@context":"https:\/\/schema.org","@graph":[{"@type":"WebPage","@id":"https:\/\/kingprint.mx\/plataforma\/producto\/100-cajas-para-pizza-mediana-con-impresion\/","url":"https:\/\/kingprint.mx\/plataforma\/producto\/100-cajas-para-pizza-mediana-con-impresion\/","name":"100 Cajas para Pizza Mediana con Impresi\u00f3n - KingPrint","isPartOf":{"@id":"https:\/\/kingprint.mx\/plataforma\/#website"},"primaryImageOfPage":{"@id":"https:\/\/kingprint.mx\/plataforma\/producto\/100-cajas-para-pizza-mediana-con-impresion\/#primaryimage"},"image":{"@id":"https:\/\/kingprint.mx\/plataforma\/producto\/100-cajas-para-pizza-mediana-con-impresion\/#primaryimage"},"thumbnailUrl":"https:\/\/kingprint.mx\/plataforma\/wp-content\/uploads\/2019\/10\/5808-C.jpg","datePublished":"2019-10-16T22:30:29+00:00","dateModified":"2025-11-08T05:49:35+00:00","description":"Cajas de pizza personalizadas con impresi\u00f3n. Dise\u00f1a tu caja con tu logo, imagen o mensaje. Ideal para pizzer\u00edas y eventos Haz que tu marca destaque.","breadcrumb":{"@id":"https:\/\/kingprint.mx\/plataforma\/producto\/100-cajas-para-pizza-mediana-con-impresion\/#breadcrumb"},"inLanguage":"es","potentialAction":[{"@type":"ReadAction","target":["https:\/\/kingprint.mx\/plataforma\/producto\/100-cajas-para-pizza-mediana-con-impresion\/"]}]},{"@type":"ImageObject","inLanguage":"es","@id":"https:\/\/kingprint.mx\/plataforma\/producto\/100-cajas-para-pizza-mediana-con-impresion\/#primaryimage","url":"https:\/\/kingprint.mx\/plataforma\/wp-content\/uploads\/2019\/10\/5808-C.jpg","contentUrl":"https:\/\/kingprint.mx\/plataforma\/wp-content\/uploads\/2019\/10\/5808-C.jpg","width":2448,"height":2448},{"@type":"BreadcrumbList","@id":"https:\/\/kingprint.mx\/plataforma\/producto\/100-cajas-para-pizza-mediana-con-impresion\/#breadcrumb","itemListElement":[{"@type":"ListItem","position":1,"name":"Portada","item":"https:\/\/kingprint.mx\/plataforma\/"},{"@type":"ListItem","position":2,"name":"Tienda","item":"https:\/\/kingprint.mx\/plataforma\/tienda\/"},{"@type":"ListItem","position":3,"name":"100 Cajas para Pizza Mediana con Impresi\u00f3n"}]},{"@type":"WebSite","@id":"https:\/\/kingprint.mx\/plataforma\/#website","url":"https:\/\/kingprint.mx\/plataforma\/","name":"KingPrint","description":"Especialistas en: Cajas, Empaques, Stickers, Vinil, Serigraf\u00eda, Offset, Textiles y M\u00e1s.","publisher":{"@id":"https:\/\/kingprint.mx\/plataforma\/#organization"},"potentialAction":[{"@type":"SearchAction","target":{"@type":"EntryPoint","urlTemplate":"https:\/\/kingprint.mx\/plataforma\/?s={search_term_string}"},"query-input":{"@type":"PropertyValueSpecification","valueRequired":true,"valueName":"search_term_string"}}],"inLanguage":"es"},{"@type":"Organization","@id":"https:\/\/kingprint.mx\/plataforma\/#organization","name":"KingPrint","url":"https:\/\/kingprint.mx\/plataforma\/","logo":{"@type":"ImageObject","inLanguage":"es","@id":"https:\/\/kingprint.mx\/plataforma\/#\/schema\/logo\/image\/","url":"https:\/\/kingprint.mx\/plataforma\/wp-content\/uploads\/2019\/11\/logomaps.png","contentUrl":"https:\/\/kingprint.mx\/plataforma\/wp-content\/uploads\/2019\/11\/logomaps.png","width":315,"height":315,"caption":"KingPrint"},"image":{"@id":"https:\/\/kingprint.mx\/plataforma\/#\/schema\/logo\/image\/"},"sameAs":["https:\/\/www.facebook.com\/thekingprint","https:\/\/x.com\/KingPrintMex","https:\/\/www.instagram.com\/kingprintmx\/","https:\/\/www.pinterest.com.mx\/kingprintmx\/","https:\/\/www.youtube.com\/channel\/UCFXL84sx-XMcb2te5YV7dKQ"]}]}},"_links":{"self":[{"href":"https:\/\/kingprint.mx\/plataforma\/wp-json\/wp\/v2\/product\/9015","targetHints":{"allow":["GET"]}}],"collection":[{"href":"https:\/\/kingprint.mx\/plataforma\/wp-json\/wp\/v2\/product"}],"about":[{"href":"https:\/\/kingprint.mx\/plataforma\/wp-json\/wp\/v2\/types\/product"}],"wp:featuredmedia":[{"embeddable":true,"href":"https:\/\/kingprint.mx\/plataforma\/wp-json\/wp\/v2\/media\/9017"}],"wp:attachment":[{"href":"https:\/\/kingprint.mx\/plataforma\/wp-json\/wp\/v2\/media?parent=9015"}],"wp:term":[{"taxonomy":"product_brand","embeddable":true,"href":"https:\/\/kingprint.mx\/plataforma\/wp-json\/wp\/v2\/product_brand?post=9015"},{"taxonomy":"product_cat","embeddable":true,"href":"https:\/\/kingprint.mx\/plataforma\/wp-json\/wp\/v2\/product_cat?post=9015"},{"taxonomy":"product_tag","embeddable":true,"href":"https:\/\/kingprint.mx\/plataforma\/wp-json\/wp\/v2\/product_tag?post=9015"}],"curies":[{"name":"wp","href":"https:\/\/api.w.org\/{rel}","templated":true}]}}