{"id":9591,"date":"2020-03-24T21:10:32","date_gmt":"2020-03-24T21:10:32","guid":{"rendered":"https:\/\/kingprint.mx\/plataforma\/?post_type=product&#038;p=9591"},"modified":"2025-11-06T05:06:12","modified_gmt":"2025-11-06T05:06:12","slug":"200-bolsas-fondo-automatico-c-asa-30-cm","status":"publish","type":"product","link":"https:\/\/kingprint.mx\/plataforma\/producto\/200-bolsas-fondo-automatico-c-asa-30-cm\/","title":{"rendered":"200 Bolsas fondo autom\u00e1tico c\/asa 30 cm"},"content":{"rendered":"<p><em><span style=\"color: #ff0000;\"><b>Tiempo de Producci\u00f3n: 7 d\u00edas h\u00e1biles.<\/b><\/span><\/em><\/p>\n<p><em><span style=\"color: #ff0000;\"><b>Precio basado en 200 unidades.<\/b><\/span><\/em><\/p>\n","protected":false},"excerpt":{"rendered":"<p><strong>-Con asa cord\u00f3n<\/strong><br \/>\n<strong>-Medidas: 30 x 23 x 39 cm.<\/strong><br \/>\n<strong>-Se env\u00edan en Paquete de 200 piezas<\/strong><br \/>\n<b> -Se puede Personalizar con su logotipo con costo adicional.<\/b><\/p>\n<a class=\"button  button_size_2\" href=\"https:\/\/kingprint.mx\/plataforma\/producto\/200-bolsas-fondo-automatico-c-asa-30-cm-a-1-tinta\/\"     style=\"background-color:#F15A24!important;color:#FFFFFF;\"     title=\"\"><span class=\"button_label\"><strong>Bolsas Impresas<\/strong><\/span><\/a>\n\n","protected":false},"featured_media":10630,"template":"","meta":{"_joinchat":[]},"product_brand":[],"product_cat":[350,389,451,351,450],"product_tag":[463,352,353,354,355,356],"class_list":{"0":"post-9591","1":"product","2":"type-product","3":"status-publish","4":"has-post-thumbnail","6":"product_cat-bolsas","7":"product_cat-complemento","8":"product_cat-con-impresion-bolsas","9":"product_cat-de-papel","10":"product_cat-paquete-de-500","11":"product_tag-bolsa-de-papel-impresa","12":"product_tag-bolsas","13":"product_tag-bolsas-de-papel","14":"product_tag-bolsas-de-papel-impresas","15":"product_tag-bolsas-de-papel-serigrafia","16":"product_tag-bolsas-serigrafia","18":"first","19":"instock","20":"shipping-taxable","21":"purchasable","22":"product-type-simple"},"yoast_head":"<!-- This site is optimized with the Yoast SEO plugin v27.0 - https:\/\/yoast.com\/product\/yoast-seo-wordpress\/ -->\n<title>200 Bolsas fondo autom\u00e1tico c\/asa 30 cm - KingPrint<\/title>\n<meta name=\"robots\" content=\"index, follow, max-snippet:-1, max-image-preview:large, max-video-preview:-1\" \/>\n<link rel=\"canonical\" href=\"https:\/\/kingprint.mx\/plataforma\/producto\/200-bolsas-fondo-automatico-c-asa-30-cm\/\" \/>\n<meta property=\"og:locale\" content=\"es_ES\" \/>\n<meta property=\"og:type\" content=\"article\" \/>\n<meta property=\"og:title\" content=\"200 Bolsas fondo autom\u00e1tico c\/asa 30 cm - KingPrint\" \/>\n<meta property=\"og:description\" content=\"-Con asa cord\u00f3n -Medidas: 30 x 23 x 39 cm. -Se env\u00edan en Paquete de 200 piezas  -Se puede Personalizar con su logotipo con costo adicional.\" \/>\n<meta property=\"og:url\" content=\"https:\/\/kingprint.mx\/plataforma\/producto\/200-bolsas-fondo-automatico-c-asa-30-cm\/\" \/>\n<meta property=\"og:site_name\" content=\"KingPrint\" \/>\n<meta property=\"article:publisher\" content=\"https:\/\/www.facebook.com\/thekingprint\" \/>\n<meta property=\"article:modified_time\" content=\"2025-11-06T05:06:12+00:00\" \/>\n<meta property=\"og:image\" content=\"https:\/\/kingprint.mx\/plataforma\/wp-content\/uploads\/2020\/03\/30x23x39.png\" \/>\n\t<meta property=\"og:image:width\" content=\"600\" \/>\n\t<meta property=\"og:image:height\" content=\"830\" \/>\n\t<meta property=\"og:image:type\" content=\"image\/png\" \/>\n<meta name=\"twitter:card\" content=\"summary_large_image\" \/>\n<meta name=\"twitter:site\" content=\"@KingPrintMex\" \/>\n<meta name=\"twitter:label1\" content=\"Tiempo de lectura\" \/>\n\t<meta name=\"twitter:data1\" content=\"1 minuto\" \/>\n<script type=\"application\/ld+json\" class=\"yoast-schema-graph\">{\"@context\":\"https:\/\/schema.org\",\"@graph\":[{\"@type\":\"WebPage\",\"@id\":\"https:\/\/kingprint.mx\/plataforma\/producto\/200-bolsas-fondo-automatico-c-asa-30-cm\/\",\"url\":\"https:\/\/kingprint.mx\/plataforma\/producto\/200-bolsas-fondo-automatico-c-asa-30-cm\/\",\"name\":\"200 Bolsas fondo autom\u00e1tico c\/asa 30 cm - KingPrint\",\"isPartOf\":{\"@id\":\"https:\/\/kingprint.mx\/plataforma\/#website\"},\"primaryImageOfPage\":{\"@id\":\"https:\/\/kingprint.mx\/plataforma\/producto\/200-bolsas-fondo-automatico-c-asa-30-cm\/#primaryimage\"},\"image\":{\"@id\":\"https:\/\/kingprint.mx\/plataforma\/producto\/200-bolsas-fondo-automatico-c-asa-30-cm\/#primaryimage\"},\"thumbnailUrl\":\"https:\/\/kingprint.mx\/plataforma\/wp-content\/uploads\/2020\/03\/30x23x39.png\",\"datePublished\":\"2020-03-24T21:10:32+00:00\",\"dateModified\":\"2025-11-06T05:06:12+00:00\",\"breadcrumb\":{\"@id\":\"https:\/\/kingprint.mx\/plataforma\/producto\/200-bolsas-fondo-automatico-c-asa-30-cm\/#breadcrumb\"},\"inLanguage\":\"es\",\"potentialAction\":[{\"@type\":\"ReadAction\",\"target\":[\"https:\/\/kingprint.mx\/plataforma\/producto\/200-bolsas-fondo-automatico-c-asa-30-cm\/\"]}]},{\"@type\":\"ImageObject\",\"inLanguage\":\"es\",\"@id\":\"https:\/\/kingprint.mx\/plataforma\/producto\/200-bolsas-fondo-automatico-c-asa-30-cm\/#primaryimage\",\"url\":\"https:\/\/kingprint.mx\/plataforma\/wp-content\/uploads\/2020\/03\/30x23x39.png\",\"contentUrl\":\"https:\/\/kingprint.mx\/plataforma\/wp-content\/uploads\/2020\/03\/30x23x39.png\",\"width\":600,\"height\":830},{\"@type\":\"BreadcrumbList\",\"@id\":\"https:\/\/kingprint.mx\/plataforma\/producto\/200-bolsas-fondo-automatico-c-asa-30-cm\/#breadcrumb\",\"itemListElement\":[{\"@type\":\"ListItem\",\"position\":1,\"name\":\"Portada\",\"item\":\"https:\/\/kingprint.mx\/plataforma\/\"},{\"@type\":\"ListItem\",\"position\":2,\"name\":\"Tienda\",\"item\":\"https:\/\/kingprint.mx\/plataforma\/tienda\/\"},{\"@type\":\"ListItem\",\"position\":3,\"name\":\"200 Bolsas fondo autom\u00e1tico c\/asa 30 cm\"}]},{\"@type\":\"WebSite\",\"@id\":\"https:\/\/kingprint.mx\/plataforma\/#website\",\"url\":\"https:\/\/kingprint.mx\/plataforma\/\",\"name\":\"KingPrint\",\"description\":\"Especialistas en: Cajas, Empaques, Stickers, Vinil, Serigraf\u00eda, Offset, Textiles y M\u00e1s.\",\"publisher\":{\"@id\":\"https:\/\/kingprint.mx\/plataforma\/#organization\"},\"potentialAction\":[{\"@type\":\"SearchAction\",\"target\":{\"@type\":\"EntryPoint\",\"urlTemplate\":\"https:\/\/kingprint.mx\/plataforma\/?s={search_term_string}\"},\"query-input\":{\"@type\":\"PropertyValueSpecification\",\"valueRequired\":true,\"valueName\":\"search_term_string\"}}],\"inLanguage\":\"es\"},{\"@type\":\"Organization\",\"@id\":\"https:\/\/kingprint.mx\/plataforma\/#organization\",\"name\":\"KingPrint\",\"url\":\"https:\/\/kingprint.mx\/plataforma\/\",\"logo\":{\"@type\":\"ImageObject\",\"inLanguage\":\"es\",\"@id\":\"https:\/\/kingprint.mx\/plataforma\/#\/schema\/logo\/image\/\",\"url\":\"https:\/\/kingprint.mx\/plataforma\/wp-content\/uploads\/2019\/11\/logomaps.png\",\"contentUrl\":\"https:\/\/kingprint.mx\/plataforma\/wp-content\/uploads\/2019\/11\/logomaps.png\",\"width\":315,\"height\":315,\"caption\":\"KingPrint\"},\"image\":{\"@id\":\"https:\/\/kingprint.mx\/plataforma\/#\/schema\/logo\/image\/\"},\"sameAs\":[\"https:\/\/www.facebook.com\/thekingprint\",\"https:\/\/x.com\/KingPrintMex\",\"https:\/\/www.instagram.com\/kingprintmx\/\",\"https:\/\/www.pinterest.com.mx\/kingprintmx\/\",\"https:\/\/www.youtube.com\/channel\/UCFXL84sx-XMcb2te5YV7dKQ\"]}]}<\/script>\n<!-- \/ Yoast SEO plugin. -->","yoast_head_json":{"title":"200 Bolsas fondo autom\u00e1tico c\/asa 30 cm - KingPrint","robots":{"index":"index","follow":"follow","max-snippet":"max-snippet:-1","max-image-preview":"max-image-preview:large","max-video-preview":"max-video-preview:-1"},"canonical":"https:\/\/kingprint.mx\/plataforma\/producto\/200-bolsas-fondo-automatico-c-asa-30-cm\/","og_locale":"es_ES","og_type":"article","og_title":"200 Bolsas fondo autom\u00e1tico c\/asa 30 cm - KingPrint","og_description":"-Con asa cord\u00f3n -Medidas: 30 x 23 x 39 cm. -Se env\u00edan en Paquete de 200 piezas  -Se puede Personalizar con su logotipo con costo adicional.","og_url":"https:\/\/kingprint.mx\/plataforma\/producto\/200-bolsas-fondo-automatico-c-asa-30-cm\/","og_site_name":"KingPrint","article_publisher":"https:\/\/www.facebook.com\/thekingprint","article_modified_time":"2025-11-06T05:06:12+00:00","og_image":[{"width":600,"height":830,"url":"https:\/\/kingprint.mx\/plataforma\/wp-content\/uploads\/2020\/03\/30x23x39.png","type":"image\/png"}],"twitter_card":"summary_large_image","twitter_site":"@KingPrintMex","twitter_misc":{"Tiempo de lectura":"1 minuto"},"schema":{"@context":"https:\/\/schema.org","@graph":[{"@type":"WebPage","@id":"https:\/\/kingprint.mx\/plataforma\/producto\/200-bolsas-fondo-automatico-c-asa-30-cm\/","url":"https:\/\/kingprint.mx\/plataforma\/producto\/200-bolsas-fondo-automatico-c-asa-30-cm\/","name":"200 Bolsas fondo autom\u00e1tico c\/asa 30 cm - KingPrint","isPartOf":{"@id":"https:\/\/kingprint.mx\/plataforma\/#website"},"primaryImageOfPage":{"@id":"https:\/\/kingprint.mx\/plataforma\/producto\/200-bolsas-fondo-automatico-c-asa-30-cm\/#primaryimage"},"image":{"@id":"https:\/\/kingprint.mx\/plataforma\/producto\/200-bolsas-fondo-automatico-c-asa-30-cm\/#primaryimage"},"thumbnailUrl":"https:\/\/kingprint.mx\/plataforma\/wp-content\/uploads\/2020\/03\/30x23x39.png","datePublished":"2020-03-24T21:10:32+00:00","dateModified":"2025-11-06T05:06:12+00:00","breadcrumb":{"@id":"https:\/\/kingprint.mx\/plataforma\/producto\/200-bolsas-fondo-automatico-c-asa-30-cm\/#breadcrumb"},"inLanguage":"es","potentialAction":[{"@type":"ReadAction","target":["https:\/\/kingprint.mx\/plataforma\/producto\/200-bolsas-fondo-automatico-c-asa-30-cm\/"]}]},{"@type":"ImageObject","inLanguage":"es","@id":"https:\/\/kingprint.mx\/plataforma\/producto\/200-bolsas-fondo-automatico-c-asa-30-cm\/#primaryimage","url":"https:\/\/kingprint.mx\/plataforma\/wp-content\/uploads\/2020\/03\/30x23x39.png","contentUrl":"https:\/\/kingprint.mx\/plataforma\/wp-content\/uploads\/2020\/03\/30x23x39.png","width":600,"height":830},{"@type":"BreadcrumbList","@id":"https:\/\/kingprint.mx\/plataforma\/producto\/200-bolsas-fondo-automatico-c-asa-30-cm\/#breadcrumb","itemListElement":[{"@type":"ListItem","position":1,"name":"Portada","item":"https:\/\/kingprint.mx\/plataforma\/"},{"@type":"ListItem","position":2,"name":"Tienda","item":"https:\/\/kingprint.mx\/plataforma\/tienda\/"},{"@type":"ListItem","position":3,"name":"200 Bolsas fondo autom\u00e1tico c\/asa 30 cm"}]},{"@type":"WebSite","@id":"https:\/\/kingprint.mx\/plataforma\/#website","url":"https:\/\/kingprint.mx\/plataforma\/","name":"KingPrint","description":"Especialistas en: Cajas, Empaques, Stickers, Vinil, Serigraf\u00eda, Offset, Textiles y M\u00e1s.","publisher":{"@id":"https:\/\/kingprint.mx\/plataforma\/#organization"},"potentialAction":[{"@type":"SearchAction","target":{"@type":"EntryPoint","urlTemplate":"https:\/\/kingprint.mx\/plataforma\/?s={search_term_string}"},"query-input":{"@type":"PropertyValueSpecification","valueRequired":true,"valueName":"search_term_string"}}],"inLanguage":"es"},{"@type":"Organization","@id":"https:\/\/kingprint.mx\/plataforma\/#organization","name":"KingPrint","url":"https:\/\/kingprint.mx\/plataforma\/","logo":{"@type":"ImageObject","inLanguage":"es","@id":"https:\/\/kingprint.mx\/plataforma\/#\/schema\/logo\/image\/","url":"https:\/\/kingprint.mx\/plataforma\/wp-content\/uploads\/2019\/11\/logomaps.png","contentUrl":"https:\/\/kingprint.mx\/plataforma\/wp-content\/uploads\/2019\/11\/logomaps.png","width":315,"height":315,"caption":"KingPrint"},"image":{"@id":"https:\/\/kingprint.mx\/plataforma\/#\/schema\/logo\/image\/"},"sameAs":["https:\/\/www.facebook.com\/thekingprint","https:\/\/x.com\/KingPrintMex","https:\/\/www.instagram.com\/kingprintmx\/","https:\/\/www.pinterest.com.mx\/kingprintmx\/","https:\/\/www.youtube.com\/channel\/UCFXL84sx-XMcb2te5YV7dKQ"]}]}},"_links":{"self":[{"href":"https:\/\/kingprint.mx\/plataforma\/wp-json\/wp\/v2\/product\/9591","targetHints":{"allow":["GET"]}}],"collection":[{"href":"https:\/\/kingprint.mx\/plataforma\/wp-json\/wp\/v2\/product"}],"about":[{"href":"https:\/\/kingprint.mx\/plataforma\/wp-json\/wp\/v2\/types\/product"}],"wp:featuredmedia":[{"embeddable":true,"href":"https:\/\/kingprint.mx\/plataforma\/wp-json\/wp\/v2\/media\/10630"}],"wp:attachment":[{"href":"https:\/\/kingprint.mx\/plataforma\/wp-json\/wp\/v2\/media?parent=9591"}],"wp:term":[{"taxonomy":"product_brand","embeddable":true,"href":"https:\/\/kingprint.mx\/plataforma\/wp-json\/wp\/v2\/product_brand?post=9591"},{"taxonomy":"product_cat","embeddable":true,"href":"https:\/\/kingprint.mx\/plataforma\/wp-json\/wp\/v2\/product_cat?post=9591"},{"taxonomy":"product_tag","embeddable":true,"href":"https:\/\/kingprint.mx\/plataforma\/wp-json\/wp\/v2\/product_tag?post=9591"}],"curies":[{"name":"wp","href":"https:\/\/api.w.org\/{rel}","templated":true}]}}